{"id":5006,"date":"2023-04-12T16:21:54","date_gmt":"2023-04-12T15:21:54","guid":{"rendered":"http:\/\/blog.cgcpresse.fr\/?page_id=5006"},"modified":"2023-04-12T16:44:36","modified_gmt":"2023-04-12T15:44:36","slug":"lintersyndicale-maintient-la-pression-sur-lexecutif","status":"publish","type":"page","link":"https:\/\/blog.cgcpresse.fr\/?page_id=5006","title":{"rendered":"L\u2019intersyndicale maintient la pression sur l\u2019ex\u00e9cutif"},"content":{"rendered":"<div class=\"intel d-inline-block\">\n<h5><a href=\"http:\/\/cgcpresse.info\/wordpress\/?attachment_id=2628\" rel=\"attachment wp-att-2628\"><img loading=\"lazy\" decoding=\"async\" class=\"size-thumbnail wp-image-3885 alignnone\" src=\"https:\/\/blog.cgcpresse.fr\/wp-content\/uploads\/2022\/06\/Logo-CFE-CGC-2016-transparent-144x150.png\" sizes=\"auto, (max-width: 144px) 100vw, 144px\" srcset=\"https:\/\/blog.cgcpresse.fr\/wp-content\/uploads\/2022\/06\/Logo-CFE-CGC-2016-transparent-144x150.png 144w, https:\/\/blog.cgcpresse.fr\/wp-content\/uploads\/2022\/06\/Logo-CFE-CGC-2016-transparent.png 199w\" alt=\"\" width=\"144\" height=\"150\" \/><\/a><span style=\"color: #ec519b;\">\u2022\u2022\u2022\u2022\u2022\u2022\u2022\u2022\u2022\u2022\u2022\u2022\u2022\u2022\u2022\u2022\u2022\u2022\u2022 <\/span><span style=\"color: #1b499b;\">Au lendemain d\u2019une rencontre \u00e0 Matignon ayant tourn\u00e9 court, l\u2019intersyndicale a organis\u00e9 jeudi 6 avril une 11e journ\u00e9e de mobilisation pour le retrait de la loi. La prochaine est pr\u00e9vue le 13 avril, \u00e0 la veille des d\u00e9cisions du Conseil constitutionnel.<\/span><\/h5>\n<\/div>\n<div class=\"txt-img-pp\">\n<article><img decoding=\"async\" class=\"max_w\" src=\"https:\/\/www.cfecgc.org\/uploads\/media\/642fd44f78351\/11e-mobilisation-382x263.jpg\" alt=\"\" \/><\/article>\n<h5><span style=\"color: #1b499b;\">L\u2019unit\u00e9 intersyndicale pour le retrait de la loi r\u00e9formant les retraites ne se d\u00e9ment pas. En rangs serr\u00e9s \u00e0 Matignon mercredi 5 avril <a href=\"https:\/\/blog.cgcpresse.fr\/wp-content\/uploads\/2023\/04\/2023-04-05-Declaration-intersyndicale-a-Matignon.pdf\" target=\"_blank\" rel=\"noopener\">lors d&rsquo;une rencontre avec \u00c9lisabeth Borne qui a tourn\u00e9 court<\/a> tant l\u2019ex\u00e9cutif demeure inflexible sur le maintien d\u2019un texte injuste et brutal, les leaders syndicaux ont d\u00e9fil\u00e9 le 6 avril \u00e0 l\u2019occasion d\u2019une onzi\u00e8me journ\u00e9e nationale de mobilisation qui a encore vu une foule de salari\u00e9s et de citoyens exprimer leur opposition dans des cort\u00e8ges une nouvelle fois copieusement garnis de militants CFE-CGC.<\/span><\/h5>\n<\/div>\n<div class=\"exergue-pp\">\n<div class=\"col-1\"><span style=\"color: #1b499b;\"><img decoding=\"async\" class=\"alignleft\" src=\"https:\/\/www.cfecgc.org\/assets\/img\/picto_quote.png\" \/><\/span><\/div>\n<div class=\"col-11\">\n<blockquote>\n<h5><span style=\"color: #1b499b;\">Nous sommes soud\u00e9s jusqu\u2019au retrait de la loi, j\u2019y crois plus que jamais \u00bb<\/span><br \/>\n<span style=\"color: #1b499b;\"><em>\u00ab\u00a0Nous sommes soud\u00e9s jusqu\u2019au retrait de la loi, <\/em>a indiqu\u00e9 jeudi soir Fran\u00e7ois Hommeril, pr\u00e9sident de la CFE-CGC, sur le plateau de LCI . <em>Notre objectif est de faire plier le gouvernement pour que cette loi soit retir\u00e9e. J\u2019y crois plus que jamais. La puissance du mouvement social que nous repr\u00e9sentons s\u2019est exprim\u00e9e mercredi \u00e0 Matignon. En face de nous, nous avons vu un ex\u00e9cutif \u00e0 bout d\u2019arguments, si ce n\u2019est de toujours faire r\u00e9f\u00e9rence \u00e0 une r\u00e9forme qui serait n\u00e9cessaire. Or, ce match-l\u00e0, on l\u2019a gagn\u00e9 depuis longtemps.\u00a0\u00bb<\/em><\/span><\/h5>\n<\/blockquote>\n<\/div>\n<\/div>\n<div class=\"text-pp\">\n<h5><span style=\"color: #1b499b;\">Le pr\u00e9sident conf\u00e9d\u00e9ral a cibl\u00e9 une nouvelle fois Emmanuel Macron\u00a0: <em>\u00ab\u00a0Je remarque que les deux journ\u00e9es les plus fortes de contestations ont \u00e9t\u00e9 celles du 7 mars et du 23 mars, chaque fois apr\u00e8s une intervention du pr\u00e9sident de la R\u00e9publique. Aujourd\u2019hui, la derni\u00e8re personne qui bloque la situation, c\u2019est Emmanuel Macron, \u00e0 vouloir imposer de force cette mesure de d\u00e9calage de 62 \u00e0 64 ans de l\u2019\u00e2ge l\u00e9gal de d\u00e9part \u00e0 la retraite. Ce serait une forme de sagesse de sa part que de dire \u00ab\u00a0j\u2019ai compris, on a un vrai probl\u00e8me, prenons le temps de travailler les vrais sujets.\u00a0\u00bb C\u2019est ce qu\u2019on lui demande.\u00a0\u00bb<\/em><\/span><\/h5>\n<h5><span style=\"color: #1b499b;\">Face \u00e0 un ex\u00e9cutif qui reste sourd \u00e0 l\u2019opposition majoritaire s\u2019exprimant dans le pays, les organisations syndicales et de jeunesse ont annonc\u00e9 une douzi\u00e8me journ\u00e9e de mobilisation et de gr\u00e8ves, jeudi 13 avril. Une date symbolique,\u00a0 <a href=\"https:\/\/blog.cgcpresse.fr\/?page_id=5028\" target=\"_blank\" rel=\"noopener\"><strong>\u00e0 la veille des d\u00e9cisions tr\u00e8s attendues du Conseil constitutionnel<\/strong>,<\/a> appel\u00e9 \u00e0 se prononcer sur la conformit\u00e9 de la loi r\u00e9formant les retraites, et sur la demande d\u2019un r\u00e9f\u00e9rendum d\u2019initiative partag\u00e9e (RIP).<\/span><\/h5>\n<h5><span style=\"color: #1b499b;\"><strong>CRISE D\u00c9MOCRATIQUE ET SOCIALE<br \/>\n<\/strong>\u00ab Aujourd\u2019hui encore, ce sont pr\u00e8s de 2 millions de travailleurs et travailleuses, jeunes et retrait\u00e9s, qui se sont mobilis\u00e9s dans le calme et la d\u00e9termination pour d\u00e9noncer cette r\u00e9forme injustifi\u00e9e, les r\u00e9gimes de retraite n\u2019\u00e9tant pas \u00ab\u00a0au bord de la faillite\u00a0\u00bb comme le pr\u00e9tend le gouvernement, <a href=\"https:\/\/blog.cgcpresse.fr\/wp-content\/uploads\/2023\/04\/2023-04-06-CP-Intersyndicale.pdf\" target=\"_blank\" rel=\"noopener\">souligne l&rsquo;intersyndicale dans un communiqu\u00e9<\/a>. Dans ce climat de fortes tensions que l\u2019on peut qualifier de grave crise d\u00e9mocratique et sociale, l\u2019ex\u00e9cutif s\u2019arc-boute et porte seul la responsabilit\u00e9 d\u2019une situation explosive dans l\u2019ensemble du pays. \u00bb<\/span><\/h5>\n<h5><span style=\"color: #1b499b;\">Alors que l\u2019intersyndicale a soumis au Conseil constitutionnel des argumentaires consid\u00e9rant que cette loi devrait \u00eatre d\u00e9clar\u00e9e contraire \u00e0 la Constitution, <em>\u00ab\u00a0nous faisons confiance \u00e0 la sagesse de ses membres \u00bb<\/em>, conclut Fran\u00e7ois Hommeril.<\/span><\/h5>\n<h5><span style=\"color: #1b499b;\"><strong>Mathieu Bahuet.<\/strong><\/span><\/h5>\n<h5><span class=\"publie\" style=\"color: #1b499b;\">Publi\u00e9 le <b>07 &#8211; 04 &#8211; 2023<\/b><\/span><\/h5>\n<\/div>\n","protected":false},"excerpt":{"rendered":"<p>\u2022\u2022\u2022\u2022\u2022\u2022\u2022\u2022\u2022\u2022\u2022\u2022\u2022\u2022\u2022\u2022\u2022\u2022\u2022 Au lendemain d\u2019une rencontre \u00e0 Matignon ayant tourn\u00e9 court, l\u2019intersyndicale a organis\u00e9 jeudi 6 avril une 11e journ\u00e9e de mobilisation pour le retrait de la loi. La prochaine est pr\u00e9vue le 13 avril, \u00e0 la veille des d\u00e9cisions du &hellip; <a href=\"https:\/\/blog.cgcpresse.fr\/?page_id=5006\">Continue reading <span class=\"meta-nav\">&rarr;<\/span><\/a><\/p>\n","protected":false},"author":1,"featured_media":0,"parent":0,"menu_order":0,"comment_status":"closed","ping_status":"closed","template":"","meta":{"footnotes":""},"class_list":["post-5006","page","type-page","status-publish","hentry"],"_links":{"self":[{"href":"https:\/\/blog.cgcpresse.fr\/index.php?rest_route=\/wp\/v2\/pages\/5006","targetHints":{"allow":["GET"]}}],"collection":[{"href":"https:\/\/blog.cgcpresse.fr\/index.php?rest_route=\/wp\/v2\/pages"}],"about":[{"href":"https:\/\/blog.cgcpresse.fr\/index.php?rest_route=\/wp\/v2\/types\/page"}],"author":[{"embeddable":true,"href":"https:\/\/blog.cgcpresse.fr\/index.php?rest_route=\/wp\/v2\/users\/1"}],"replies":[{"embeddable":true,"href":"https:\/\/blog.cgcpresse.fr\/index.php?rest_route=%2Fwp%2Fv2%2Fcomments&post=5006"}],"version-history":[{"count":17,"href":"https:\/\/blog.cgcpresse.fr\/index.php?rest_route=\/wp\/v2\/pages\/5006\/revisions"}],"predecessor-version":[{"id":5071,"href":"https:\/\/blog.cgcpresse.fr\/index.php?rest_route=\/wp\/v2\/pages\/5006\/revisions\/5071"}],"wp:attachment":[{"href":"https:\/\/blog.cgcpresse.fr\/index.php?rest_route=%2Fwp%2Fv2%2Fmedia&parent=5006"}],"curies":[{"name":"wp","href":"https:\/\/api.w.org\/{rel}","templated":true}]}}