{"id":4973,"date":"2023-04-05T13:10:51","date_gmt":"2023-04-05T12:10:51","guid":{"rendered":"http:\/\/blog.cgcpresse.fr\/?page_id=4973"},"modified":"2023-04-12T15:04:18","modified_gmt":"2023-04-12T14:04:18","slug":"9e-journee-manifestation-du-23-mars","status":"publish","type":"page","link":"https:\/\/blog.cgcpresse.fr\/?page_id=4973","title":{"rendered":"9e journ\u00e9e &#8211; Mobilisation du 23 mars"},"content":{"rendered":"\n<p><h5><a href=\"http:\/\/cgcpresse.info\/wordpress\/?attachment_id=2628\" rel=\"attachment wp-att-2628\"><img loading=\"lazy\" decoding=\"async\" class=\"size-thumbnail wp-image-3885 alignnone\" src=\"https:\/\/blog.cgcpresse.fr\/wp-content\/uploads\/2022\/06\/Logo-CFE-CGC-2016-transparent-144x150.png\" sizes=\"auto, (max-width: 144px) 100vw, 144px\" srcset=\"https:\/\/blog.cgcpresse.fr\/wp-content\/uploads\/2022\/06\/Logo-CFE-CGC-2016-transparent-144x150.png 144w, https:\/\/blog.cgcpresse.fr\/wp-content\/uploads\/2022\/06\/Logo-CFE-CGC-2016-transparent.png 199w\" alt=\"\" width=\"144\" height=\"150\"><\/a><\/h5>\n<a href=\"https:\/\/blog.cgcpresse.fr\/wp-content\/uploads\/2023\/04\/2023-03-23-Visuel-scaled.jpg\"><img loading=\"lazy\" decoding=\"async\" class=\"aligncenter size-full wp-image-4975\" src=\"https:\/\/blog.cgcpresse.fr\/wp-content\/uploads\/2023\/04\/2023-03-23-Visuel-scaled.jpg\" alt=\"\" width=\"2560\" height=\"1429\" srcset=\"https:\/\/blog.cgcpresse.fr\/wp-content\/uploads\/2023\/04\/2023-03-23-Visuel-scaled.jpg 2560w, https:\/\/blog.cgcpresse.fr\/wp-content\/uploads\/2023\/04\/2023-03-23-Visuel-300x168.jpg 300w, https:\/\/blog.cgcpresse.fr\/wp-content\/uploads\/2023\/04\/2023-03-23-Visuel-1024x572.jpg 1024w, https:\/\/blog.cgcpresse.fr\/wp-content\/uploads\/2023\/04\/2023-03-23-Visuel-150x84.jpg 150w, https:\/\/blog.cgcpresse.fr\/wp-content\/uploads\/2023\/04\/2023-03-23-Visuel-768x429.jpg 768w, https:\/\/blog.cgcpresse.fr\/wp-content\/uploads\/2023\/04\/2023-03-23-Visuel-1536x858.jpg 1536w, https:\/\/blog.cgcpresse.fr\/wp-content\/uploads\/2023\/04\/2023-03-23-Visuel-2048x1144.jpg 2048w\" sizes=\"auto, (max-width: 2560px) 100vw, 2560px\" \/><\/a><\/p>\n\n\n<div class=\"entry-content\">\n<h5><span style=\"color: #ec519b;\">\u2022\u2022\u2022\u2022\u2022\u2022\u2022\u2022\u2022\u2022\u2022\u2022\u2022\u2022\u2022\u2022\u2022\u2022\u2022<\/span> <span style=\"color: #1b499b;\">La mobilisation sociale s\u2019accentue, c\u2019est l\u2019heure du retrait !<\/span><br><span style=\"color: #1b499b;\">L&rsquo;intersyndicale r\u00e9affirme que contrairement aux propos du pr\u00e9sident de la R\u00e9publique, de nombreuses alternatives aux mesures d&rsquo;\u00e2ge ont \u00e9t\u00e9 formul\u00e9es. Aucune n&rsquo;a \u00e9t\u00e9 s\u00e9rieusement \u00e9tudi\u00e9e. Le puissant rejet social de ce projet est l\u00e9gitime et son expression doit se poursuivre. Revendiquant le retrait de la r\u00e9forme des retraites, l&rsquo;intersyndicale appelle \u00e0 continuer de se mobiliser.<\/span><\/h5>\n<p><a href=\"https:\/\/blog.cgcpresse.fr\/wp-content\/uploads\/2023\/04\/2023-03-23-cp-intersyndical.pdf\" target=\"_blank\" rel=\"noopener\"><img loading=\"lazy\" decoding=\"async\" class=\"aligncenter wp-image-4996 size-full\" src=\"https:\/\/blog.cgcpresse.fr\/wp-content\/uploads\/2023\/04\/2023-03-23-communique-intersyndical_la_mobilisation_sociale_saccentue_cest_lheure_du_retrait_-1-scaled.jpg\" alt=\"\" width=\"1810\" height=\"2560\" srcset=\"https:\/\/blog.cgcpresse.fr\/wp-content\/uploads\/2023\/04\/2023-03-23-communique-intersyndical_la_mobilisation_sociale_saccentue_cest_lheure_du_retrait_-1-scaled.jpg 1810w, https:\/\/blog.cgcpresse.fr\/wp-content\/uploads\/2023\/04\/2023-03-23-communique-intersyndical_la_mobilisation_sociale_saccentue_cest_lheure_du_retrait_-1-212x300.jpg 212w, https:\/\/blog.cgcpresse.fr\/wp-content\/uploads\/2023\/04\/2023-03-23-communique-intersyndical_la_mobilisation_sociale_saccentue_cest_lheure_du_retrait_-1-724x1024.jpg 724w, https:\/\/blog.cgcpresse.fr\/wp-content\/uploads\/2023\/04\/2023-03-23-communique-intersyndical_la_mobilisation_sociale_saccentue_cest_lheure_du_retrait_-1-106x150.jpg 106w, https:\/\/blog.cgcpresse.fr\/wp-content\/uploads\/2023\/04\/2023-03-23-communique-intersyndical_la_mobilisation_sociale_saccentue_cest_lheure_du_retrait_-1-768x1086.jpg 768w, https:\/\/blog.cgcpresse.fr\/wp-content\/uploads\/2023\/04\/2023-03-23-communique-intersyndical_la_mobilisation_sociale_saccentue_cest_lheure_du_retrait_-1-1086x1536.jpg 1086w, https:\/\/blog.cgcpresse.fr\/wp-content\/uploads\/2023\/04\/2023-03-23-communique-intersyndical_la_mobilisation_sociale_saccentue_cest_lheure_du_retrait_-1-1448x2048.jpg 1448w\" sizes=\"auto, (max-width: 1810px) 100vw, 1810px\" \/><\/a><\/p>\n<\/div>","protected":false},"excerpt":{"rendered":"<p>\u2022\u2022\u2022\u2022\u2022\u2022\u2022\u2022\u2022\u2022\u2022\u2022\u2022\u2022\u2022\u2022\u2022\u2022\u2022 La mobilisation sociale s\u2019accentue, c\u2019est l\u2019heure du retrait !L&rsquo;intersyndicale r\u00e9affirme que contrairement aux propos du pr\u00e9sident de la R\u00e9publique, de nombreuses alternatives aux mesures d&rsquo;\u00e2ge ont \u00e9t\u00e9 formul\u00e9es. Aucune n&rsquo;a \u00e9t\u00e9 s\u00e9rieusement \u00e9tudi\u00e9e. Le puissant rejet social de ce &hellip; <a href=\"https:\/\/blog.cgcpresse.fr\/?page_id=4973\">Continue reading <span class=\"meta-nav\">&rarr;<\/span><\/a><\/p>\n","protected":false},"author":1,"featured_media":0,"parent":0,"menu_order":0,"comment_status":"closed","ping_status":"closed","template":"","meta":{"footnotes":""},"class_list":["post-4973","page","type-page","status-publish","hentry"],"_links":{"self":[{"href":"https:\/\/blog.cgcpresse.fr\/index.php?rest_route=\/wp\/v2\/pages\/4973","targetHints":{"allow":["GET"]}}],"collection":[{"href":"https:\/\/blog.cgcpresse.fr\/index.php?rest_route=\/wp\/v2\/pages"}],"about":[{"href":"https:\/\/blog.cgcpresse.fr\/index.php?rest_route=\/wp\/v2\/types\/page"}],"author":[{"embeddable":true,"href":"https:\/\/blog.cgcpresse.fr\/index.php?rest_route=\/wp\/v2\/users\/1"}],"replies":[{"embeddable":true,"href":"https:\/\/blog.cgcpresse.fr\/index.php?rest_route=%2Fwp%2Fv2%2Fcomments&post=4973"}],"version-history":[{"count":4,"href":"https:\/\/blog.cgcpresse.fr\/index.php?rest_route=\/wp\/v2\/pages\/4973\/revisions"}],"predecessor-version":[{"id":5024,"href":"https:\/\/blog.cgcpresse.fr\/index.php?rest_route=\/wp\/v2\/pages\/4973\/revisions\/5024"}],"wp:attachment":[{"href":"https:\/\/blog.cgcpresse.fr\/index.php?rest_route=%2Fwp%2Fv2%2Fmedia&parent=4973"}],"curies":[{"name":"wp","href":"https:\/\/api.w.org\/{rel}","templated":true}]}}