{"id":4971,"date":"2023-04-05T11:50:39","date_gmt":"2023-04-05T10:50:39","guid":{"rendered":"http:\/\/blog.cgcpresse.fr\/?page_id=4971"},"modified":"2023-04-12T15:04:36","modified_gmt":"2023-04-12T14:04:36","slug":"10e-journee-mobilisation-le-28-mars","status":"publish","type":"page","link":"https:\/\/blog.cgcpresse.fr\/?page_id=4971","title":{"rendered":"10e journ\u00e9e \u2013 Mobilisation du 28 mars"},"content":{"rendered":"\n<p><\/p>\n\n\n<h1 class=\"entry-title\">&nbsp;<\/h1>\n<div class=\"entry-content\">\n<h5><a href=\"http:\/\/cgcpresse.info\/wordpress\/?attachment_id=2628\" rel=\"attachment wp-att-2628\"><img loading=\"lazy\" decoding=\"async\" class=\"size-thumbnail wp-image-3885 alignnone\" src=\"https:\/\/blog.cgcpresse.fr\/wp-content\/uploads\/2022\/06\/Logo-CFE-CGC-2016-transparent-144x150.png\" sizes=\"auto, (max-width: 144px) 100vw, 144px\" srcset=\"https:\/\/blog.cgcpresse.fr\/wp-content\/uploads\/2022\/06\/Logo-CFE-CGC-2016-transparent-144x150.png 144w, https:\/\/blog.cgcpresse.fr\/wp-content\/uploads\/2022\/06\/Logo-CFE-CGC-2016-transparent.png 199w\" alt=\"\" width=\"144\" height=\"150\"><\/a><\/h5>\n<h5><span style=\"color: #ec519b;\">\u2022\u2022\u2022\u2022\u2022\u2022\u2022\u2022\u2022\u2022\u2022\u2022\u2022\u2022\u2022\u2022\u2022\u2022\u2022<\/span> <span style=\"color: #1b499b;\">La mobilisation sociale s\u2019accentue, c\u2019est l\u2019heure du retrait !<\/span><br><span style=\"color: #1b499b;\">L&rsquo;intersyndicale r\u00e9affirme que contrairement aux propos du pr\u00e9sident de la R\u00e9publique, de nombreuses alternatives aux mesures d&rsquo;\u00e2ge ont \u00e9t\u00e9 formul\u00e9es. Aucune n&rsquo;a \u00e9t\u00e9 s\u00e9rieusement \u00e9tudi\u00e9e. Le puissant rejet social de ce projet est l\u00e9gitime et son expression doit se poursuivre. Revendiquant le retrait de la r\u00e9forme des retraites, l&rsquo;intersyndicale appelle \u00e0 continuer de se mobiliser.<\/span><br><span style=\"color: #1b499b;\">Elle appelle \u00e0 une nouvelle grande journ\u00e9e de gr\u00e8ves et manifestations le mardi 28 mars prochain.<\/span><\/h5>\n<h5><span style=\"color: #1b499b;\">Fran\u00e7ois Hommeril, pr\u00e9sident de la CFE-CGC, d\u00e9nonce l&rsquo;impasse cr\u00e9\u00e9e par le gouvernement rest\u00e9 inflexible et sourd \u00e0 la contestation sociale contre la r\u00e9forme des retraites.<\/span><\/h5>\n<h5><span style=\"color: #1b499b;\">En parall\u00e8le de la 10 journ\u00e9e de mobilisation contre la r\u00e9forme des retraites, le gouvernement a oppos\u00e9 une fin de non-recevoir \u00e0 la demande de \u00ab m\u00e9diation \u00bb de la CFDT, soutenue par la CFE-CGC et la CGT.<\/span><\/h5>\n<h5><span style=\"color: #1b499b;\"> <span style=\"color: #5cb670;\">\u00ab\u00a0Emmanuel Macron et son gouvernement s\u2019arc-boutent sur une r\u00e9forme injuste dont nous avons fait la d\u00e9monstration qu\u2019elle n\u2019\u00e9tait pas n\u00e9cessaire. Depuis le d\u00e9but, l\u2019intersyndicale fait assaut d\u2019imagination pour essayer de trouver des portes de sortie. Souvent, les portes claquent mais ce n\u2019est pas nous qui les refermons. L\u2019intersyndicale a organis\u00e9 et canalis\u00e9 un mouvement social d\u2019une ampleur sans pr\u00e9c\u00e9dent. Heureusement qu\u2019on \u00e9tait l\u00e0.\u00a0\u00bb <br>\u00ab\u00a0Je veux avertir le gouvernement que son attitude est assez d\u00e9plorable (&#8230;) On a qu&rsquo;un seul objectif : le retrait de la r\u00e9forme des retraites\u00a0\u00bb.<\/span><\/span><a href=\"https:\/\/blog.cgcpresse.fr\/wp-content\/uploads\/2023\/04\/2023-03-23-communique-intersyndical_la_mobilisation_sociale_saccentue_cest_lheure_du_retrait_-scaled.jpg\" target=\"_blank\" rel=\"noopener\"><img loading=\"lazy\" decoding=\"async\" class=\"aligncenter wp-image-4965 size-full\" src=\"https:\/\/blog.cgcpresse.fr\/wp-content\/uploads\/2023\/04\/2023-03-23-communique-intersyndical_la_mobilisation_sociale_saccentue_cest_lheure_du_retrait_-scaled.jpg\" alt=\"\" width=\"1810\" height=\"2560\" srcset=\"https:\/\/blog.cgcpresse.fr\/wp-content\/uploads\/2023\/04\/2023-03-23-communique-intersyndical_la_mobilisation_sociale_saccentue_cest_lheure_du_retrait_-scaled.jpg 1810w, https:\/\/blog.cgcpresse.fr\/wp-content\/uploads\/2023\/04\/2023-03-23-communique-intersyndical_la_mobilisation_sociale_saccentue_cest_lheure_du_retrait_-212x300.jpg 212w, https:\/\/blog.cgcpresse.fr\/wp-content\/uploads\/2023\/04\/2023-03-23-communique-intersyndical_la_mobilisation_sociale_saccentue_cest_lheure_du_retrait_-724x1024.jpg 724w, https:\/\/blog.cgcpresse.fr\/wp-content\/uploads\/2023\/04\/2023-03-23-communique-intersyndical_la_mobilisation_sociale_saccentue_cest_lheure_du_retrait_-106x150.jpg 106w, https:\/\/blog.cgcpresse.fr\/wp-content\/uploads\/2023\/04\/2023-03-23-communique-intersyndical_la_mobilisation_sociale_saccentue_cest_lheure_du_retrait_-768x1086.jpg 768w, https:\/\/blog.cgcpresse.fr\/wp-content\/uploads\/2023\/04\/2023-03-23-communique-intersyndical_la_mobilisation_sociale_saccentue_cest_lheure_du_retrait_-1086x1536.jpg 1086w, https:\/\/blog.cgcpresse.fr\/wp-content\/uploads\/2023\/04\/2023-03-23-communique-intersyndical_la_mobilisation_sociale_saccentue_cest_lheure_du_retrait_-1448x2048.jpg 1448w\" sizes=\"auto, (max-width: 1810px) 100vw, 1810px\" \/><\/a><a href=\"https:\/\/blog.cgcpresse.fr\/wp-content\/uploads\/2023\/04\/2023-03-28-communique_intersyndicale_28-03-23-scaled.jpg\" target=\"_blank\" rel=\"noopener\"><img loading=\"lazy\" decoding=\"async\" class=\"aligncenter wp-image-4967 size-full\" src=\"https:\/\/blog.cgcpresse.fr\/wp-content\/uploads\/2023\/04\/2023-03-28-communique_intersyndicale_28-03-23-scaled.jpg\" alt=\"\" width=\"1809\" height=\"2560\" srcset=\"https:\/\/blog.cgcpresse.fr\/wp-content\/uploads\/2023\/04\/2023-03-28-communique_intersyndicale_28-03-23-scaled.jpg 1809w, https:\/\/blog.cgcpresse.fr\/wp-content\/uploads\/2023\/04\/2023-03-28-communique_intersyndicale_28-03-23-212x300.jpg 212w, https:\/\/blog.cgcpresse.fr\/wp-content\/uploads\/2023\/04\/2023-03-28-communique_intersyndicale_28-03-23-724x1024.jpg 724w, https:\/\/blog.cgcpresse.fr\/wp-content\/uploads\/2023\/04\/2023-03-28-communique_intersyndicale_28-03-23-106x150.jpg 106w, https:\/\/blog.cgcpresse.fr\/wp-content\/uploads\/2023\/04\/2023-03-28-communique_intersyndicale_28-03-23-768x1087.jpg 768w, https:\/\/blog.cgcpresse.fr\/wp-content\/uploads\/2023\/04\/2023-03-28-communique_intersyndicale_28-03-23-1085x1536.jpg 1085w, https:\/\/blog.cgcpresse.fr\/wp-content\/uploads\/2023\/04\/2023-03-28-communique_intersyndicale_28-03-23-1447x2048.jpg 1447w\" sizes=\"auto, (max-width: 1809px) 100vw, 1809px\" \/><\/a><\/h5>\n<p><\/p>\n<\/div>","protected":false},"excerpt":{"rendered":"<p>&nbsp; \u2022\u2022\u2022\u2022\u2022\u2022\u2022\u2022\u2022\u2022\u2022\u2022\u2022\u2022\u2022\u2022\u2022\u2022\u2022 La mobilisation sociale s\u2019accentue, c\u2019est l\u2019heure du retrait !L&rsquo;intersyndicale r\u00e9affirme que contrairement aux propos du pr\u00e9sident de la R\u00e9publique, de nombreuses alternatives aux mesures d&rsquo;\u00e2ge ont \u00e9t\u00e9 formul\u00e9es. Aucune n&rsquo;a \u00e9t\u00e9 s\u00e9rieusement \u00e9tudi\u00e9e. Le puissant rejet social de &hellip; <a href=\"https:\/\/blog.cgcpresse.fr\/?page_id=4971\">Continue reading <span class=\"meta-nav\">&rarr;<\/span><\/a><\/p>\n","protected":false},"author":1,"featured_media":0,"parent":0,"menu_order":0,"comment_status":"closed","ping_status":"closed","template":"","meta":{"footnotes":""},"class_list":["post-4971","page","type-page","status-publish","hentry"],"_links":{"self":[{"href":"https:\/\/blog.cgcpresse.fr\/index.php?rest_route=\/wp\/v2\/pages\/4971","targetHints":{"allow":["GET"]}}],"collection":[{"href":"https:\/\/blog.cgcpresse.fr\/index.php?rest_route=\/wp\/v2\/pages"}],"about":[{"href":"https:\/\/blog.cgcpresse.fr\/index.php?rest_route=\/wp\/v2\/types\/page"}],"author":[{"embeddable":true,"href":"https:\/\/blog.cgcpresse.fr\/index.php?rest_route=\/wp\/v2\/users\/1"}],"replies":[{"embeddable":true,"href":"https:\/\/blog.cgcpresse.fr\/index.php?rest_route=%2Fwp%2Fv2%2Fcomments&post=4971"}],"version-history":[{"count":4,"href":"https:\/\/blog.cgcpresse.fr\/index.php?rest_route=\/wp\/v2\/pages\/4971\/revisions"}],"predecessor-version":[{"id":5025,"href":"https:\/\/blog.cgcpresse.fr\/index.php?rest_route=\/wp\/v2\/pages\/4971\/revisions\/5025"}],"wp:attachment":[{"href":"https:\/\/blog.cgcpresse.fr\/index.php?rest_route=%2Fwp%2Fv2%2Fmedia&parent=4971"}],"curies":[{"name":"wp","href":"https:\/\/api.w.org\/{rel}","templated":true}]}}