{"id":4961,"date":"2023-04-05T10:48:57","date_gmt":"2023-04-05T09:48:57","guid":{"rendered":"http:\/\/blog.cgcpresse.fr\/?page_id=4961"},"modified":"2023-04-12T15:04:47","modified_gmt":"2023-04-12T14:04:47","slug":"11e-journee-mobilisation-le-6-avril","status":"publish","type":"page","link":"https:\/\/blog.cgcpresse.fr\/?page_id=4961","title":{"rendered":"11e journ\u00e9e &#8211; Mobilisation du 6 avril"},"content":{"rendered":"<h5><a href=\"http:\/\/cgcpresse.info\/wordpress\/?attachment_id=2628\" rel=\"attachment wp-att-2628\"><img loading=\"lazy\" decoding=\"async\" class=\"size-thumbnail wp-image-3885 alignnone\" src=\"https:\/\/blog.cgcpresse.fr\/wp-content\/uploads\/2022\/06\/Logo-CFE-CGC-2016-transparent-144x150.png\" sizes=\"auto, (max-width: 144px) 100vw, 144px\" srcset=\"https:\/\/blog.cgcpresse.fr\/wp-content\/uploads\/2022\/06\/Logo-CFE-CGC-2016-transparent-144x150.png 144w, https:\/\/blog.cgcpresse.fr\/wp-content\/uploads\/2022\/06\/Logo-CFE-CGC-2016-transparent.png 199w\" alt=\"\" width=\"144\" height=\"150\"><\/a><a href=\"https:\/\/blog.cgcpresse.fr\/wp-content\/uploads\/2023\/04\/Visuel-6-avril.jpg\" target=\"_blank\" rel=\"noopener\"><img loading=\"lazy\" decoding=\"async\" class=\"aligncenter wp-image-4962 size-full\" src=\"https:\/\/blog.cgcpresse.fr\/wp-content\/uploads\/2023\/04\/Visuel-6-avril.jpg\" alt=\"\" width=\"1200\" height=\"670\" srcset=\"https:\/\/blog.cgcpresse.fr\/wp-content\/uploads\/2023\/04\/Visuel-6-avril.jpg 1200w, https:\/\/blog.cgcpresse.fr\/wp-content\/uploads\/2023\/04\/Visuel-6-avril-300x168.jpg 300w, https:\/\/blog.cgcpresse.fr\/wp-content\/uploads\/2023\/04\/Visuel-6-avril-1024x572.jpg 1024w, https:\/\/blog.cgcpresse.fr\/wp-content\/uploads\/2023\/04\/Visuel-6-avril-150x84.jpg 150w, https:\/\/blog.cgcpresse.fr\/wp-content\/uploads\/2023\/04\/Visuel-6-avril-768x429.jpg 768w\" sizes=\"auto, (max-width: 1200px) 100vw, 1200px\" \/><\/a><\/h5>\n<h5><span style=\"color: #ec519b;\">\u2022\u2022\u2022\u2022\u2022\u2022\u2022\u2022\u2022\u2022\u2022\u2022\u2022\u2022\u2022\u2022\u2022\u2022\u2022<\/span> <span style=\"color: #213a8f;\">L\u2019intersyndicale ne faiblit pas ! L\u2019unit\u00e9 syndicale reste solide, l\u2019opinion publique soutient toujours massivement les mobilisations, des solutions existent pour am\u00e9liorer notre syst\u00e8me de retraite, continuons \u00e0 convaincre et \u00e0 mobiliser. Alors que le Conseil Constitutionnel rendra son avis le 14 avril prochain, que la Premi\u00e8re Ministre invite les organisations syndicales \u00e0 une r\u00e9union le 5 avril, l\u2019Intersyndicale appelle \u00e0 une nouvelle journ\u00e9e de manifestations le jeudi 6 avril 2023<\/span><\/h5>\n<h5><span style=\"color: #5cb670;\">\u2022 La r\u00e9forme va p\u00e9naliser les femmes, les carri\u00e8res longues, les retraites progressives&#8230;<\/span><br \/>\n<span style=\"color: #00b8f0;\">\u2022 La r\u00e9forme ne prend pas en compte la p\u00e9nibilit\u00e9 psychique<\/span><br \/>\n<span style=\"color: #5cb670;\">\u2022 NON \u00e0 la retraite \u00e0 64 ans<\/span><br \/>\n<span style=\"color: #00b8f0;\">\u2022 NON \u00e0 l\u2019acc\u00e9l\u00e9ration de la dur\u00e9e de cotisation<\/span><br \/>\n<span style=\"color: #5cb670;\">\u2022 On ne l\u00e2che pas ! Mobilisons-nous massivement jeudi 6 avril pour obtenir le retrait de cette r\u00e9forme inutile et injuste !<\/span><\/h5>\n<p><a href=\"https:\/\/blog.cgcpresse.fr\/wp-content\/uploads\/2023\/04\/declaration-intersyndicale-a-matignon-5-avril-2023.pdf\" target=\"_blank\" rel=\"noopener\"><img loading=\"lazy\" decoding=\"async\" class=\"aligncenter wp-image-4979 size-full\" src=\"https:\/\/blog.cgcpresse.fr\/wp-content\/uploads\/2023\/04\/2023-04-05-declaration-intersyndicale-a-matignon-5-avril-2023-scaled.jpg\" alt=\"\" width=\"1810\" height=\"2560\" srcset=\"https:\/\/blog.cgcpresse.fr\/wp-content\/uploads\/2023\/04\/2023-04-05-declaration-intersyndicale-a-matignon-5-avril-2023-scaled.jpg 1810w, https:\/\/blog.cgcpresse.fr\/wp-content\/uploads\/2023\/04\/2023-04-05-declaration-intersyndicale-a-matignon-5-avril-2023-212x300.jpg 212w, https:\/\/blog.cgcpresse.fr\/wp-content\/uploads\/2023\/04\/2023-04-05-declaration-intersyndicale-a-matignon-5-avril-2023-724x1024.jpg 724w, https:\/\/blog.cgcpresse.fr\/wp-content\/uploads\/2023\/04\/2023-04-05-declaration-intersyndicale-a-matignon-5-avril-2023-106x150.jpg 106w, https:\/\/blog.cgcpresse.fr\/wp-content\/uploads\/2023\/04\/2023-04-05-declaration-intersyndicale-a-matignon-5-avril-2023-768x1086.jpg 768w, https:\/\/blog.cgcpresse.fr\/wp-content\/uploads\/2023\/04\/2023-04-05-declaration-intersyndicale-a-matignon-5-avril-2023-1086x1536.jpg 1086w, https:\/\/blog.cgcpresse.fr\/wp-content\/uploads\/2023\/04\/2023-04-05-declaration-intersyndicale-a-matignon-5-avril-2023-1448x2048.jpg 1448w\" sizes=\"auto, (max-width: 1810px) 100vw, 1810px\" \/><\/a><\/p>\n","protected":false},"excerpt":{"rendered":"<p>\u2022\u2022\u2022\u2022\u2022\u2022\u2022\u2022\u2022\u2022\u2022\u2022\u2022\u2022\u2022\u2022\u2022\u2022\u2022 L\u2019intersyndicale ne faiblit pas ! L\u2019unit\u00e9 syndicale reste solide, l\u2019opinion publique soutient toujours massivement les mobilisations, des solutions existent pour am\u00e9liorer notre syst\u00e8me de retraite, continuons \u00e0 convaincre et \u00e0 mobiliser. Alors que le Conseil Constitutionnel rendra son avis &hellip; <a href=\"https:\/\/blog.cgcpresse.fr\/?page_id=4961\">Continue reading <span class=\"meta-nav\">&rarr;<\/span><\/a><\/p>\n","protected":false},"author":1,"featured_media":0,"parent":0,"menu_order":0,"comment_status":"closed","ping_status":"closed","template":"","meta":{"footnotes":""},"class_list":["post-4961","page","type-page","status-publish","hentry"],"_links":{"self":[{"href":"https:\/\/blog.cgcpresse.fr\/index.php?rest_route=\/wp\/v2\/pages\/4961","targetHints":{"allow":["GET"]}}],"collection":[{"href":"https:\/\/blog.cgcpresse.fr\/index.php?rest_route=\/wp\/v2\/pages"}],"about":[{"href":"https:\/\/blog.cgcpresse.fr\/index.php?rest_route=\/wp\/v2\/types\/page"}],"author":[{"embeddable":true,"href":"https:\/\/blog.cgcpresse.fr\/index.php?rest_route=\/wp\/v2\/users\/1"}],"replies":[{"embeddable":true,"href":"https:\/\/blog.cgcpresse.fr\/index.php?rest_route=%2Fwp%2Fv2%2Fcomments&post=4961"}],"version-history":[{"count":4,"href":"https:\/\/blog.cgcpresse.fr\/index.php?rest_route=\/wp\/v2\/pages\/4961\/revisions"}],"predecessor-version":[{"id":5026,"href":"https:\/\/blog.cgcpresse.fr\/index.php?rest_route=\/wp\/v2\/pages\/4961\/revisions\/5026"}],"wp:attachment":[{"href":"https:\/\/blog.cgcpresse.fr\/index.php?rest_route=%2Fwp%2Fv2%2Fmedia&parent=4961"}],"curies":[{"name":"wp","href":"https:\/\/api.w.org\/{rel}","templated":true}]}}