{"id":4919,"date":"2023-02-28T19:37:51","date_gmt":"2023-02-28T18:37:51","guid":{"rendered":"http:\/\/blog.cgcpresse.fr\/?page_id=4919"},"modified":"2023-03-03T11:45:56","modified_gmt":"2023-03-03T10:45:56","slug":"8-mars-journee-pour-les-droits-des-femmes-injustice-de-la-reforme-envers-les-femmes","status":"publish","type":"page","link":"https:\/\/blog.cgcpresse.fr\/?page_id=4919","title":{"rendered":"8 mars journe\u0301e pour les droits des femmes"},"content":{"rendered":"<p><a href=\"http:\/\/cgcpresse.info\/wordpress\/?attachment_id=2628\" rel=\"attachment wp-att-2628\"><img loading=\"lazy\" decoding=\"async\" class=\"size-thumbnail wp-image-3885 alignnone\" src=\"https:\/\/blog.cgcpresse.fr\/wp-content\/uploads\/2022\/06\/Logo-CFE-CGC-2016-transparent-144x150.png\" alt=\"\" width=\"144\" height=\"150\" srcset=\"https:\/\/blog.cgcpresse.fr\/wp-content\/uploads\/2022\/06\/Logo-CFE-CGC-2016-transparent-144x150.png 144w, https:\/\/blog.cgcpresse.fr\/wp-content\/uploads\/2022\/06\/Logo-CFE-CGC-2016-transparent.png 199w\" sizes=\"auto, (max-width: 144px) 100vw, 144px\" \/><\/a><a href=\"https:\/\/blog.cgcpresse.fr\/wp-content\/uploads\/2023\/03\/Egalite-Hommes-Femmes-HF.png\"><img loading=\"lazy\" decoding=\"async\" class=\"wp-image-4934 size-medium alignnone\" src=\"https:\/\/blog.cgcpresse.fr\/wp-content\/uploads\/2023\/03\/Egalite-Hommes-Femmes-HF-300x180.png\" alt=\"\" width=\"300\" height=\"180\" srcset=\"https:\/\/blog.cgcpresse.fr\/wp-content\/uploads\/2023\/03\/Egalite-Hommes-Femmes-HF-300x180.png 300w, https:\/\/blog.cgcpresse.fr\/wp-content\/uploads\/2023\/03\/Egalite-Hommes-Femmes-HF-150x90.png 150w, https:\/\/blog.cgcpresse.fr\/wp-content\/uploads\/2023\/03\/Egalite-Hommes-Femmes-HF.png 502w\" sizes=\"auto, (max-width: 300px) 100vw, 300px\" \/><\/a><\/p>\n<h5><span style=\"color: #ec519b;\">\u2022\u2022\u2022\u2022\u2022\u2022\u2022\u2022\u2022\u2022\u2022\u2022\u2022\u2022\u2022\u2022\u2022\u2022\u2022<\/span> <span style=\"color: #1b499b;\">La CFE-CGC et l&rsquo;Intersyndicale exigent le retrait du projet de r\u00e9forme des retraites qui p\u00e9nalise particuli\u00e8rement les femmes.<br \/>\n\u00c0 la fin du tract ci-dessous, il <\/span><span style=\"color: #1b499b;\">est mentionn\u00e9 que <em>\u00ab les organisations syndicales appellent les travailleurs et travailleuses \u00e0 se saisir du 8 mars\u2026 \u00bb : i<\/em>l s\u2019agit d\u2019abord d\u2019un appel aux salari\u00e9s qui le souhaitent et le peuvent \u00e0 se rallier aux \u00e9v\u00e8nements et manifestations organis\u00e9s le 8 mars par les associations d\u00e9fendant les droits des femmes.<br \/>\nL\u2019intersyndicale n\u2019appelle pas \u00e0 organiser ses propres manifestations localement, le mode de saisie est laiss\u00e9 \u00e0 l\u2019appr\u00e9ciation des intersyndicales locales en fonction de l\u2019organisation localement de mobilisations par les associations.<\/span><br \/>\n<span style=\"color: #1b499b;\">De plus, la priorit\u00e9 est d\u2019avoir la mobilisation la plus forte possible le 7 mars et il ne faut pas l\u2019affaiblir par un report de la mobilisation de personnes oppos\u00e9es \u00e0 la r\u00e9forme sur le 8 mars au lieu du 7 mars. Celles et ceux qui pourront se mobiliser les 2 journ\u00e9es sont bien s\u00fbr encourag\u00e9s \u00e0 la faire.<\/span><\/h5>\n<p><a href=\"https:\/\/blog.cgcpresse.fr\/wp-content\/uploads\/2023\/03\/2023-03-08-Femmes-inegalites-de-carriere-inegalites-de-retraites.-Ca-suffit-.pdf\" target=\"_blank\" rel=\"noopener\"><img loading=\"lazy\" decoding=\"async\" class=\"aligncenter wp-image-4942 size-full\" src=\"https:\/\/blog.cgcpresse.fr\/wp-content\/uploads\/2023\/03\/2023-03-08-Femmes-inegalites-de-carriere-inegalites-de-retraites.-Ca-suffit-1-scaled.jpg\" alt=\"\" width=\"1810\" height=\"2560\" srcset=\"https:\/\/blog.cgcpresse.fr\/wp-content\/uploads\/2023\/03\/2023-03-08-Femmes-inegalites-de-carriere-inegalites-de-retraites.-Ca-suffit-1-scaled.jpg 1810w, https:\/\/blog.cgcpresse.fr\/wp-content\/uploads\/2023\/03\/2023-03-08-Femmes-inegalites-de-carriere-inegalites-de-retraites.-Ca-suffit-1-212x300.jpg 212w, https:\/\/blog.cgcpresse.fr\/wp-content\/uploads\/2023\/03\/2023-03-08-Femmes-inegalites-de-carriere-inegalites-de-retraites.-Ca-suffit-1-724x1024.jpg 724w, https:\/\/blog.cgcpresse.fr\/wp-content\/uploads\/2023\/03\/2023-03-08-Femmes-inegalites-de-carriere-inegalites-de-retraites.-Ca-suffit-1-106x150.jpg 106w, https:\/\/blog.cgcpresse.fr\/wp-content\/uploads\/2023\/03\/2023-03-08-Femmes-inegalites-de-carriere-inegalites-de-retraites.-Ca-suffit-1-768x1086.jpg 768w, https:\/\/blog.cgcpresse.fr\/wp-content\/uploads\/2023\/03\/2023-03-08-Femmes-inegalites-de-carriere-inegalites-de-retraites.-Ca-suffit-1-1086x1536.jpg 1086w, https:\/\/blog.cgcpresse.fr\/wp-content\/uploads\/2023\/03\/2023-03-08-Femmes-inegalites-de-carriere-inegalites-de-retraites.-Ca-suffit-1-1448x2048.jpg 1448w\" sizes=\"auto, (max-width: 1810px) 100vw, 1810px\" \/><\/a><a href=\"https:\/\/blog.cgcpresse.fr\/wp-content\/uploads\/2023\/03\/2023-03-08-Femmes-inegalites-de-carriere-inegalites-de-retraites.-Ca-suffit-.pdf\" target=\"_blank\" rel=\"noopener\"><img loading=\"lazy\" decoding=\"async\" class=\"aligncenter wp-image-4943 size-full\" src=\"https:\/\/blog.cgcpresse.fr\/wp-content\/uploads\/2023\/03\/2023-03-08-Femmes-inegalites-de-carriere-inegalites-de-retraites.-Ca-suffit-2-scaled.jpg\" alt=\"\" width=\"1810\" height=\"2560\" srcset=\"https:\/\/blog.cgcpresse.fr\/wp-content\/uploads\/2023\/03\/2023-03-08-Femmes-inegalites-de-carriere-inegalites-de-retraites.-Ca-suffit-2-scaled.jpg 1810w, https:\/\/blog.cgcpresse.fr\/wp-content\/uploads\/2023\/03\/2023-03-08-Femmes-inegalites-de-carriere-inegalites-de-retraites.-Ca-suffit-2-212x300.jpg 212w, https:\/\/blog.cgcpresse.fr\/wp-content\/uploads\/2023\/03\/2023-03-08-Femmes-inegalites-de-carriere-inegalites-de-retraites.-Ca-suffit-2-724x1024.jpg 724w, https:\/\/blog.cgcpresse.fr\/wp-content\/uploads\/2023\/03\/2023-03-08-Femmes-inegalites-de-carriere-inegalites-de-retraites.-Ca-suffit-2-106x150.jpg 106w, https:\/\/blog.cgcpresse.fr\/wp-content\/uploads\/2023\/03\/2023-03-08-Femmes-inegalites-de-carriere-inegalites-de-retraites.-Ca-suffit-2-768x1086.jpg 768w, https:\/\/blog.cgcpresse.fr\/wp-content\/uploads\/2023\/03\/2023-03-08-Femmes-inegalites-de-carriere-inegalites-de-retraites.-Ca-suffit-2-1086x1536.jpg 1086w, https:\/\/blog.cgcpresse.fr\/wp-content\/uploads\/2023\/03\/2023-03-08-Femmes-inegalites-de-carriere-inegalites-de-retraites.-Ca-suffit-2-1448x2048.jpg 1448w\" sizes=\"auto, (max-width: 1810px) 100vw, 1810px\" \/><\/a><\/p>\n","protected":false},"excerpt":{"rendered":"<p>\u2022\u2022\u2022\u2022\u2022\u2022\u2022\u2022\u2022\u2022\u2022\u2022\u2022\u2022\u2022\u2022\u2022\u2022\u2022 La CFE-CGC et l&rsquo;Intersyndicale exigent le retrait du projet de r\u00e9forme des retraites qui p\u00e9nalise particuli\u00e8rement les femmes. \u00c0 la fin du tract ci-dessous, il est mentionn\u00e9 que \u00ab les organisations syndicales appellent les travailleurs et travailleuses \u00e0 se &hellip; <a href=\"https:\/\/blog.cgcpresse.fr\/?page_id=4919\">Continue reading <span class=\"meta-nav\">&rarr;<\/span><\/a><\/p>\n","protected":false},"author":1,"featured_media":0,"parent":0,"menu_order":0,"comment_status":"closed","ping_status":"closed","template":"","meta":{"footnotes":""},"class_list":["post-4919","page","type-page","status-publish","hentry"],"_links":{"self":[{"href":"https:\/\/blog.cgcpresse.fr\/index.php?rest_route=\/wp\/v2\/pages\/4919","targetHints":{"allow":["GET"]}}],"collection":[{"href":"https:\/\/blog.cgcpresse.fr\/index.php?rest_route=\/wp\/v2\/pages"}],"about":[{"href":"https:\/\/blog.cgcpresse.fr\/index.php?rest_route=\/wp\/v2\/types\/page"}],"author":[{"embeddable":true,"href":"https:\/\/blog.cgcpresse.fr\/index.php?rest_route=\/wp\/v2\/users\/1"}],"replies":[{"embeddable":true,"href":"https:\/\/blog.cgcpresse.fr\/index.php?rest_route=%2Fwp%2Fv2%2Fcomments&post=4919"}],"version-history":[{"count":10,"href":"https:\/\/blog.cgcpresse.fr\/index.php?rest_route=\/wp\/v2\/pages\/4919\/revisions"}],"predecessor-version":[{"id":4944,"href":"https:\/\/blog.cgcpresse.fr\/index.php?rest_route=\/wp\/v2\/pages\/4919\/revisions\/4944"}],"wp:attachment":[{"href":"https:\/\/blog.cgcpresse.fr\/index.php?rest_route=%2Fwp%2Fv2%2Fmedia&parent=4919"}],"curies":[{"name":"wp","href":"https:\/\/api.w.org\/{rel}","templated":true}]}}