{"id":4783,"date":"2023-02-23T15:13:57","date_gmt":"2023-02-23T14:13:57","guid":{"rendered":"http:\/\/blog.cgcpresse.fr\/?page_id=4783"},"modified":"2023-02-23T15:13:58","modified_gmt":"2023-02-23T14:13:58","slug":"5e-journee-appel-a-la-greve-de-la-cfe-cgc","status":"publish","type":"page","link":"https:\/\/blog.cgcpresse.fr\/?page_id=4783","title":{"rendered":"5e journ\u00e9e &#8211; Appel \u00e0 la gr\u00e8ve de la CFE-CGC"},"content":{"rendered":"<p><a href=\"https:\/\/blog.cgcpresse.fr\/wp-content\/uploads\/2023\/02\/2023-02-16-Appel-a-la-greve-nationale-interprofessionnelle-du-16-fevrier-2023.pdf\" target=\"_blank\" rel=\"noopener\"><img loading=\"lazy\" decoding=\"async\" class=\"aligncenter size-full wp-image-4784\" src=\"https:\/\/blog.cgcpresse.fr\/wp-content\/uploads\/2023\/02\/2023-02-16-Appel-a-la-greve-nationale-interprofessionnelle-du-16-fevrier-2023-scaled.jpg\" alt=\"\" width=\"1811\" height=\"2560\" srcset=\"https:\/\/blog.cgcpresse.fr\/wp-content\/uploads\/2023\/02\/2023-02-16-Appel-a-la-greve-nationale-interprofessionnelle-du-16-fevrier-2023-scaled.jpg 1811w, https:\/\/blog.cgcpresse.fr\/wp-content\/uploads\/2023\/02\/2023-02-16-Appel-a-la-greve-nationale-interprofessionnelle-du-16-fevrier-2023-212x300.jpg 212w, https:\/\/blog.cgcpresse.fr\/wp-content\/uploads\/2023\/02\/2023-02-16-Appel-a-la-greve-nationale-interprofessionnelle-du-16-fevrier-2023-724x1024.jpg 724w, https:\/\/blog.cgcpresse.fr\/wp-content\/uploads\/2023\/02\/2023-02-16-Appel-a-la-greve-nationale-interprofessionnelle-du-16-fevrier-2023-106x150.jpg 106w, https:\/\/blog.cgcpresse.fr\/wp-content\/uploads\/2023\/02\/2023-02-16-Appel-a-la-greve-nationale-interprofessionnelle-du-16-fevrier-2023-768x1086.jpg 768w, https:\/\/blog.cgcpresse.fr\/wp-content\/uploads\/2023\/02\/2023-02-16-Appel-a-la-greve-nationale-interprofessionnelle-du-16-fevrier-2023-1087x1536.jpg 1087w, https:\/\/blog.cgcpresse.fr\/wp-content\/uploads\/2023\/02\/2023-02-16-Appel-a-la-greve-nationale-interprofessionnelle-du-16-fevrier-2023-1449x2048.jpg 1449w\" sizes=\"auto, (max-width: 1811px) 100vw, 1811px\" \/><\/a><\/p>\n","protected":false},"excerpt":{"rendered":"","protected":false},"author":1,"featured_media":0,"parent":0,"menu_order":0,"comment_status":"closed","ping_status":"closed","template":"","meta":{"footnotes":""},"class_list":["post-4783","page","type-page","status-publish","hentry"],"_links":{"self":[{"href":"https:\/\/blog.cgcpresse.fr\/index.php?rest_route=\/wp\/v2\/pages\/4783","targetHints":{"allow":["GET"]}}],"collection":[{"href":"https:\/\/blog.cgcpresse.fr\/index.php?rest_route=\/wp\/v2\/pages"}],"about":[{"href":"https:\/\/blog.cgcpresse.fr\/index.php?rest_route=\/wp\/v2\/types\/page"}],"author":[{"embeddable":true,"href":"https:\/\/blog.cgcpresse.fr\/index.php?rest_route=\/wp\/v2\/users\/1"}],"replies":[{"embeddable":true,"href":"https:\/\/blog.cgcpresse.fr\/index.php?rest_route=%2Fwp%2Fv2%2Fcomments&post=4783"}],"version-history":[{"count":3,"href":"https:\/\/blog.cgcpresse.fr\/index.php?rest_route=\/wp\/v2\/pages\/4783\/revisions"}],"predecessor-version":[{"id":4790,"href":"https:\/\/blog.cgcpresse.fr\/index.php?rest_route=\/wp\/v2\/pages\/4783\/revisions\/4790"}],"wp:attachment":[{"href":"https:\/\/blog.cgcpresse.fr\/index.php?rest_route=%2Fwp%2Fv2%2Fmedia&parent=4783"}],"curies":[{"name":"wp","href":"https:\/\/api.w.org\/{rel}","templated":true}]}}