{"id":4750,"date":"2023-02-23T12:54:31","date_gmt":"2023-02-23T11:54:31","guid":{"rendered":"http:\/\/blog.cgcpresse.fr\/?page_id=4750"},"modified":"2023-02-23T16:05:45","modified_gmt":"2023-02-23T15:05:45","slug":"5e-journee-la-cfe-cgc-en-premiere-ligne-dans-les-corteges","status":"publish","type":"page","link":"https:\/\/blog.cgcpresse.fr\/?page_id=4750","title":{"rendered":"5e journ\u00e9e &#8211; la CFE-CGC en premi\u00e8re ligne dans les cort\u00e8ges !"},"content":{"rendered":"<h2 style=\"text-align: center;\"><span style=\"color: #ec519b;\"><strong>La CFE-CGC en premi\u00e8re ligne dans les cort\u00e8ges !<a href=\"https:\/\/blog.cgcpresse.fr\/wp-content\/uploads\/2023\/02\/Image.png\"><img loading=\"lazy\" decoding=\"async\" class=\"alignright wp-image-4753\" src=\"https:\/\/blog.cgcpresse.fr\/wp-content\/uploads\/2023\/02\/Image.png\" alt=\"\" width=\"200\" height=\"138\" \/><\/a><\/strong><\/span><\/h2>\n<p><span style=\"color: #1b499b;\">Aux quatre coins du pays, les structures CFE-CGC ont encore massivement d\u00e9fil\u00e9 les 7 et 11 f\u00e9vrier contre la r\u00e9forme gouvernementale injuste et brutale en cours d\u2019examen au Parlement. Prochain rendez-vous\u00a0: <span style=\"color: #5cb670;\">ce jeudi 16<\/span>.<\/span><\/p>\n<p><span style=\"color: #1b499b;\">Et de quatre\u00a0! Apr\u00e8s les impressionnants d\u00e9fil\u00e9s du 19 et du 31 janvier, la 3e et la 4e journ\u00e9es de mobilisation nationale interprofessionnelle contre la r\u00e9forme des retraites, organis\u00e9es mardi 7 f\u00e9vrier puis le samedi 11 par une intersyndicale tr\u00e8s soud\u00e9e (CFE-CGC, CFDT, CFTC, CGT, FO, UNSA, Solidaires, FAGE, FSU, UNEF, VL, F!DL, MNL), ont une fois encore d\u00e9montr\u00e9 la forte opposition de l\u2019opinion publique et des salari\u00e9s contre la r\u00e9forme gouvernementale dont l\u2019examen du projet de loi a d\u00e9but\u00e9 le 6 f\u00e9vrier \u00e0 l\u2019Assembl\u00e9e nationale.<\/span><\/p>\n<p><span style=\"color: #1b499b;\">\u00c0 Paris comme dans de tr\u00e8s nombreuses villes de province, partout les m\u00eames images : des cort\u00e8ges denses et pacifiques pour dire non au recul de l\u2019\u00e2ge l\u00e9gal de d\u00e9part \u00e0 64 ans et \u00e0 l\u2019allongement de la dur\u00e9e de cotisation, une r\u00e9forme injuste et brutale contre laquelle <span style=\"color: #00b8f0;\"><a style=\"color: #00b8f0;\" href=\"https:\/\/www.change.org\/p\/retraites-non-%C3%A0-cette-r%C3%A9forme-injuste-et-brutale-reformesdesretraites\"><strong>la p\u00e9tition intersyndicale<\/strong><\/a><\/span> flirte d\u00e9sormais avec le million de signataires. <em>\u00ab On est l\u00e0, au c\u0153ur d\u2019un mouvement qui ne faiblit pas<\/em>, a comment\u00e9 hier Fran\u00e7ois Hommeril, pr\u00e9sident de la CFE-CGC, au d\u00e9part du cort\u00e8ge parisien \u00e0 Op\u00e9ra. <em>J\u2019envoie un message \u00e0 tous nos coll\u00e8gues mobilis\u00e9s partout en France, et qui viennent dire avec la CFE-CGC que cette r\u00e9forme est totalement injustifi\u00e9e et que le d\u00e9calage de l\u2019\u00e2ge de\u00a0d\u00e9part \u00e0 64 ans doit \u00eatre retir\u00e9.\u00a0\u00bb \u00ab Nous voulons faire \u00e9chec \u00e0 cette r\u00e9forme<\/em>, appuie G\u00e9rard Mardin\u00e9, secr\u00e9taire g\u00e9n\u00e9ral conf\u00e9d\u00e9ral. <em>Le d\u00e9bat parlementaire a commenc\u00e9 et nous voulons que les d\u00e9put\u00e9s comprennent nos arguments de bon sens et chiffr\u00e9s, afin de ne pas augmenter l\u2019\u00e2ge de d\u00e9part en retraite. \u00bb<\/em><\/span><\/p>\n<p><span style=\"color: #1b499b;\">\u00ab On est l\u00e0, au c\u0153ur d\u2019un mouvement qui ne faiblit pas. J\u2019envoie un message \u00e0 tous nos coll\u00e8gues mobilis\u00e9s partout en France, et qui viennent dire avec la CFE-CGC que cette r\u00e9forme est totalement injustifi\u00e9e et que le d\u00e9calage \u00e0 64 ans doit \u00eatre retir\u00e9.\u00bb <span style=\"color: #00b8f0;\"><a style=\"color: #00b8f0;\" href=\"https:\/\/twitter.com\/fhommeril?ref_src=twsrc%5Etfw\">@fhommeril<\/a><a style=\"color: #00b8f0;\" href=\"https:\/\/twitter.com\/hashtag\/Retraites?src=hash&amp;ref_src=twsrc%5Etfw\">#Retraites<\/a><a style=\"color: #00b8f0;\" href=\"https:\/\/t.co\/pwWek0ayvC\">pic.twitter.com\/pwWek0ayvC<\/a><\/span><\/span><\/p>\n<p><span style=\"color: #1b499b;\"><strong>Les femmes durement p\u00e9nalis\u00e9es<br \/>\n<\/strong>\u00c9lus de la Conf\u00e9d\u00e9ration, militants de F\u00e9d\u00e9rations et de sections syndicales, adh\u00e9rents, sympathisants\u00a0: toutes les structures CFE-CGC sont encore massivement descendues dans la rue, relayant les pr\u00e9occupations l\u00e9gitimes des salari\u00e9s. <em>\u00ab Je suis totalement impact\u00e9e par cette r\u00e9forme<\/em>, a t\u00e9moign\u00e9 Sujata, une militante de la F\u00e9d\u00e9ration Enermine. <em>J\u2019ai valid\u00e9 5 trimestres avant mes 21 ans et j\u2019ai 3 enfants. J\u2019aurai 196 trimestres \u00e0 61 ans et je ne pourrai pas partir \u00e0 la retraite. Je devrai attendre mes 64 ans. \u00bb <\/em>M\u00eame son de cloche chez une autre militante CFE-CGC<em>\u00a0: \u00ab Cette r\u00e9forme p\u00e9nalise une fois de plus les femmes, <\/em>insiste Marielle<em>. Quant \u00e0 l\u2019index senior, ce ne sera que de la poudre aux yeux comme c\u2019est d\u00e9j\u00e0 le cas avec l\u2019index \u00e9galit\u00e9 professionnelle. \u00bb<\/em><\/span><\/p>\n<p><span style=\"color: #1b499b;\">\u00ab Cette r\u00e9forme p\u00e9nalise une fois de plus les femmes. Quant \u00e0 l\u2019index senior, ce ne sera que de la poudre aux yeux comme c\u2019est d\u00e9j\u00e0 le cas avec l\u2019index \u00e9galit\u00e9 professionnelle. \u00bb<\/span><br \/>\n<span style=\"color: #1b499b;\">Marielle<span style=\"color: #00b8f0;\"><a style=\"color: #00b8f0;\" href=\"https:\/\/twitter.com\/hashtag\/ParoleDeManifestante?src=hash&amp;ref_src=twsrc%5Etfw\">#ParoleDeManifestante<\/a><a style=\"color: #00b8f0;\" href=\"https:\/\/twitter.com\/hashtag\/R%C3%A9formeDesRetraites?src=hash&amp;ref_src=twsrc%5Etfw\">#R\u00e9formeDesRetraites<\/a><\/span><a style=\"color: #1b499b;\" href=\"https:\/\/t.co\/t03SatifWp\"><span style=\"color: #00b8f0;\">pic.twitter.com\/t03SatifWp<\/span><\/a><\/span><br \/>\n<span style=\"color: #1b499b;\">\u2014 CFE-CGC<span style=\"color: #00b8f0;\"> (@CFECGC) <a style=\"color: #00b8f0;\" href=\"https:\/\/twitter.com\/CFECGC\/status\/1622975046477049856?ref_src=twsrc%5Etfw\">February 7, 2023<\/a><\/span><\/span><\/p>\n<p><span style=\"color: #1b499b;\"><strong>Un projet qui mettrait en p\u00e9ril la sant\u00e9 de beaucoup de salari\u00e9s<br \/>\n<\/strong><em>\u00ab Ce projet de r\u00e9forme est brutal, <\/em>juge Gilles L\u00e9cuelle<em>, <\/em>secr\u00e9taire national au dialogue social<em>. Il va mettre en p\u00e9ril la sant\u00e9 de beaucoup de salari\u00e9s. Travailler 2 ans de plus, pour beaucoup, c\u2019est totalement impossible du fait de la d\u00e9gradation des conditions de travail.\u00a0\u00bb<\/em><\/span><\/p>\n<p><span style=\"color: #1b499b;\"><strong>Un argumentaire gouvernemental de plus en plus bancal<\/strong><strong><br \/>\n<\/strong>Alors que \u00ab de plus en plus d\u2019experts pointent des \u00e9l\u00e9ments justificatifs insuffisants, peu quantifi\u00e9s voire erron\u00e9s \u00bb dans l\u2019argumentaire gouvernemental pour justifier cette r\u00e9forme inutile et dangereuse, l\u2019intersyndicale reste mobilis\u00e9e pour faire bouger les choses et mettre fin \u00e0 ce projet qui s\u2019apparente au casse du si\u00e8cle. Depuis le 19 janvier, des millions de travailleurs et travailleuses, du public comme du priv\u00e9, jeunes et retrait\u00e9s, de plus en plus exasp\u00e9r\u00e9s de ne pas \u00eatre entendus par le gouvernement, se sont mobilis\u00e9s, par la gr\u00e8ve et\/ou ont manifest\u00e9 sur l\u2019ensemble du territoire, souligne le communiqu\u00e9e le <span style=\"color: #00b8f0;\"><a style=\"color: #00b8f0;\" href=\"https:\/\/blog.cgcpresse.fr\/?page_id=4657\" target=\"_blank\" rel=\"noopener\">communiqu\u00e9 intersyndical<\/a><\/span>. Face \u00e0 un gouvernement toujours sourd, les parlementaires doivent prendre leurs responsabilit\u00e9s en rejetant ce projet de loi. \u00bb<\/span><\/p>\n<p><span style=\"color: #1b499b;\"><strong>Les leaders syndicaux \u00e0 Albi le 16 f\u00e9vrier<br \/>\n<\/strong>La prochaine journ\u00e9e de mobilisation est dor\u00e9navant fix\u00e9e jeudi 16 f\u00e9vrier. Les leaders syndicaux d\u00e9fileront ensemble \u00e0 Albi (Tarn). \u00ab Si le gouvernement et les parlementaires restaient sourds \u00e0 la contestation populaire, l\u2019intersyndicale appellerait les travailleurs \u00e0 durcir le mouvement en mettant la France \u00e0 l\u2019arr\u00eat dans tous les secteurs le 7 mars prochain \u00bb, pr\u00e9vient l\u2019intersyndicale son <a href=\"https:\/\/blog.cgcpresse.fr\/?page_id=4681\" target=\"_blank\" rel=\"noopener\"><span style=\"color: #00b8f0;\">dernier communiqu\u00e9.<\/span><\/a><\/span><\/p>\n<p><span style=\"color: #5cb670;\"><strong>Mathieu Bahuet, le 14 f\u00e9vrier.<\/strong><\/span><\/p>\n<p><a href=\"https:\/\/blog.cgcpresse.fr\/wp-content\/uploads\/2023\/01\/Citation-5.jpg\"><img loading=\"lazy\" decoding=\"async\" class=\"aligncenter size-full wp-image-4596\" src=\"https:\/\/blog.cgcpresse.fr\/wp-content\/uploads\/2023\/01\/Citation-5.jpg\" alt=\"\" width=\"1200\" height=\"670\" srcset=\"https:\/\/blog.cgcpresse.fr\/wp-content\/uploads\/2023\/01\/Citation-5.jpg 1200w, https:\/\/blog.cgcpresse.fr\/wp-content\/uploads\/2023\/01\/Citation-5-300x168.jpg 300w, https:\/\/blog.cgcpresse.fr\/wp-content\/uploads\/2023\/01\/Citation-5-1024x572.jpg 1024w, https:\/\/blog.cgcpresse.fr\/wp-content\/uploads\/2023\/01\/Citation-5-150x84.jpg 150w, https:\/\/blog.cgcpresse.fr\/wp-content\/uploads\/2023\/01\/Citation-5-768x429.jpg 768w\" sizes=\"auto, (max-width: 1200px) 100vw, 1200px\" \/><\/a><\/p>\n","protected":false},"excerpt":{"rendered":"<p>La CFE-CGC en premi\u00e8re ligne dans les cort\u00e8ges ! Aux quatre coins du pays, les structures CFE-CGC ont encore massivement d\u00e9fil\u00e9 les 7 et 11 f\u00e9vrier contre la r\u00e9forme gouvernementale injuste et brutale en cours d\u2019examen au Parlement. Prochain rendez-vous\u00a0: &hellip; <a href=\"https:\/\/blog.cgcpresse.fr\/?page_id=4750\">Continue reading <span class=\"meta-nav\">&rarr;<\/span><\/a><\/p>\n","protected":false},"author":1,"featured_media":0,"parent":0,"menu_order":0,"comment_status":"closed","ping_status":"closed","template":"","meta":{"footnotes":""},"class_list":["post-4750","page","type-page","status-publish","hentry"],"_links":{"self":[{"href":"https:\/\/blog.cgcpresse.fr\/index.php?rest_route=\/wp\/v2\/pages\/4750","targetHints":{"allow":["GET"]}}],"collection":[{"href":"https:\/\/blog.cgcpresse.fr\/index.php?rest_route=\/wp\/v2\/pages"}],"about":[{"href":"https:\/\/blog.cgcpresse.fr\/index.php?rest_route=\/wp\/v2\/types\/page"}],"author":[{"embeddable":true,"href":"https:\/\/blog.cgcpresse.fr\/index.php?rest_route=\/wp\/v2\/users\/1"}],"replies":[{"embeddable":true,"href":"https:\/\/blog.cgcpresse.fr\/index.php?rest_route=%2Fwp%2Fv2%2Fcomments&post=4750"}],"version-history":[{"count":8,"href":"https:\/\/blog.cgcpresse.fr\/index.php?rest_route=\/wp\/v2\/pages\/4750\/revisions"}],"predecessor-version":[{"id":4827,"href":"https:\/\/blog.cgcpresse.fr\/index.php?rest_route=\/wp\/v2\/pages\/4750\/revisions\/4827"}],"wp:attachment":[{"href":"https:\/\/blog.cgcpresse.fr\/index.php?rest_route=%2Fwp%2Fv2%2Fmedia&parent=4750"}],"curies":[{"name":"wp","href":"https:\/\/api.w.org\/{rel}","templated":true}]}}