{"id":4725,"date":"2023-02-23T16:09:36","date_gmt":"2023-02-23T15:09:36","guid":{"rendered":"http:\/\/blog.cgcpresse.fr\/?page_id=4725"},"modified":"2023-04-05T12:02:06","modified_gmt":"2023-04-05T11:02:06","slug":"6e-journee-mobilisation-le-7-mars","status":"publish","type":"page","link":"https:\/\/blog.cgcpresse.fr\/?page_id=4725","title":{"rendered":"6e journ\u00e9e &#8211; Mobilisation du 7 mars"},"content":{"rendered":"<figure class=\"wp-block-image\">\n<h5><a href=\"http:\/\/cgcpresse.info\/wordpress\/?attachment_id=2628\" rel=\"attachment wp-att-2628\"><img loading=\"lazy\" decoding=\"async\" class=\"size-thumbnail wp-image-3885 alignnone\" src=\"https:\/\/blog.cgcpresse.fr\/wp-content\/uploads\/2022\/06\/Logo-CFE-CGC-2016-transparent-144x150.png\" alt=\"\" width=\"144\" height=\"150\" srcset=\"https:\/\/blog.cgcpresse.fr\/wp-content\/uploads\/2022\/06\/Logo-CFE-CGC-2016-transparent-144x150.png 144w, https:\/\/blog.cgcpresse.fr\/wp-content\/uploads\/2022\/06\/Logo-CFE-CGC-2016-transparent.png 199w\" sizes=\"auto, (max-width: 144px) 100vw, 144px\" \/><\/a><a href=\"https:\/\/blog.cgcpresse.fr\/wp-content\/uploads\/2023\/02\/Stop-64-mettons-la-France-a-larret.jpg\"><img loading=\"lazy\" decoding=\"async\" class=\"aligncenter wp-image-4896 size-large\" src=\"https:\/\/blog.cgcpresse.fr\/wp-content\/uploads\/2023\/02\/Stop-64-mettons-la-France-a-larret-1024x390.jpg\" alt=\"\" width=\"640\" height=\"244\" srcset=\"https:\/\/blog.cgcpresse.fr\/wp-content\/uploads\/2023\/02\/Stop-64-mettons-la-France-a-larret-1024x390.jpg 1024w, https:\/\/blog.cgcpresse.fr\/wp-content\/uploads\/2023\/02\/Stop-64-mettons-la-France-a-larret-300x114.jpg 300w, https:\/\/blog.cgcpresse.fr\/wp-content\/uploads\/2023\/02\/Stop-64-mettons-la-France-a-larret-150x57.jpg 150w, https:\/\/blog.cgcpresse.fr\/wp-content\/uploads\/2023\/02\/Stop-64-mettons-la-France-a-larret-768x292.jpg 768w, https:\/\/blog.cgcpresse.fr\/wp-content\/uploads\/2023\/02\/Stop-64-mettons-la-France-a-larret-1536x584.jpg 1536w, https:\/\/blog.cgcpresse.fr\/wp-content\/uploads\/2023\/02\/Stop-64-mettons-la-France-a-larret.jpg 1640w\" sizes=\"auto, (max-width: 640px) 100vw, 640px\" \/><\/a><\/h5>\n<h5><span style=\"color: #ec519b;\">\u2022\u2022\u2022\u2022\u2022\u2022\u2022\u2022\u2022\u2022\u2022\u2022\u2022\u2022\u2022\u2022\u2022\u2022\u2022<\/span> <span style=\"color: #1b499b;\">L\u2019ensemble des organisations syndicales (CFDT, CGT, FO, CFE-CGC, CFTC, Unsa, Solidaires, FSU) et des organisations de jeunesse (Fage, l&rsquo;Unef, VL, FIDL et MNL) contestent unanimement le projet de r\u00e9forme des retraites.<\/span><br \/>\n<span style=\"color: #1b499b;\">L&rsquo;Intersyndicale appelle tous les salari\u00e9s \u00e0 se mobiliser contre la <span style=\"color: #00ffff;\"><a style=\"color: #00ffff;\" href=\"https:\/\/twitter.com\/hashtag\/R%C3%A9formeDesRetraites?src=hash&amp;ref_src=twsrc%5Etfw\" data-href=\"https:\/\/twitter.com\/hashtag\/R%C3%A9formeDesRetraites?src=hash&amp;ref_src=twsrc%5Etfw\">#R\u00e9formeDesRetraites<\/a><\/span> <span style=\"color: #5cb670;\">le 7 mars prochain<\/span> et mettre la France \u00e0 l&rsquo;arr\u00eat pour une nouvelle journ\u00e9e de gr\u00e8ves et de manifestations interprofessionnelles.<\/span><\/h5>\n<\/figure>\n<h1 class=\"title-page\" style=\"text-align: center;\"><span style=\"color: #ec519b;\">Ensemble, le 7 mars mettons la France \u00e0 l&rsquo;arr\u00eat !<\/span><\/h1>\n<div class=\"chapo\">\n<p style=\"text-align: center;\"><span style=\"color: #5cb670;\">CFE-CGC | CFDT | CFTC | CGT | FO | UNSA | Solidaires | FAGE | FSU | UNEF | VL | F!DL | MNL<\/span><\/p>\n<\/div>\n<div class=\"text-pp\">\n<h5><span style=\"color: #1b499b;\">Les organisations syndicales et de jeunesse saluent la mobilisation de ces millions de travailleurs, jeunes, retrait\u00e9s qui, depuis le 19 janvier, expriment leur opposition \u00e0 cette r\u00e9forme des retraites. Ils sont d\u00e9termin\u00e9s \u00e0 emp\u00eacher le recul de l\u2019\u00e2ge l\u00e9gal \u00e0 64 ans et l\u2019allongement du nombre de trimestres, ce qui aurait pour effet de faire aussi baisser plus rapidement leurs pensions.<\/span><\/h5>\n<h5><span style=\"color: #1b499b;\">Malgr\u00e9 la propagande du gouvernement qui ne convainc pas du bien-fond\u00e9 de sa r\u00e9forme, l\u2019\u00e9crasante majorit\u00e9 de la population comme 90% des salari\u00e9s font preuve de \u00ab bon sens \u00bb et rejettent cette r\u00e9forme brutale, inacceptable et inutile.<\/span><\/h5>\n<h5><span style=\"color: #1b499b;\">En opposition \u00e0 ce projet de r\u00e9forme des retraites, l\u2019unit\u00e9 des organisations syndicales a construit un mouvement social solide, d\u00e9termin\u00e9, ancr\u00e9 dans le paysage social de tout le pays. Il r\u00e9v\u00e8le \u00e9galement l\u2019inqui\u00e9tude face \u00e0 la d\u00e9sertification des territoires, le manque de services publics, les incertitudes en mati\u00e8re d\u2019emploi, de salaires et de pouvoir d\u2019achat.<\/span><\/h5>\n<h5><span style=\"color: #1b499b;\">En compl\u00e9ment de ces manifestations, c\u2019est plus d\u2019un million de personnes qui ont sign\u00e9 et diffusent la p\u00e9tition en ligne propos\u00e9e par les organisations syndicales. Cette opposition \u00e0 la r\u00e9forme touche d\u00e9sormais toutes les strates de la population.<\/span><\/h5>\n<h5><span style=\"color: #1b499b;\">Malgr\u00e9 cela, le gouvernement et le pr\u00e9sident de la R\u00e9publique restent sourds et d\u00e9gradent la coh\u00e9sion sociale du pays en refusant toujours de retirer ce projet injuste.<\/span><\/h5>\n<h5><span style=\"color: #1b499b;\">C\u2019est pourquoi, comme annonc\u00e9 lors du pr\u00e9c\u00e9dent communiqu\u00e9 le 11 f\u00e9vrier, l\u2019intersyndicale r\u00e9affirme sa d\u00e9termination pour mettre la France \u00e0 l\u2019arr\u00eat le 7 mars prochain en appelant les travailleurs \u00e0 participer massivement aux manifestations et \u00e0 se d\u00e9clarer en gr\u00e8ve.<\/span><\/h5>\n<h5><span style=\"color: #1b499b;\">Les organisations syndicales professionnelles et de jeunesse continuent leurs actions d\u2019information et de conviction pour \u00e9largir encore le mouvement social. Le 7 mars doit \u00eatre une v\u00e9ritable journ\u00e9e morte dans les entreprises, les administrations, les services, les commerces, les \u00e9coles, les lieux d\u2019\u00e9tudes, les transports\u2026<\/span><\/h5>\n<h5><span style=\"color: #1b499b;\">Pour y parvenir, elles organisent partout r\u00e9guli\u00e8rement de nombreuses initiatives publiques sur les lieux de vie et appellent la population \u00e0 y participer.<\/span><\/h5>\n<h5><span style=\"color: #1b499b;\">Elles interpellent localement les parlementaires sur la base du courrier commun qui leur a \u00e9t\u00e9 adress\u00e9, pour qu\u2019ils votent contre cette r\u00e9forme.<\/span><\/h5>\n<h5><span style=\"color: #1b499b;\">Elles se saisissent du 8 mars, journ\u00e9e internationale de lutte pour les droits des femmes, pour rendre visibles les cons\u00e9quences particuli\u00e8rement graves de ce projet pour elles.<\/span><\/h5>\n<h5><span style=\"color: #1b499b;\">Elles agissent avec les organisations de jeunesse qui militent sur leurs lieux d\u2019\u00e9tudes pour \u00e9largir encore le rejet de cette r\u00e9forme des retraites particuli\u00e8rement injuste. Elles soutiennent aussi leur mobilisation du 9 mars pour am\u00e9liorer notamment le syst\u00e8me des bourses d\u2019\u00e9tudes.<\/span><\/h5>\n<h5><span style=\"color: #1b499b;\">Ensemble, <span style=\"color: #5cb670;\">d\u00e8s le 7 mars<\/span>, mettons un coup d\u2019arr\u00eat \u00e0 ce projet de r\u00e9forme des retraites inacceptable.<\/span><\/h5>\n<h5><span style=\"color: #5cb670;\">Le 21 f\u00e9vrier 2023.<\/span><\/h5>\n<h5><a href=\"https:\/\/blog.cgcpresse.fr\/wp-content\/uploads\/2023\/02\/Communique-intersyndicale-du-21-fevrier-2023.pdf\" target=\"_blank\" rel=\"noopener\">communiqu\u00e9<\/a><\/h5>\n<p><a href=\"https:\/\/blog.cgcpresse.fr\/wp-content\/uploads\/2023\/01\/Citation-6.jpg\"><img loading=\"lazy\" decoding=\"async\" class=\"aligncenter size-full wp-image-4599\" src=\"https:\/\/blog.cgcpresse.fr\/wp-content\/uploads\/2023\/01\/Citation-6.jpg\" alt=\"\" width=\"1200\" height=\"670\" srcset=\"https:\/\/blog.cgcpresse.fr\/wp-content\/uploads\/2023\/01\/Citation-6.jpg 1200w, https:\/\/blog.cgcpresse.fr\/wp-content\/uploads\/2023\/01\/Citation-6-300x168.jpg 300w, https:\/\/blog.cgcpresse.fr\/wp-content\/uploads\/2023\/01\/Citation-6-1024x572.jpg 1024w, https:\/\/blog.cgcpresse.fr\/wp-content\/uploads\/2023\/01\/Citation-6-150x84.jpg 150w, https:\/\/blog.cgcpresse.fr\/wp-content\/uploads\/2023\/01\/Citation-6-768x429.jpg 768w\" sizes=\"auto, (max-width: 1200px) 100vw, 1200px\" \/><\/a><\/p>\n<\/div>\n","protected":false},"excerpt":{"rendered":"<p>\u2022\u2022\u2022\u2022\u2022\u2022\u2022\u2022\u2022\u2022\u2022\u2022\u2022\u2022\u2022\u2022\u2022\u2022\u2022 L\u2019ensemble des organisations syndicales (CFDT, CGT, FO, CFE-CGC, CFTC, Unsa, Solidaires, FSU) et des organisations de jeunesse (Fage, l&rsquo;Unef, VL, FIDL et MNL) contestent unanimement le projet de r\u00e9forme des retraites. L&rsquo;Intersyndicale appelle tous les salari\u00e9s \u00e0 se mobiliser &hellip; <a href=\"https:\/\/blog.cgcpresse.fr\/?page_id=4725\">Continue reading <span class=\"meta-nav\">&rarr;<\/span><\/a><\/p>\n","protected":false},"author":1,"featured_media":0,"parent":0,"menu_order":0,"comment_status":"closed","ping_status":"closed","template":"","meta":{"footnotes":""},"class_list":["post-4725","page","type-page","status-publish","hentry"],"_links":{"self":[{"href":"https:\/\/blog.cgcpresse.fr\/index.php?rest_route=\/wp\/v2\/pages\/4725","targetHints":{"allow":["GET"]}}],"collection":[{"href":"https:\/\/blog.cgcpresse.fr\/index.php?rest_route=\/wp\/v2\/pages"}],"about":[{"href":"https:\/\/blog.cgcpresse.fr\/index.php?rest_route=\/wp\/v2\/types\/page"}],"author":[{"embeddable":true,"href":"https:\/\/blog.cgcpresse.fr\/index.php?rest_route=\/wp\/v2\/users\/1"}],"replies":[{"embeddable":true,"href":"https:\/\/blog.cgcpresse.fr\/index.php?rest_route=%2Fwp%2Fv2%2Fcomments&post=4725"}],"version-history":[{"count":15,"href":"https:\/\/blog.cgcpresse.fr\/index.php?rest_route=\/wp\/v2\/pages\/4725\/revisions"}],"predecessor-version":[{"id":4994,"href":"https:\/\/blog.cgcpresse.fr\/index.php?rest_route=\/wp\/v2\/pages\/4725\/revisions\/4994"}],"wp:attachment":[{"href":"https:\/\/blog.cgcpresse.fr\/index.php?rest_route=%2Fwp%2Fv2%2Fmedia&parent=4725"}],"curies":[{"name":"wp","href":"https:\/\/api.w.org\/{rel}","templated":true}]}}