{"id":4699,"date":"2023-02-23T10:02:18","date_gmt":"2023-02-23T09:02:18","guid":{"rendered":"http:\/\/blog.cgcpresse.fr\/?page_id=4699"},"modified":"2023-04-05T12:00:52","modified_gmt":"2023-04-05T11:00:52","slug":"5e-journee-de-mobilisation-le-16-fevrier","status":"publish","type":"page","link":"https:\/\/blog.cgcpresse.fr\/?page_id=4699","title":{"rendered":"5e journ\u00e9e &#8211; Mobilisation du 16 f\u00e9vrier"},"content":{"rendered":"<figure class=\"wp-block-image\">\n<h5><a href=\"http:\/\/cgcpresse.info\/wordpress\/?attachment_id=2628\" rel=\"attachment wp-att-2628\"><img loading=\"lazy\" decoding=\"async\" class=\"size-thumbnail wp-image-3885 alignnone\" src=\"https:\/\/blog.cgcpresse.fr\/wp-content\/uploads\/2022\/06\/Logo-CFE-CGC-2016-transparent-144x150.png\" alt=\"\" width=\"144\" height=\"150\" srcset=\"https:\/\/blog.cgcpresse.fr\/wp-content\/uploads\/2022\/06\/Logo-CFE-CGC-2016-transparent-144x150.png 144w, https:\/\/blog.cgcpresse.fr\/wp-content\/uploads\/2022\/06\/Logo-CFE-CGC-2016-transparent.png 199w\" sizes=\"auto, (max-width: 144px) 100vw, 144px\" \/><\/a><\/h5>\n<h5><span style=\"color: #ec519b;\">\u2022\u2022\u2022\u2022\u2022\u2022\u2022\u2022\u2022\u2022\u2022\u2022\u2022\u2022\u2022\u2022\u2022\u2022\u2022 <\/span><span style=\"color: #1b499b;\">Les leaders syndicaux ont d\u00e9fil\u00e9 \u00e0 Albi, le jeudi 16 f\u00e9vrier, pour demander l&rsquo;abandon du projet de r\u00e9forme des retraites.<br \/>\nApr\u00e8s cette 5e journ\u00e9e de mobilisation r\u00e9ussie, Fran\u00e7ois Hommeril, pr\u00e9sident de la CFE-CGC, s&rsquo;est exprim\u00e9 pour <a href=\"https:\/\/www.bfmtv.com\/societe\/francois-hommeril-cfe-cgc-sur-la-mobilisation-contre-la-reforme-des-retraites-ce-qui-m-a-marque-c-est-la-ferveur-des-gens_VN-202302160677.html\" target=\"_blank\" rel=\"noopener\">BFMTV<\/a>&nbsp; et marque une nouvelle fois son opposition au projet : \u00ab\u00a0<em>Ce qui m&rsquo;a marqu\u00e9, c&rsquo;est la ferveur des gens. La joie qu&rsquo;il y a de participer \u00e0 ce rassemblement de toutes les forces syndicales pour repr\u00e9senter ce mouvement unanime.\u00a0\u00bb<\/em><br \/>\nIl rappelle notamment que 3 fran\u00e7ais sur 4 rejettent la r\u00e9forme des retraites : \u00ab\u00a0<em>Les fran\u00e7ais&nbsp;viennent le dire dans la rue, au gouvernement et au parlement..<\/em>.\u00a0\u00bb<\/span><\/h5>\n<\/figure>\n<h1 class=\"title-page\" style=\"text-align: center;\"><span style=\"color: #ec519b;\">Lettre du 14 f\u00e9vrier de l&rsquo;Intersyndicale aux d\u00e9put\u00e9s<\/span><\/h1>\n<div class=\"chapo\">\n<p style=\"text-align: center;\"><span style=\"color: #5cb670;\">CFE-CGC | CFDT | CFTC | CGT | FO | UNSA | Solidaires | FAGE | FSU | UNEF | VL | F!DL | MNL<\/span><\/p>\n<\/div>\n<div class=\"text-pp\">\n<h5><span style=\"color: #1b499b;\">Madame, Monsieur, la, le d\u00e9put\u00e9(e),<\/span><\/h5>\n<h5><span style=\"color: #1b499b;\">L\u2019intersyndicale constitu\u00e9e depuis juillet 2022, et profond\u00e9ment unie dans le rejet du projet de r\u00e9forme des retraites, souhaite vous interpeller de fa\u00e7on tr\u00e8s solennelle et grave sur la crise politique et sociale que traverse actuellement notre pays, en raison de l\u2019ent\u00eatement incompr\u00e9hensible du gouvernement.<\/span><\/h5>\n<h5><span style=\"color: #1b499b;\">Il n\u2019est jamais inutile de r\u00e9p\u00e9ter les raisons de la col\u00e8re. Les arguments port\u00e9s par l\u2019intersyndicale sont solides, justes. Aujourd\u2019hui, ils sont repris par l\u2019immense majorit\u00e9 des m\u00e9dias, des expertes et experts. Ils ont convaincu l\u2019opinion publique et ne peuvent, Madame, Monsieur, la, le d\u00e9put\u00e9, avoir \u00e9chapp\u00e9 \u00e0 votre sagacit\u00e9.<\/span><\/h5>\n<h5><span style=\"color: #1b499b;\">Notre syst\u00e8me de retraites par r\u00e9partition auquel nous sommes tr\u00e8s attach\u00e9s n\u2019est pas menac\u00e9 et l\u2019ex\u00e9cutif dramatise la situation de mani\u00e8re caricaturale. En effet, il int\u00e8gre notamment \u00e0 ses calculs, le poids des pensions des fonctionnaires sous financ\u00e9 par l\u2019\u00c9tat, ce qui est une h\u00e9r\u00e9sie. L\u2019objectif est de faire une r\u00e9forme budg\u00e9taire en ne sollicitant que les efforts des travailleurs, sans jamais remettre en cause des aides aux entreprises sans aucune contrepartie, la baisse permanente des imp\u00f4ts sur les entreprises, le renoncement \u00e0 la lutte contre l\u2019optimisation fiscale ou encore la course \u00e0 l\u2019extravagance financi\u00e8re qui d\u00e9s\u00e9quilibre chaque jour un peu plus la r\u00e9partition des richesses.<\/span><\/h5>\n<h5><span style=\"color: #1b499b;\">Cette pr\u00e9sentation caricaturale d\u2019un besoin urgent de r\u00e9forme du syst\u00e8me des retraites se pare d\u2019intentions nobles, toutes plus fausses les unes que les autres. Ce projet serait ainsi, selon le gouvernement, une r\u00e9forme de justice sociale favorable aux femmes, aux petits revenus et permettant une avanc\u00e9e notoire avec un minimum vieillesse port\u00e9 \u00e0 1200 euros&#8230;<\/span><\/h5>\n<h5><span style=\"color: #1b499b;\">La v\u00e9rit\u00e9 est tout autre. Les femmes comptent parmi les grandes victimes de cette r\u00e9forme avec l\u2019annulation de l\u2019effet bonificateur des maternit\u00e9s, les travailleurs et travailleuses ayant commenc\u00e9 \u00e0 travailler t\u00f4t vont travailler encore davantage et seule une petite partie des retrait\u00e9s sera concern\u00e9e par la mesure des 1200 euros mensuels. Le reste des mesures d\u2019accompagnement de la disposition phare du recul de l\u2019\u00e2ge et de l\u2019acc\u00e9l\u00e9ration de la reforme Touraine, ne sont que des tentatives d\u2019amortissement des cons\u00e9quences de cette disposition injuste.<\/span><\/h5>\n<h5><span style=\"color: #1b499b;\">La chance et le drame du pays c\u2019est que les citoyennes et citoyens, salari\u00e9s, et fonctionnaires se sont aper\u00e7us des contre-v\u00e9rit\u00e9s, en m\u00eame temps qu\u2019ils ne se d\u00e9couvraient aucune app\u00e9tence pour travailler dans des organisations o\u00f9 ils se sentent tr\u00e8s souvent ind\u00e9sirables d\u00e8s 55 ans.<\/span><\/h5>\n<h5><span style=\"color: #1b499b;\">C\u2019est une chance parce qu\u2019ils le manifestent, dans des cort\u00e8ges d\u2019une importance in\u00e9dite \u00e0 Paris et en Province, par la signature d\u2019une p\u00e9tition ayant re\u00e7u \u00e0 ce jour un million de signatures, par des r\u00e9ponses aux nombreux sondages t\u00e9moignant chaque semaine davantage du rejet massif par la population de cette r\u00e9forme.<\/span><\/h5>\n<h5><span style=\"color: #1b499b;\">C\u2019est un drame parce que le gouvernement reste sourd \u00e0 une argumentation technique solide, ancr\u00e9e dans la r\u00e9alit\u00e9 du travail. Le gouvernement reste sourd \u00e0 cette volont\u00e9 populaire et l\u2019incompr\u00e9hension a laiss\u00e9 place \u00e0 l\u2019indignation, ainsi qu\u2019\u00e0 la col\u00e8re dans un contexte d\u2019apr\u00e8s-pand\u00e9mie, de guerre en Europe, de baisse du pouvoir d\u2019achat et de crainte g\u00e9n\u00e9ralis\u00e9e pour l\u2019avenir.<\/span><\/h5>\n<h5><span style=\"color: #1b499b;\">C\u2019est la raison pour laquelle, Madame, Monsieur, la, le d\u00e9put\u00e9(e), l\u2019intersyndicale se tourne vers vous, la repr\u00e9sentation nationale. Nous sommes persuad\u00e9s que jamais vous n\u2019aurez une occasion plus belle de prouver que votre travail consiste \u00e0 relayer dans l\u2019H\u00e9micycle les aspirations des citoyennes et citoyens, qu\u2019en vous opposant \u00e0 cette r\u00e9forme.<\/span><\/h5>\n<h5><span style=\"color: #1b499b;\">Il ne s\u2019agit pas seulement d\u2019emp\u00eacher l\u2019adoption et la mise en place d\u2019un dispositif injuste, il s\u2019agit \u00e9galement de redonner \u00e0 la Nation, confiance dans la r\u00e9alit\u00e9 et la vigueur de sa d\u00e9mocratie et de maintenir une coh\u00e9sion sociale menac\u00e9e.<\/span><\/h5>\n<h5><span style=\"color: #1b499b;\">Nous vous demandons donc solennellement de voter le rejet de ce projet de loi et plus particuli\u00e8rement son article 7. Nos repr\u00e9sentantes et repr\u00e9sentants sont, si vous le pensez utile, disponibles pour vous rencontrer et vous exposer nos positions argument\u00e9es et vous convaincre.<\/span><\/h5>\n<h5><span style=\"color: #1b499b;\">Veuillez agr\u00e9er, Madame, Monsieur, la, le d\u00e9put\u00e9(e), nos salutations d\u00e9mocratiques.<\/span><\/h5>\n<h5><span style=\"color: #1b499b;\">L&rsquo;Intersyndicale<\/span><span style=\"color: #1b499b;\">.<\/span><\/h5>\n<h5><a href=\"https:\/\/blog.cgcpresse.fr\/wp-content\/uploads\/2023\/01\/Citation-4.jpg\"><img loading=\"lazy\" decoding=\"async\" class=\"aligncenter size-full wp-image-4595\" src=\"https:\/\/blog.cgcpresse.fr\/wp-content\/uploads\/2023\/01\/Citation-4.jpg\" alt=\"\" width=\"1200\" height=\"628\" srcset=\"https:\/\/blog.cgcpresse.fr\/wp-content\/uploads\/2023\/01\/Citation-4.jpg 1200w, https:\/\/blog.cgcpresse.fr\/wp-content\/uploads\/2023\/01\/Citation-4-300x157.jpg 300w, https:\/\/blog.cgcpresse.fr\/wp-content\/uploads\/2023\/01\/Citation-4-1024x536.jpg 1024w, https:\/\/blog.cgcpresse.fr\/wp-content\/uploads\/2023\/01\/Citation-4-150x79.jpg 150w, https:\/\/blog.cgcpresse.fr\/wp-content\/uploads\/2023\/01\/Citation-4-768x402.jpg 768w\" sizes=\"auto, (max-width: 1200px) 100vw, 1200px\" \/><\/a><\/h5>\n<\/div>\n","protected":false},"excerpt":{"rendered":"<p>\u2022\u2022\u2022\u2022\u2022\u2022\u2022\u2022\u2022\u2022\u2022\u2022\u2022\u2022\u2022\u2022\u2022\u2022\u2022 Les leaders syndicaux ont d\u00e9fil\u00e9 \u00e0 Albi, le jeudi 16 f\u00e9vrier, pour demander l&rsquo;abandon du projet de r\u00e9forme des retraites. Apr\u00e8s cette 5e journ\u00e9e de mobilisation r\u00e9ussie, Fran\u00e7ois Hommeril, pr\u00e9sident de la CFE-CGC, s&rsquo;est exprim\u00e9 pour BFMTV&nbsp; et marque &hellip; <a href=\"https:\/\/blog.cgcpresse.fr\/?page_id=4699\">Continue reading <span class=\"meta-nav\">&rarr;<\/span><\/a><\/p>\n","protected":false},"author":1,"featured_media":0,"parent":0,"menu_order":0,"comment_status":"closed","ping_status":"closed","template":"","meta":{"footnotes":""},"class_list":["post-4699","page","type-page","status-publish","hentry"],"_links":{"self":[{"href":"https:\/\/blog.cgcpresse.fr\/index.php?rest_route=\/wp\/v2\/pages\/4699","targetHints":{"allow":["GET"]}}],"collection":[{"href":"https:\/\/blog.cgcpresse.fr\/index.php?rest_route=\/wp\/v2\/pages"}],"about":[{"href":"https:\/\/blog.cgcpresse.fr\/index.php?rest_route=\/wp\/v2\/types\/page"}],"author":[{"embeddable":true,"href":"https:\/\/blog.cgcpresse.fr\/index.php?rest_route=\/wp\/v2\/users\/1"}],"replies":[{"embeddable":true,"href":"https:\/\/blog.cgcpresse.fr\/index.php?rest_route=%2Fwp%2Fv2%2Fcomments&post=4699"}],"version-history":[{"count":22,"href":"https:\/\/blog.cgcpresse.fr\/index.php?rest_route=\/wp\/v2\/pages\/4699\/revisions"}],"predecessor-version":[{"id":4992,"href":"https:\/\/blog.cgcpresse.fr\/index.php?rest_route=\/wp\/v2\/pages\/4699\/revisions\/4992"}],"wp:attachment":[{"href":"https:\/\/blog.cgcpresse.fr\/index.php?rest_route=%2Fwp%2Fv2%2Fmedia&parent=4699"}],"curies":[{"name":"wp","href":"https:\/\/api.w.org\/{rel}","templated":true}]}}