{"id":4657,"date":"2023-02-22T16:55:09","date_gmt":"2023-02-22T15:55:09","guid":{"rendered":"http:\/\/blog.cgcpresse.fr\/?page_id=4657"},"modified":"2023-04-05T12:00:02","modified_gmt":"2023-04-05T11:00:02","slug":"4657-2","status":"publish","type":"page","link":"https:\/\/blog.cgcpresse.fr\/?page_id=4657","title":{"rendered":"3e journ\u00e9e &#8211; Mobilisation du 7 f\u00e9vrier"},"content":{"rendered":"<h5><a style=\"pointer-events: none;\" href=\"http:\/\/cgcpresse.info\/wordpress\/?attachment_id=2628\" rel=\"attachment wp-att-2628\"><img loading=\"lazy\" decoding=\"async\" class=\"size-thumbnail wp-image-3885 alignnone\" src=\"https:\/\/blog.cgcpresse.fr\/wp-content\/uploads\/2022\/06\/Logo-CFE-CGC-2016-transparent-144x150.png\" alt=\"\" width=\"144\" height=\"150\" srcset=\"https:\/\/blog.cgcpresse.fr\/wp-content\/uploads\/2022\/06\/Logo-CFE-CGC-2016-transparent-144x150.png 144w, https:\/\/blog.cgcpresse.fr\/wp-content\/uploads\/2022\/06\/Logo-CFE-CGC-2016-transparent.png 199w\" sizes=\"auto, (max-width: 144px) 100vw, 144px\" \/><\/a><\/h5>\n<h5><span style=\"color: #ec519b;\">\u2022\u2022\u2022\u2022\u2022\u2022\u2022\u2022\u2022\u2022\u2022\u2022\u2022\u2022\u2022\u2022\u2022\u2022\u2022 <\/span><span style=\"color: #1b499b;\">En t\u00eate du cort\u00e8ge parisien, la CFE-CGC a encore massivement d\u00e9fil\u00e9 le 7 f\u00e9vrier pour dire non \u00e0 la r\u00e9forme des retraites. Fran\u00e7ois Hommeril souligne une mobilisation qui reste tr\u00e8s forte : \u00ab\u00a0<\/span><em><span style=\"color: #1b499b;\">La mobilisation cette semaine a \u00e9t\u00e9 encore plus forte que la mobilisation du 31 janvier<\/span><\/em><span style=\"color: #1b499b;\">.\u00a0\u00bb<\/span><\/h5>\n<h5><span style=\"color: #1b499b;\">Apr\u00e8s le troisi\u00e8me round de mobilisation contre la r\u00e9forme des retraites, Fran\u00e7ois Hommeril, pr\u00e9sident de la CFE-CGC, \u00e9tait l&rsquo;invit\u00e9 de <a href=\"https:\/\/www.rtl.fr\/programmes\/les-invites-de-rtl\/7900233521-francois-hommeril-president-de-la-cfe-cgc-etait-l-invite-de-rtl-soir\" target=\"_blank\" rel=\"noopener\">RTL<\/a> Soir le 7 f\u00e9vrier 2023.<\/span><\/h5>\n<h5><span style=\"color: #1b499b;\">Il a appel\u00e9 le pr\u00e9sident de la R\u00e9publique, Emmanuel Macron, \u00e0 intervenir dans le d\u00e9bat \u00ab\u00a0<em>\u00c7\u200ba me para\u00eet difficile de gouverner contre son pays, qui a plus de 75 %, rejette cette r\u00e9forme. Il faut que le pouvoir s&rsquo;exprime sur le sujet<\/em>.\u00a0\u00bb Interrog\u00e9 sur le dialogue rompu entre le gouvernement et les syndicats, Fran\u00e7ois&nbsp;Hommeril&nbsp;d\u00e9clare : \u00ab\u00a0<em>C&rsquo;est une situation&nbsp;in\u00e9dite.&nbsp;Je le regrette.&nbsp;Quand le mouvement social s&rsquo;exprime, il est le reflet d&rsquo;une v\u00e9rit\u00e9<\/em>.\u00a0\u00bb<\/span><\/h5>\n<h5><span style=\"color: #1b499b;\">Le m\u00eame jour, \u00e0 quelques heures de la mobilisation contre la r\u00e9forme des retraites, Fran\u00e7ois Hommeril d\u00e9non\u00e7ait sur <a href=\"https:\/\/t.co\/Efxcc84dVF\" target=\"_blank\" rel=\"noopener\">Radio Nova<\/a> \u00ab\u00a0les arguments bidons du gouvernement.\u00a0\u00bb<\/span><br \/>\n<span style=\"color: #1b499b;\">Alors que le projet de r\u00e9forme des retraites est en cours d\u2019examen \u00e0 l&rsquo;Assembl\u00e9e nationale, il rappelle que les arguments du gouvernement sont bidons pour justifier cette r\u00e9forme inutile : \u00ab Le gouvernement mobilise des arguments vraiment bidons. Nous sommes entr\u00e9s dans la phase l\u00e9gislative. Aller manifester, c\u2019est faire douter les d\u00e9put\u00e9s pour qu\u2019ils ne votent pas cette r\u00e9forme.\u00a0\u00bb Il d\u00e9nonce une r\u00e9forme injustifi\u00e9e : \u00ab Cette r\u00e9forme n\u2019est absolument pas justifi\u00e9e. Ni pour des raisons sociales, ni pour des raisons financi\u00e8res.\u00bb<\/span><\/h5>\n<h2 style=\"text-align: center;\"><span style=\"color: #ec519b;\">Gouvernement et parlementaires ne peuvent pas \u00eatre sourds<\/span><br \/>\n<span style=\"color: #ec519b;\"> \u00e0 cette mobilisation puissante<\/span><\/h2>\n<p style=\"text-align: center;\"><span style=\"color: #5cb670;\">CFE-CGC | CFDT | CFTC | CGT | FO | UNSA | Solidaires | FAGE | FSU | UNEF | VL | F!DL | MNL<\/span><\/p>\n<h5><span style=\"color: #1b499b;\">Avec pr\u00e8s de 2 millions de manifestants, ce <span style=\"color: #5cb670;\">7 f\u00e9vrier<\/span> a confirm\u00e9, s\u2019il \u00e9tait encore n\u00e9cessaire, la tr\u00e8s forte d\u00e9termination \u00e0 refuser le projet de r\u00e9forme des retraites pr\u00e9sent\u00e9 par le gouvernement.<\/span><\/h5>\n<h5><span style=\"color: #1b499b;\">Depuis le 19 janvier, des millions de travailleurs et travailleuses, du public comme du priv\u00e9, jeunes et retrait\u00e9s, de plus en plus exasp\u00e9r\u00e9s de ne pas \u00eatre entendus par le Gouvernement, se sont mobilis\u00e9s, par la gr\u00e8ve et\/ou ont manifest\u00e9 sur l\u2019ensemble du territoire.<\/span><\/h5>\n<h5><span style=\"color: #1b499b;\">La population soutient plus que jamais la totalit\u00e9 des organisations syndicales professionnelles et de jeunesse qui s\u2019oppose au recul de l\u2019\u00e2ge l\u00e9gal de d\u00e9part \u00e0 64 ans et \u00e0 l\u2019allongement de la dur\u00e9e de cotisations. Plus de 9 travailleurs sur 10 rejettent la r\u00e9forme, plus des 2\/3 de la population soutiennent les mobilisations.<\/span><\/h5>\n<h5><span style=\"color: #1b499b;\">De nombreux experts se font entendre pour d\u00e9noncer l\u2019injustice et la brutalit\u00e9 de cette r\u00e9forme. Ils pointent des \u00e9l\u00e9ments justificatifs insuffisants, peu quantifi\u00e9s voire erron\u00e9s.<\/span><\/h5>\n<h5><span style=\"color: #1b499b;\">Une d\u00e9mocratie qui fonctionne se doit d\u2019\u00eatre \u00e0 l\u2019\u00e9coute de la position largement majoritaire de la population qui s\u2019oppose \u00e0 cette r\u00e9forme. Face \u00e0 un gouvernement toujours sourd, alors que l\u2019examen du projet de loi a d\u00e9but\u00e9 hier \u00e0 l\u2019Assembl\u00e9e nationale, les parlementaires doivent prendre leurs responsabilit\u00e9s en rejetant ce projet de loi.<\/span><\/h5>\n<h5><span style=\"color: #1b499b;\">L\u2019intersyndicale appelle toute la population \u00e0 manifester encore plus massivement le samedi 11 f\u00e9vrier sur l\u2019ensemble du territoire pour dire non \u00e0 cette r\u00e9forme. D\u2019ici l\u00e0, elle invite \u00e0 interpeller les d\u00e9put\u00e9s et s\u00e9nateurs et \u00e0 multiplier les actions, initiatives, r\u00e9unions ou assembl\u00e9es g\u00e9n\u00e9rales partout sur le territoire, dans les entreprises et services, dans les lieux d\u2019\u00e9tude, y compris par la gr\u00e8ve.<\/span><\/h5>\n<h5><span style=\"color: #1b499b;\">L\u2019ex\u00e9cutif portera l\u2019enti\u00e8re responsabilit\u00e9 des suites de ce mouvement social in\u00e9dit par son ampleur et d\u00e9sormais ancr\u00e9 dans le paysage social. Le gouvernement doit retirer son projet sans attendre la fin du processus parlementaire.<\/span><\/h5>\n<h5><span style=\"color: #1b499b;\">L\u2019intersyndicale annoncera le <span style=\"color: #5cb670;\">samedi 11 f\u00e9vrier<\/span> les suites de cette mobilisation.<\/span><\/h5>\n<h5><span style=\"color: #1b499b;\">Paris 7 f\u00e9vrier 2023.<\/span><a href=\"https:\/\/blog.cgcpresse.fr\/wp-content\/uploads\/2023\/02\/2023-02-03-Tract-Retraites-7-et-11-fevrier-scaled.jpg\"><img loading=\"lazy\" decoding=\"async\" class=\"aligncenter size-full wp-image-4679\" src=\"https:\/\/blog.cgcpresse.fr\/wp-content\/uploads\/2023\/02\/2023-02-03-Tract-Retraites-7-et-11-fevrier-scaled.jpg\" alt=\"\" width=\"1810\" height=\"2560\" srcset=\"https:\/\/blog.cgcpresse.fr\/wp-content\/uploads\/2023\/02\/2023-02-03-Tract-Retraites-7-et-11-fevrier-scaled.jpg 1810w, https:\/\/blog.cgcpresse.fr\/wp-content\/uploads\/2023\/02\/2023-02-03-Tract-Retraites-7-et-11-fevrier-212x300.jpg 212w, https:\/\/blog.cgcpresse.fr\/wp-content\/uploads\/2023\/02\/2023-02-03-Tract-Retraites-7-et-11-fevrier-724x1024.jpg 724w, https:\/\/blog.cgcpresse.fr\/wp-content\/uploads\/2023\/02\/2023-02-03-Tract-Retraites-7-et-11-fevrier-106x150.jpg 106w, https:\/\/blog.cgcpresse.fr\/wp-content\/uploads\/2023\/02\/2023-02-03-Tract-Retraites-7-et-11-fevrier-768x1086.jpg 768w, https:\/\/blog.cgcpresse.fr\/wp-content\/uploads\/2023\/02\/2023-02-03-Tract-Retraites-7-et-11-fevrier-1086x1536.jpg 1086w, https:\/\/blog.cgcpresse.fr\/wp-content\/uploads\/2023\/02\/2023-02-03-Tract-Retraites-7-et-11-fevrier-1448x2048.jpg 1448w\" sizes=\"auto, (max-width: 1810px) 100vw, 1810px\" \/><\/a><a href=\"https:\/\/blog.cgcpresse.fr\/wp-content\/uploads\/2023\/01\/Citation-3.jpg\"><img loading=\"lazy\" decoding=\"async\" class=\"aligncenter size-full wp-image-4592\" src=\"https:\/\/blog.cgcpresse.fr\/wp-content\/uploads\/2023\/01\/Citation-3.jpg\" alt=\"\" width=\"1200\" height=\"670\" srcset=\"https:\/\/blog.cgcpresse.fr\/wp-content\/uploads\/2023\/01\/Citation-3.jpg 1200w, https:\/\/blog.cgcpresse.fr\/wp-content\/uploads\/2023\/01\/Citation-3-300x168.jpg 300w, https:\/\/blog.cgcpresse.fr\/wp-content\/uploads\/2023\/01\/Citation-3-1024x572.jpg 1024w, https:\/\/blog.cgcpresse.fr\/wp-content\/uploads\/2023\/01\/Citation-3-150x84.jpg 150w, https:\/\/blog.cgcpresse.fr\/wp-content\/uploads\/2023\/01\/Citation-3-768x429.jpg 768w\" sizes=\"auto, (max-width: 1200px) 100vw, 1200px\" \/><\/a><\/h5>\n","protected":false},"excerpt":{"rendered":"<p>\u2022\u2022\u2022\u2022\u2022\u2022\u2022\u2022\u2022\u2022\u2022\u2022\u2022\u2022\u2022\u2022\u2022\u2022\u2022 En t\u00eate du cort\u00e8ge parisien, la CFE-CGC a encore massivement d\u00e9fil\u00e9 le 7 f\u00e9vrier pour dire non \u00e0 la r\u00e9forme des retraites. Fran\u00e7ois Hommeril souligne une mobilisation qui reste tr\u00e8s forte : \u00ab\u00a0La mobilisation cette semaine a \u00e9t\u00e9 encore &hellip; <a href=\"https:\/\/blog.cgcpresse.fr\/?page_id=4657\">Continue reading <span class=\"meta-nav\">&rarr;<\/span><\/a><\/p>\n","protected":false},"author":1,"featured_media":0,"parent":0,"menu_order":0,"comment_status":"closed","ping_status":"closed","template":"","meta":{"footnotes":""},"class_list":["post-4657","page","type-page","status-publish","hentry"],"_links":{"self":[{"href":"https:\/\/blog.cgcpresse.fr\/index.php?rest_route=\/wp\/v2\/pages\/4657","targetHints":{"allow":["GET"]}}],"collection":[{"href":"https:\/\/blog.cgcpresse.fr\/index.php?rest_route=\/wp\/v2\/pages"}],"about":[{"href":"https:\/\/blog.cgcpresse.fr\/index.php?rest_route=\/wp\/v2\/types\/page"}],"author":[{"embeddable":true,"href":"https:\/\/blog.cgcpresse.fr\/index.php?rest_route=\/wp\/v2\/users\/1"}],"replies":[{"embeddable":true,"href":"https:\/\/blog.cgcpresse.fr\/index.php?rest_route=%2Fwp%2Fv2%2Fcomments&post=4657"}],"version-history":[{"count":22,"href":"https:\/\/blog.cgcpresse.fr\/index.php?rest_route=\/wp\/v2\/pages\/4657\/revisions"}],"predecessor-version":[{"id":4990,"href":"https:\/\/blog.cgcpresse.fr\/index.php?rest_route=\/wp\/v2\/pages\/4657\/revisions\/4990"}],"wp:attachment":[{"href":"https:\/\/blog.cgcpresse.fr\/index.php?rest_route=%2Fwp%2Fv2%2Fmedia&parent=4657"}],"curies":[{"name":"wp","href":"https:\/\/api.w.org\/{rel}","templated":true}]}}