{"id":4490,"date":"2022-12-31T15:40:46","date_gmt":"2022-12-31T14:40:46","guid":{"rendered":"http:\/\/blog.cgcpresse.fr\/?page_id=4490"},"modified":"2023-02-23T15:49:31","modified_gmt":"2023-02-23T14:49:31","slug":"retraites-la-mise-au-point-de-la-cfe-cgc-dossier","status":"publish","type":"page","link":"https:\/\/blog.cgcpresse.fr\/?page_id=4490","title":{"rendered":"Retraites : la mise au point de la CFE-CGC (dossier)"},"content":{"rendered":"<h5><img loading=\"lazy\" decoding=\"async\" class=\"alignnone size-full wp-image-3694\" src=\"https:\/\/blog.cgcpresse.fr\/wp-content\/uploads\/2022\/06\/CFE-CGG.png\" alt=\"\" width=\"93\" height=\"99\" \/><span style=\"color: #ec519b;\">\u2022\u2022\u2022\u2022\u2022\u2022\u2022\u2022\u2022\u2022\u2022\u2022\u2022\u2022\u2022\u2022\u2022\u2022\u2022 Alors que faire financer<\/span> <span style=\"color: #1b499b;\">par les seuls travailleurs des politiques publiques relevant de la solidarit\u00e9 nationale est le but non avou\u00e9 du projet gouvernemental, la CFE-CGC est en opposition argument\u00e9e \u00e0 une augmentation de l&rsquo;\u00e2ge l\u00e9gal de d\u00e9part et \u00e0 un allongement de la dur\u00e9e de cotisation.<\/span><\/h5>\n<h5><span style=\"color: #5cb670;\">T\u00e9l\u00e9chargez le dossier en cliquant sur l&rsquo;image :<\/span><\/h5>\n<h5><a href=\"https:\/\/blog.cgcpresse.fr\/wp-content\/uploads\/2022\/12\/Dossier-Retraites-La-mise-au-point-de-la-CFE-CGC-Le-Mag-17.pdf\"><img loading=\"lazy\" decoding=\"async\" class=\"wp-image-4489 aligncenter\" src=\"https:\/\/blog.cgcpresse.fr\/wp-content\/uploads\/2022\/12\/Dossier-Retraites-La-mise-au-point-de-la-CFE-CGC-a-la-une-scaled.jpg\" alt=\"\" width=\"513\" height=\"660\" srcset=\"https:\/\/blog.cgcpresse.fr\/wp-content\/uploads\/2022\/12\/Dossier-Retraites-La-mise-au-point-de-la-CFE-CGC-a-la-une-scaled.jpg 1992w, https:\/\/blog.cgcpresse.fr\/wp-content\/uploads\/2022\/12\/Dossier-Retraites-La-mise-au-point-de-la-CFE-CGC-a-la-une-233x300.jpg 233w, https:\/\/blog.cgcpresse.fr\/wp-content\/uploads\/2022\/12\/Dossier-Retraites-La-mise-au-point-de-la-CFE-CGC-a-la-une-797x1024.jpg 797w, https:\/\/blog.cgcpresse.fr\/wp-content\/uploads\/2022\/12\/Dossier-Retraites-La-mise-au-point-de-la-CFE-CGC-a-la-une-117x150.jpg 117w, https:\/\/blog.cgcpresse.fr\/wp-content\/uploads\/2022\/12\/Dossier-Retraites-La-mise-au-point-de-la-CFE-CGC-a-la-une-768x987.jpg 768w, https:\/\/blog.cgcpresse.fr\/wp-content\/uploads\/2022\/12\/Dossier-Retraites-La-mise-au-point-de-la-CFE-CGC-a-la-une-1195x1536.jpg 1195w, https:\/\/blog.cgcpresse.fr\/wp-content\/uploads\/2022\/12\/Dossier-Retraites-La-mise-au-point-de-la-CFE-CGC-a-la-une-1593x2048.jpg 1593w\" sizes=\"auto, (max-width: 513px) 100vw, 513px\" \/><\/a><a href=\"https:\/\/blog.cgcpresse.fr\/wp-content\/uploads\/2023\/01\/Citation-2.jpg\"><img loading=\"lazy\" decoding=\"async\" class=\"aligncenter size-full wp-image-4591\" src=\"https:\/\/blog.cgcpresse.fr\/wp-content\/uploads\/2023\/01\/Citation-2.jpg\" alt=\"\" width=\"1200\" height=\"628\" srcset=\"https:\/\/blog.cgcpresse.fr\/wp-content\/uploads\/2023\/01\/Citation-2.jpg 1200w, https:\/\/blog.cgcpresse.fr\/wp-content\/uploads\/2023\/01\/Citation-2-300x157.jpg 300w, https:\/\/blog.cgcpresse.fr\/wp-content\/uploads\/2023\/01\/Citation-2-1024x536.jpg 1024w, https:\/\/blog.cgcpresse.fr\/wp-content\/uploads\/2023\/01\/Citation-2-150x79.jpg 150w, https:\/\/blog.cgcpresse.fr\/wp-content\/uploads\/2023\/01\/Citation-2-768x402.jpg 768w\" sizes=\"auto, (max-width: 1200px) 100vw, 1200px\" \/><\/a><\/h5>\n","protected":false},"excerpt":{"rendered":"<p>\u2022\u2022\u2022\u2022\u2022\u2022\u2022\u2022\u2022\u2022\u2022\u2022\u2022\u2022\u2022\u2022\u2022\u2022\u2022 Alors que faire financer par les seuls travailleurs des politiques publiques relevant de la solidarit\u00e9 nationale est le but non avou\u00e9 du projet gouvernemental, la CFE-CGC est en opposition argument\u00e9e \u00e0 une augmentation de l&rsquo;\u00e2ge l\u00e9gal de d\u00e9part et &hellip; <a href=\"https:\/\/blog.cgcpresse.fr\/?page_id=4490\">Continue reading <span class=\"meta-nav\">&rarr;<\/span><\/a><\/p>\n","protected":false},"author":1,"featured_media":0,"parent":0,"menu_order":0,"comment_status":"closed","ping_status":"closed","template":"","meta":{"footnotes":""},"class_list":["post-4490","page","type-page","status-publish","hentry"],"_links":{"self":[{"href":"https:\/\/blog.cgcpresse.fr\/index.php?rest_route=\/wp\/v2\/pages\/4490","targetHints":{"allow":["GET"]}}],"collection":[{"href":"https:\/\/blog.cgcpresse.fr\/index.php?rest_route=\/wp\/v2\/pages"}],"about":[{"href":"https:\/\/blog.cgcpresse.fr\/index.php?rest_route=\/wp\/v2\/types\/page"}],"author":[{"embeddable":true,"href":"https:\/\/blog.cgcpresse.fr\/index.php?rest_route=\/wp\/v2\/users\/1"}],"replies":[{"embeddable":true,"href":"https:\/\/blog.cgcpresse.fr\/index.php?rest_route=%2Fwp%2Fv2%2Fcomments&post=4490"}],"version-history":[{"count":7,"href":"https:\/\/blog.cgcpresse.fr\/index.php?rest_route=\/wp\/v2\/pages\/4490\/revisions"}],"predecessor-version":[{"id":4821,"href":"https:\/\/blog.cgcpresse.fr\/index.php?rest_route=\/wp\/v2\/pages\/4490\/revisions\/4821"}],"wp:attachment":[{"href":"https:\/\/blog.cgcpresse.fr\/index.php?rest_route=%2Fwp%2Fv2%2Fmedia&parent=4490"}],"curies":[{"name":"wp","href":"https:\/\/api.w.org\/{rel}","templated":true}]}}