{"id":4478,"date":"2022-12-31T15:25:21","date_gmt":"2022-12-31T14:25:21","guid":{"rendered":"http:\/\/blog.cgcpresse.fr\/?page_id=4478"},"modified":"2023-02-23T15:51:13","modified_gmt":"2023-02-23T14:51:13","slug":"retraites-non-au-casse-du-siecle","status":"publish","type":"page","link":"https:\/\/blog.cgcpresse.fr\/?page_id=4478","title":{"rendered":"Retraites : NON AU CASSE DU SI\u00c8CLE !"},"content":{"rendered":"<div class=\"page\" title=\"Page 5\">\n<div class=\"layoutArea\">\n<div class=\"column\">\n<div id=\"toolbar-fef318aa-5ee7-4216-9b5e-a8151fdd8fbb\" class=\"block-library-classic__toolbar has-advanced-toolbar\" data-placeholder=\"Classique\">\n<div id=\"mceu_51\" class=\"mce-tinymce mce-tinymce-inline mce-container mce-panel\" tabindex=\"-1\" role=\"application\">\n<div id=\"mceu_51-body\" class=\"mce-container-body mce-abs-layout\">\n<div id=\"mceu_52\" class=\"mce-toolbar-grp mce-container mce-panel mce-abs-layout-item mce-first mce-last\" tabindex=\"-1\" role=\"group\">\n<div id=\"mceu_52-body\" class=\"mce-container-body mce-stack-layout\">\n<div id=\"mceu_55\" class=\"mce-container mce-toolbar mce-stack-layout-item mce-last\" role=\"toolbar\">\n<div id=\"mceu_55-body\" class=\"mce-container-body mce-flow-layout\">\n<div id=\"mceu_56\" class=\"mce-container mce-flow-layout-item mce-first mce-last mce-btn-group\" role=\"group\">\n<div id=\"mceu_56-body\">\n<div id=\"mceu_40\" class=\"mce-widget mce-btn mce-first\" tabindex=\"-1\" role=\"button\" aria-pressed=\"false\" aria-label=\"Barrer (\u2303\u2325D)\"><\/div>\n<div id=\"mceu_41\" class=\"mce-widget mce-btn\" tabindex=\"-1\" role=\"button\" aria-label=\"Ligne horizontale\"><\/div>\n<div id=\"mceu_42\" class=\"mce-widget mce-btn mce-splitbtn mce-colorbutton\" tabindex=\"-1\" role=\"button\" aria-haspopup=\"true\" aria-label=\"Couleur du texte\"><\/div>\n<div id=\"mceu_43\" class=\"mce-widget mce-btn\" tabindex=\"-1\" role=\"button\" aria-pressed=\"false\" aria-label=\"Coller en texte\"><\/div>\n<div id=\"mceu_44\" class=\"mce-widget mce-btn\" tabindex=\"-1\" role=\"button\" aria-label=\"Nettoyer la mise en forme\"><\/div>\n<div id=\"mceu_45\" class=\"mce-widget mce-btn\" tabindex=\"-1\" role=\"button\" aria-label=\"Caract\u00e8re sp\u00e9cial\"><\/div>\n<div id=\"mceu_46\" class=\"mce-widget mce-btn\" tabindex=\"-1\" role=\"button\" aria-label=\"Diminuer l\u2019indentation\"><\/div>\n<div id=\"mceu_47\" class=\"mce-widget mce-btn\" tabindex=\"-1\" role=\"button\" aria-label=\"Augmenter l\u2019indentation\"><\/div>\n<div id=\"mceu_48\" class=\"mce-widget mce-btn\" tabindex=\"-1\" role=\"button\" aria-label=\"Annuler (\u2318Z)\" aria-disabled=\"false\"><\/div>\n<div id=\"mceu_49\" class=\"mce-widget mce-btn mce-disabled\" tabindex=\"-1\" role=\"button\" aria-label=\"R\u00e9tablir (\u2318Y)\" aria-disabled=\"true\"><\/div>\n<div id=\"mceu_50\" class=\"mce-widget mce-btn mce-last\" tabindex=\"-1\" role=\"button\" aria-label=\"Raccourcis clavier (\u2303\u2325H)\"><\/div>\n<\/div>\n<\/div>\n<\/div>\n<\/div>\n<\/div>\n<\/div>\n<\/div>\n<\/div>\n<\/div>\n<div id=\"editor-fef318aa-5ee7-4216-9b5e-a8151fdd8fbb\" class=\"wp-block-freeform block-library-rich-text__tinymce mce-content-body html5-captions mce-edit-focus\" contenteditable=\"true\">\n<h5><img loading=\"lazy\" decoding=\"async\" class=\"alignnone size-full wp-image-3694\" src=\"https:\/\/blog.cgcpresse.fr\/wp-content\/uploads\/2022\/06\/CFE-CGG.png\" alt=\"\" width=\"93\" height=\"99\" \/><\/h5>\n<h5><span style=\"color: #ec519b;\">\u2022\u2022\u2022\u2022\u2022\u2022\u2022\u2022\u2022\u2022\u2022\u2022\u2022\u2022\u2022\u2022\u2022\u2022\u2022 Au terme du simulacre de concertation<\/span> <span style=\"color: #1b499b;\">impose\u0301e aux partenaires sociaux par le gouvernement, un constat se confirme : ce projet de re\u0301forme des retraites, qui s\u2019apparente au casse du sie\u0300cle, est inutile et potentiellement lourd de conse\u0301quences. E\u0301quilibrer le budget d\u2019un syste\u0300me de retraite qui se de\u0301graderait, re\u0301former pour re\u0301tablir les finances publiques&#8230; Les ressorts gouvernementaux pour justifier son projet cachent en re\u0301alite\u0301 un but non avoue\u0301 : celui de faire financer par les seuls travailleurs des politiques publiques relevant de la solidarite\u0301 nationale.<\/span><\/h5>\n<\/div>\n<h5><span style=\"color: #1b499b;\">Comme l\u2019ensemble des organisations syndicales, la CFE-CGC a expose\u0301 son opposition argumente\u0301e a\u0300 une augmentation de l\u2019a\u0302ge le\u0301gal de de\u0301part et a\u0300 un allongement de la dure\u0301e de cotisation. Si par le passe\u0301, il y a eu plusieurs re\u0301formes des retraites dont, pour la plupart, nous conside\u0301rions qu\u2019elles e\u0301taient ne\u0301cessaires, ce n\u2019est pas le cas aujourd\u2019hui. Avec son projet, l\u2019exe\u0301cutif ne poursuit qu\u2019un objectif : re\u0301cupe\u0301rer environ 1 point de PIB sur ce qui constitue une ressource partage\u0301e des salarie\u0301s actifs vers les retraite\u0301s, afin de pouvoir financer d\u2019autres lignes budge\u0301taires. Pour nous, c\u2019est non : les salarie\u0301s ont assez paye\u0301. Les semaines a\u0300 venir nous diront quelle strate\u0301gie syndicale adopter si le gouvernement s\u2019obstine a\u0300 concerter sans jamais re\u0301ellement e\u0301couter.<a href=\"https:\/\/blog.cgcpresse.fr\/wp-content\/uploads\/2023\/01\/Le-casse-du-siecle-cest-NON-1-1.webp\"><img loading=\"lazy\" decoding=\"async\" class=\" wp-image-4589 alignright\" src=\"https:\/\/blog.cgcpresse.fr\/wp-content\/uploads\/2023\/01\/Le-casse-du-siecle-cest-NON-1-1.webp\" alt=\"\" width=\"339\" height=\"191\" srcset=\"https:\/\/blog.cgcpresse.fr\/wp-content\/uploads\/2023\/01\/Le-casse-du-siecle-cest-NON-1-1.webp 678w, https:\/\/blog.cgcpresse.fr\/wp-content\/uploads\/2023\/01\/Le-casse-du-siecle-cest-NON-1-1-300x169.webp 300w, https:\/\/blog.cgcpresse.fr\/wp-content\/uploads\/2023\/01\/Le-casse-du-siecle-cest-NON-1-1-150x85.webp 150w\" sizes=\"auto, (max-width: 339px) 100vw, 339px\" \/><\/a> \u00a0<\/span><\/h5>\n<h5><span style=\"color: #1b499b;\">Sur l\u2019ensemble des champs sociaux-e\u0301conomiques relevant de ses compe\u0301tences, la CFE-CGC s\u2019attache plus que jamais a\u0300 faire valoir ses propositions. Et a\u0300 les partager, au service de ses structures. C\u2019est tout l\u2019objet des de\u0301placements entrepris par la direction confe\u0301de\u0301rale dans nos unions re\u0301gionales pour pre\u0301senter notre document revendicatif \u00ab Restaurer la confiance \u00bb, et ainsi e\u0301changer avec nos militants qui font rayonner la CFE-CGC dans les entreprises.<\/span><\/h5>\n<h5><span style=\"color: #1b499b;\"><span style=\"color: #ec519b;\">\u2022\u2022\u2022\u2022\u2022\u2022\u2022\u2022\u2022\u2022\u2022\u2022\u2022\u2022\u2022\u2022\u2022\u2022\u2022 Point phare<\/span> du programme d&rsquo;Emmanuel Macron, LA R\u00c9FORME DES RETRAITES est vivement critiqu\u00e9e par la CFE-CGC qui a \u00e9t\u00e9 convoqu\u00e9e fin juin 2021 \u00e0 une n\u00e9gociation dont l\u2019objectif \u00e9tait de modifier les r\u00e8gles de pilotage du r\u00e9gime de retraite compl\u00e9mentaire Agirc-Arrco.<\/span><br \/>\n<span style=\"color: #1b499b;\">Pour justifier cette r\u00e9forme, le Medef et ses partenaires patronaux s\u2019appuient sur des sc\u00e9narios qui anticipent une baisse des r\u00e9serves en-dessous de six mois de cotisations \u00e0 l\u2019horizon 2029. Ces pr\u00e9visions ne sont pas r\u00e9alistes et sont contredites par d\u2019autres sc\u00e9narios tout aussi possibles. Nous contestons donc, sur le fond, la n\u00e9cessit\u00e9 de prendre des mesures dans l\u2019urgence.<\/span><br \/>\n<span style=\"color: #1b499b;\">Par ailleurs, la r\u00e9forme voulue par le Medef revient \u00e0 mettre \u00e0 contribution les seuls retrait\u00e9s en d\u00e9gradant la revalorisation de leurs pensions. Dans le m\u00eame temps \u2013 et la CFE-CGC ne s\u2019en plaint pas \u2013 les entreprises affichent actuellement des taux de marge records. Il n\u2019est donc pas juste de faire porter l\u2019effort sur les seuls retrait\u00e9s. Si un effort de solidarit\u00e9 \u00e9tait n\u00e9cessaire pour soutenir le r\u00e9gime de retraite, ce qui n\u2019est pas d\u00e9montr\u00e9, il faudrait le produire par une solidarit\u00e9 d\u2019ensemble entre les entreprises, les actifs cotisants et les retrait\u00e9s, tout comme cela vient d\u2019\u00eatre fait pour lutter contre l\u2019impact \u00e9conomique de la pand\u00e9mie.<\/span><br \/>\n<span style=\"color: #1b499b;\">Le syst\u00e8me de retraite par r\u00e9partition est un r\u00e9gime complexe qui repose sur un pacte de solidarit\u00e9 permanent entre les actifs et les retrait\u00e9s. Toute r\u00e9forme qui donne un coup de canif \u00e0 cette logique d\u2019int\u00e9gration et d\u2019inclusivit\u00e9 repr\u00e9sente un grave danger.<\/span><\/h5>\n<h5><span style=\"color: #00b8f0;\"><a style=\"color: #00b8f0;\" href=\"https:\/\/blog.cgcpresse.fr\/wp-content\/uploads\/2023\/01\/2022-12-TRACT-Casse-du-siecle-decembre-2022.pdf\">TRACT Casse du sie\u0300cle &#8211; de\u0301cembre 2022 (<\/a><\/span><span style=\"color: #5cb670;\"><span style=\"color: #00b8f0;\"><a style=\"color: #00b8f0;\" href=\"https:\/\/blog.cgcpresse.fr\/wp-content\/uploads\/2023\/01\/2022-12-TRACT-Casse-du-siecle-decembre-2022.pdf\">2022-12)<\/a><\/span><br \/>\n<\/span><a href=\"https:\/\/www.youtube.com\/watch?v=W1SasbOgwyY\" target=\"_blank\" rel=\"noopener\"><span style=\"color: #5cb670;\">La r\u00e9forme des retraites : on en parle ? (youtube 2022-12)<\/span><\/a><br \/>\n<a href=\"https:\/\/blog.cgcpresse.fr\/wp-content\/uploads\/2023\/01\/2022-12-Synthese-des-analyses-de-la-CFE-CGC-sur-lequilibre-financier-de-notre-systeme-de-retraites.pdf\"><span style=\"color: #00b8f0;\">Synthe\u0300se des analyses de la CFE-CGC sur l\u2019e\u0301quilibre financier de notre syste\u0300me de retraites (<\/span><\/a><span style=\"color: #00b8f0;\"><a style=\"color: #00b8f0;\" href=\"https:\/\/blog.cgcpresse.fr\/wp-content\/uploads\/2023\/01\/2022-12-Synthese-des-analyses-de-la-CFE-CGC-sur-lequilibre-financier-de-notre-systeme-de-retraites.pdf\">2022-12)<\/a><\/span><br \/>\n<span style=\"color: #5cb670;\"><a style=\"color: #5cb670;\" href=\"https:\/\/blog.cgcpresse.fr\/wp-content\/uploads\/2023\/01\/2022-11-23-Reforme-des-retraites-une-fatalite-La-CFE-CGC-dit-non-.pdf\">Re\u0301forme des retraites &#8211; une fatalite\u0301 ? La CFE-CGC dit non ! (<\/a><\/span><a href=\"https:\/\/blog.cgcpresse.fr\/wp-content\/uploads\/2023\/01\/2022-11-23-Reforme-des-retraites-une-fatalite-La-CFE-CGC-dit-non-.pdf\"><span style=\"color: #5cb670;\">2022-11-23)<\/span><\/a><br \/>\n<a href=\"https:\/\/blog.cgcpresse.fr\/wp-content\/uploads\/2023\/01\/2022-11-03-Retraites-la-CFE-CGC-force-de-proposition-sur-lemploi-des-seniors.pdf\" target=\"_blank\" rel=\"noopener\"><span style=\"color: #00b8f0;\">Retraites &#8211; la CFE-CGC force de proposition sur l\u2019emploi des seniors (<\/span><\/a><span style=\"color: #00b8f0;\"><a style=\"color: #00b8f0;\" href=\"https:\/\/blog.cgcpresse.fr\/wp-content\/uploads\/2023\/01\/2022-11-03-Retraites-la-CFE-CGC-force-de-proposition-sur-lemploi-des-seniors.pdf\">2022-11-03)<\/a><\/span><br \/>\n<span style=\"color: #5cb670;\"><a style=\"color: #5cb670;\" href=\"https:\/\/blog.cgcpresse.fr\/wp-content\/uploads\/2023\/01\/2022-10-06-Reforme-des-retraites-une-concertation-au-pas-de-charge.pdf\" target=\"_blank\" rel=\"noopener\">Re\u0301forme des retraites &#8211; une concertation au pas de charge (<\/a><\/span><a href=\"https:\/\/blog.cgcpresse.fr\/wp-content\/uploads\/2023\/01\/2022-10-06-Reforme-des-retraites-une-concertation-au-pas-de-charge.pdf\" target=\"_blank\" rel=\"noopener\"><span style=\"color: #5cb670;\">2022-10-06)<\/span><\/a><br \/>\n<a href=\"https:\/\/blog.cgcpresse.fr\/wp-content\/uploads\/2022\/10\/Re\u0301forme-des-retraites-la-CFE-CGC-pre\u0301cise-son-opposition-20-09-2022.pdf\"><span style=\"color: #00b8f0;\">Re\u0301forme des retraites &#8211; la CFE-CGC pre\u0301cise son opposition (20-09-2022)<\/span><\/a><br \/>\n<a href=\"https:\/\/blog.cgcpresse.fr\/wp-content\/uploads\/2022\/10\/Conseil-National-de-la-Refondation-la-CFE-CGC-fait-de-la-re\u0301sistance.pdf\" target=\"_blank\" rel=\"noopener\"><span style=\"color: #5cb670;\">Conseil National de la Refondation &#8211; la CFE-CGC fait de la re\u0301sistance (06-09-2022)<\/span><\/a><br \/>\n<a href=\"https:\/\/blog.cgcpresse.fr\/wp-content\/uploads\/2022\/08\/Emploi-des-seniors-les-statistiques-ne-mentent-pas-21-06-2022.pdf\" target=\"_blank\" rel=\"noopener\"><span style=\"color: #00b8f0;\">Emploi des seniors : les statistiques ne mentent pas (21-06-2022)<\/span><\/a><br \/>\n<a href=\"https:\/\/blog.cgcpresse.fr\/wp-content\/uploads\/2022\/08\/Retraites-la-soutenabilite\u0301-de-notre-syste\u0300me-est-pe\u0301renne-07-06-2022.pdf\" target=\"_blank\" rel=\"noopener\"><span style=\"color: #5cb670;\">Retraites : la soutenabilit\u00e9 de notre syst\u00e8me est p\u00e9renne (07-06-2022)<\/span><\/a><br \/>\n<a href=\"https:\/\/blog.cgcpresse.fr\/wp-content\/uploads\/2022\/08\/Quest-ce-que-la-retraite-progressive-06-2022.pdf\" target=\"_blank\" rel=\"noopener\"><span style=\"color: #00b8f0;\">Qu&rsquo;est-ce que la retraite progressive ? (06-2022)<\/span><\/a><br \/>\n<a href=\"https:\/\/blog.cgcpresse.fr\/wp-content\/uploads\/2022\/08\/Cadres-au-forfait-jours-et-retraite-progressive-04-05-2022.pdf\" target=\"_blank\" rel=\"noopener\"><span style=\"color: #5cb670;\">Cadres au forfait-jours et retraite progressive (04-05-2022)<\/span><\/a><br \/>\n<a href=\"https:\/\/blog.cgcpresse.fr\/wp-content\/uploads\/2022\/08\/DARES-Les-seniors-et-le-marche\u0301-du-travail-tableau-de-bord-trimestriel-de-28-04-2022.pdf\" target=\"_blank\" rel=\"noopener\"><span style=\"color: #00b8f0;\">Les seniors et le march\u00e9 du travail, tableau de bord trimestriel de la Dares\u00a0 (28-04-2022)<\/span><\/a><br \/>\n<a href=\"https:\/\/blog.cgcpresse.fr\/wp-content\/uploads\/2022\/08\/Retraite-a\u0300-65-ans-la-CFE-CGC-de\u0301nonce-une-re\u0301forme-injustifie\u0301e-11-03-2022.pdf\" target=\"_blank\" rel=\"noopener\"><span style=\"color: #5cb670;\">Retraite \u00e0 65 ans : la CFE-CGC d\u00e9nonce une r\u00e9forme injustifi\u00e9e (11-03-2022)<\/span><\/a><br \/>\n<a href=\"https:\/\/blog.cgcpresse.fr\/wp-content\/uploads\/2022\/08\/Quest-ce-quun-PERECO-03-2022.pdf\" target=\"_blank\" rel=\"noopener\"><span style=\"color: #00b8f0;\">Qu&rsquo;est-ce qu&rsquo;un PERECO ? (03-2022)<\/span><\/a><br \/>\n<a href=\"https:\/\/blog.cgcpresse.fr\/wp-content\/uploads\/2023\/01\/Guide-Qualite-de-Vie-et-des-Conditions-de-Travail-QVCT-15-12-2021.pdf\" target=\"_blank\" rel=\"noopener\"><span class=\"upload-filename\"><span style=\"color: #5cb670;\">Guide Qualite\u0301 de Vie et des Conditions de Travail QVCT (15-12-2021)<\/span><\/span><\/a><br \/>\n<span style=\"color: #00b8f0;\"><a style=\"color: #00b8f0;\" href=\"https:\/\/blog.cgcpresse.fr\/wp-content\/uploads\/2022\/08\/Pourquoi-la-CFE-CGC-soppose-a\u0300-laccord-AGIRC-ARRCO-23-09-2021.pdf\" target=\"_blank\" rel=\"noopener\">Pourquoi la CFE-CGC s&rsquo;oppose \u00e0 l&rsquo;accord AGIRC-ARRCO (23-09-2021)<\/a><\/span><br \/>\n<a href=\"https:\/\/blog.cgcpresse.fr\/wp-content\/uploads\/2023\/01\/Quest-ce-que-le-droit-a-la-deconnexion-09-2019.pdf\" target=\"_blank\" rel=\"noopener\"><span style=\"color: #00b8f0;\"><span style=\"color: #5cb670;\">Qu&rsquo;est-ce que le droit \u00e0 la d\u00e9connexion ? (09-2019)<\/span><\/span><\/a><\/h5>\n<p><a href=\"https:\/\/blog.cgcpresse.fr\/wp-content\/uploads\/2023\/01\/Citation-9.jpg\"><img loading=\"lazy\" decoding=\"async\" class=\"aligncenter size-full wp-image-4588\" src=\"https:\/\/blog.cgcpresse.fr\/wp-content\/uploads\/2023\/01\/Citation-9.jpg\" alt=\"\" width=\"1200\" height=\"670\" srcset=\"https:\/\/blog.cgcpresse.fr\/wp-content\/uploads\/2023\/01\/Citation-9.jpg 1200w, https:\/\/blog.cgcpresse.fr\/wp-content\/uploads\/2023\/01\/Citation-9-300x168.jpg 300w, https:\/\/blog.cgcpresse.fr\/wp-content\/uploads\/2023\/01\/Citation-9-1024x572.jpg 1024w, https:\/\/blog.cgcpresse.fr\/wp-content\/uploads\/2023\/01\/Citation-9-150x84.jpg 150w, https:\/\/blog.cgcpresse.fr\/wp-content\/uploads\/2023\/01\/Citation-9-768x429.jpg 768w\" sizes=\"auto, (max-width: 1200px) 100vw, 1200px\" \/><\/a><\/p>\n<h5><span style=\"color: #1b499b;\">\u00a0<\/span><\/h5>\n<\/div>\n<\/div>\n<\/div>\n","protected":false},"excerpt":{"rendered":"<p>\u2022\u2022\u2022\u2022\u2022\u2022\u2022\u2022\u2022\u2022\u2022\u2022\u2022\u2022\u2022\u2022\u2022\u2022\u2022 Au terme du simulacre de concertation impose\u0301e aux partenaires sociaux par le gouvernement, un constat se confirme : ce projet de re\u0301forme des retraites, qui s\u2019apparente au casse du sie\u0300cle, est inutile et potentiellement lourd de conse\u0301quences. E\u0301quilibrer le &hellip; <a href=\"https:\/\/blog.cgcpresse.fr\/?page_id=4478\">Continue reading <span class=\"meta-nav\">&rarr;<\/span><\/a><\/p>\n","protected":false},"author":1,"featured_media":0,"parent":0,"menu_order":0,"comment_status":"closed","ping_status":"closed","template":"","meta":{"footnotes":""},"class_list":["post-4478","page","type-page","status-publish","hentry"],"_links":{"self":[{"href":"https:\/\/blog.cgcpresse.fr\/index.php?rest_route=\/wp\/v2\/pages\/4478","targetHints":{"allow":["GET"]}}],"collection":[{"href":"https:\/\/blog.cgcpresse.fr\/index.php?rest_route=\/wp\/v2\/pages"}],"about":[{"href":"https:\/\/blog.cgcpresse.fr\/index.php?rest_route=\/wp\/v2\/types\/page"}],"author":[{"embeddable":true,"href":"https:\/\/blog.cgcpresse.fr\/index.php?rest_route=\/wp\/v2\/users\/1"}],"replies":[{"embeddable":true,"href":"https:\/\/blog.cgcpresse.fr\/index.php?rest_route=%2Fwp%2Fv2%2Fcomments&post=4478"}],"version-history":[{"count":14,"href":"https:\/\/blog.cgcpresse.fr\/index.php?rest_route=\/wp\/v2\/pages\/4478\/revisions"}],"predecessor-version":[{"id":4823,"href":"https:\/\/blog.cgcpresse.fr\/index.php?rest_route=\/wp\/v2\/pages\/4478\/revisions\/4823"}],"wp:attachment":[{"href":"https:\/\/blog.cgcpresse.fr\/index.php?rest_route=%2Fwp%2Fv2%2Fmedia&parent=4478"}],"curies":[{"name":"wp","href":"https:\/\/api.w.org\/{rel}","templated":true}]}}