{"id":4432,"date":"2022-12-31T14:14:13","date_gmt":"2022-12-31T13:14:13","guid":{"rendered":"http:\/\/blog.cgcpresse.fr\/?page_id=4432"},"modified":"2022-12-31T14:36:47","modified_gmt":"2022-12-31T13:36:47","slug":"la-concentration-des-medias-en-france","status":"publish","type":"page","link":"https:\/\/blog.cgcpresse.fr\/?page_id=4432","title":{"rendered":"La CONCENTRATION des M\u00c9DIAS en France"},"content":{"rendered":"<h5><a href=\"https:\/\/blog.cgcpresse.fr\/wp-content\/uploads\/2022\/12\/th.webp\"><img loading=\"lazy\" decoding=\"async\" class=\"wp-image-4451 alignleft\" src=\"https:\/\/blog.cgcpresse.fr\/wp-content\/uploads\/2022\/12\/th.webp\" alt=\"\" width=\"92\" height=\"92\" srcset=\"https:\/\/blog.cgcpresse.fr\/wp-content\/uploads\/2022\/12\/th.webp 474w, https:\/\/blog.cgcpresse.fr\/wp-content\/uploads\/2022\/12\/th-300x300.webp 300w, https:\/\/blog.cgcpresse.fr\/wp-content\/uploads\/2022\/12\/th-150x150.webp 150w\" sizes=\"auto, (max-width: 92px) 100vw, 92px\" \/><\/a><img loading=\"lazy\" decoding=\"async\" class=\"alignnone size-full wp-image-3694\" src=\"https:\/\/blog.cgcpresse.fr\/wp-content\/uploads\/2022\/06\/CFE-CGG.png\" alt=\"\" width=\"93\" height=\"99\" \/><span style=\"color: #ec519b;\"> \u2022\u2022\u2022\u2022\u2022\u2022\u2022\u2022\u2022\u2022\u2022\u2022\u2022\u2022\u2022\u2022\u2022\u2022\u2022\u00a0 <em>\u00ab Le principe de la libert\u00e9 de la presse <span style=\"color: #1b499b;\">n\u2019est pas moins essentiel, n\u2019est pas moins sacr\u00e9 que le principe du suffrage universel. Ce sont les deux c\u00f4t\u00e9s du m\u00eame fait. Ces deux principes s\u2019appellent et se compl\u00e8tent r\u00e9ciproquement. La libert\u00e9 de la presse \u00e0 c\u00f4t\u00e9 du suffrage universel, c\u2019est la pens\u00e9e de tous \u00e9clairant le gouvernement de tous. Attenter \u00e0 l\u2019une, c\u2019est attenter \u00e0 l\u2019autre. \u00bb<\/span><\/em><span style=\"color: #1b499b;\"><br \/>\n<\/span><\/span><span style=\"color: #ec519b;\"><span style=\"color: #1b499b;\">Victor Hugo, discours le 11 septembre 1848.<\/span><\/span><\/h5>\n<h5><span style=\"color: #1b499b;\">La commission d\u2019enqu\u00eate sur la concentration des m\u00e9dias cr\u00e9\u00e9e au sein du S\u00e9nat avait pour <span style=\"color: #5cb670;\">objectif\u00a0 d\u2019estimer la r\u00e9alit\u00e9 de la concentration des m\u00e9dias dans notre pays et mesurer \u00e0 quel point elle est susceptible d\u2019entraver la libert\u00e9 d\u2019expression et la d\u00e9mocratie<\/span> et de porter atteinte aux principes constitutionnels de libert\u00e9, d\u2019ind\u00e9pendance et de pluralisme des m\u00e9dias.<\/span><\/h5>\n<h5><span style=\"color: #1b499b;\">La commission s\u2019est attach\u00e9e \u00e0 \u00e9tablir dans un premier temps un <span style=\"color: #5cb670;\">bilan des l\u00e9gislations en mati\u00e8re de concentration applicables en France<\/span>, mais \u00e9galement chez nos principaux partenaires, faisant ressortir des interrogations largement partag\u00e9es. La commission a cherch\u00e9 \u00e0 <span style=\"color: #5cb670;\">analyser les moteurs qui acc\u00e9l\u00e8rent actuellement ces mouvements de regroupement<\/span>, avant d\u2019\u00e9tablir un diagnostic pr\u00e9cis du secteur en France. Elle a par la suite \u00e9tabli une <span style=\"color: #5cb670;\">typologie des risques\u00a0associ\u00e9s aux concentrations<\/span>, \u00e0 la lumi\u00e8re des tr\u00e8s nombreux t\u00e9moignages qu\u2019elle a recueillis, avant de souligner aussi les faiblesses de la l\u00e9gislation fran\u00e7aise qui a insuffisamment permis aux acteurs nationaux de se d\u00e9velopper.<\/span><\/h5>\n<h5><span style=\"color: #1b499b;\">Le rapport pr\u00e9sent\u00e9 le 29 mars 2022 a proc\u00e9d\u00e9 \u00e0 une analyse objective et impartiale du ph\u00e9nom\u00e8ne des concentrations dans le secteur des m\u00e9dias, afin de porter \u00e0 la connaissance des citoyens, des autorit\u00e9s et du Parlement, des recherches approfondies, une documentation fournie, et un tr\u00e8s grand nombre de t\u00e9moignages, destin\u00e9s \u00e0 \u00e9clairer le d\u00e9bat public sur cette question essentielle pour notre d\u00e9mocratie.<br \/>\n<\/span><span style=\"color: #1b499b;\">Sur cette base, il <span style=\"color: #5cb670;\">a d\u00e9gag\u00e9 des pistes de travail et des mesures r\u00e9pondant aux enjeux essentiels<\/span> qu\u2019il soul\u00e8ve.<\/span><\/h5>\n<h5><span style=\"color: #00b8f0;\"><span style=\"color: #5cb670;\">Cliquez pour lire :<\/span><\/span><\/h5>\n<h5><span style=\"color: #00b8f0;\"><a href=\"https:\/\/blog.cgcpresse.fr\/wp-content\/uploads\/2022\/12\/2022-03-29-SENAT-Concentration-dans-les-medias-en-France-Synthese.pdf\">L&rsquo;essentiel sur la Commission d&rsquo;enqu\u00eate relative \u00e0 la CONCENTRATION DES ME\u0301DIAS EN FRANCE<\/a><\/span><\/h5>\n<h5><span style=\"color: #ec519b;\"><a style=\"color: #ec519b;\" href=\"https:\/\/blog.cgcpresse.fr\/wp-content\/uploads\/2022\/12\/2022-12-20-SENAT-Concentration-dans-les-medias-en-France-synthese-PRESSE.pdf\">Synth\u00e8se du rapport cibl\u00e9e sur la Presse (par la CGC Presse)<\/a><\/span><\/h5>\n<h5><\/h5>\n","protected":false},"excerpt":{"rendered":"<p>\u2022\u2022\u2022\u2022\u2022\u2022\u2022\u2022\u2022\u2022\u2022\u2022\u2022\u2022\u2022\u2022\u2022\u2022\u2022\u00a0 \u00ab Le principe de la libert\u00e9 de la presse n\u2019est pas moins essentiel, n\u2019est pas moins sacr\u00e9 que le principe du suffrage universel. Ce sont les deux c\u00f4t\u00e9s du m\u00eame fait. Ces deux principes s\u2019appellent et se compl\u00e8tent r\u00e9ciproquement. &hellip; <a href=\"https:\/\/blog.cgcpresse.fr\/?page_id=4432\">Continue reading <span class=\"meta-nav\">&rarr;<\/span><\/a><\/p>\n","protected":false},"author":1,"featured_media":0,"parent":0,"menu_order":0,"comment_status":"closed","ping_status":"closed","template":"","meta":{"footnotes":""},"class_list":["post-4432","page","type-page","status-publish","hentry"],"_links":{"self":[{"href":"https:\/\/blog.cgcpresse.fr\/index.php?rest_route=\/wp\/v2\/pages\/4432","targetHints":{"allow":["GET"]}}],"collection":[{"href":"https:\/\/blog.cgcpresse.fr\/index.php?rest_route=\/wp\/v2\/pages"}],"about":[{"href":"https:\/\/blog.cgcpresse.fr\/index.php?rest_route=\/wp\/v2\/types\/page"}],"author":[{"embeddable":true,"href":"https:\/\/blog.cgcpresse.fr\/index.php?rest_route=\/wp\/v2\/users\/1"}],"replies":[{"embeddable":true,"href":"https:\/\/blog.cgcpresse.fr\/index.php?rest_route=%2Fwp%2Fv2%2Fcomments&post=4432"}],"version-history":[{"count":14,"href":"https:\/\/blog.cgcpresse.fr\/index.php?rest_route=\/wp\/v2\/pages\/4432\/revisions"}],"predecessor-version":[{"id":4461,"href":"https:\/\/blog.cgcpresse.fr\/index.php?rest_route=\/wp\/v2\/pages\/4432\/revisions\/4461"}],"wp:attachment":[{"href":"https:\/\/blog.cgcpresse.fr\/index.php?rest_route=%2Fwp%2Fv2%2Fmedia&parent=4432"}],"curies":[{"name":"wp","href":"https:\/\/api.w.org\/{rel}","templated":true}]}}