{"id":4156,"date":"2022-10-14T17:39:43","date_gmt":"2022-10-14T16:39:43","guid":{"rendered":"http:\/\/blog.cgcpresse.fr\/?page_id=4156"},"modified":"2022-10-15T21:29:04","modified_gmt":"2022-10-15T20:29:04","slug":"512-pour-les-retraites-complementaires","status":"publish","type":"page","link":"https:\/\/blog.cgcpresse.fr\/?page_id=4156","title":{"rendered":"+ 5,12 % pour les Retraites le 01-11-2022"},"content":{"rendered":"<h5><img loading=\"lazy\" decoding=\"async\" class=\"alignnone size-full wp-image-3694\" src=\"https:\/\/blog.cgcpresse.fr\/wp-content\/uploads\/2022\/06\/CFE-CGG.png\" alt=\"\" width=\"93\" height=\"99\" \/><span style=\"color: #ec519b;\">\u2022\u2022\u2022\u2022\u2022\u2022\u2022\u2022\u2022\u2022\u2022\u2022\u2022\u2022\u2022\u2022\u2022\u2022\u2022<\/span> <span style=\"color: #1b499b;\">Les pensions de retraite compl\u00e9mentaire des salari\u00e9s du priv\u00e9 vont \u00eatre augment\u00e9es de 5,12 % le 1er novembre 2022, a annonc\u00e9 l\u2019instance paritaire pilot\u00e9e par les partenaires sociaux.<\/span><\/h5>\n<h5><span style=\"color: #1b499b;\">Bonne nouvelle pour les 13 millions de salari\u00e9s du secteur priv\u00e9 allocataires d\u2019une retraite compl\u00e9mentaire. \u00c0 l\u2019issue de son conseil d\u2019administration du jeudi 6 octobre, l\u2019Agirc-Arrco a annonc\u00e9 que les pensions de retraite compl\u00e9mentaire seront augment\u00e9es de 5,12 % \u00e0 compter du 1er novembre prochain. Cette hausse repr\u00e9sente un impact annuel de 4,5 milliards d\u2019euros, financ\u00e9e par le r\u00e9gime. \u00ab Cette revalorisation significative, rendue possible gr\u00e2ce \u00e0 la situation financi\u00e8re robuste de l\u2019Agirc-Arrco, a \u00e9t\u00e9 d\u00e9cid\u00e9e apr\u00e8s avoir s\u00e9curis\u00e9 l\u2019\u00e9quilibre financier du r\u00e9gime et son niveau de r\u00e9serves sur les 15 prochaines ann\u00e9es \u00bb, souligne dans un <span style=\"color: #00b8f0;\"><a style=\"color: #00b8f0;\" href=\"https:\/\/blog.cgcpresse.fr\/wp-content\/uploads\/2022\/10\/2022-10-06-Agirc-Arrco-512-communique\u0301-de-presse.pdf\" target=\"_blank\" rel=\"noopener\">communiqu\u00e9<\/a><\/span> l\u2019instance paritaire pilot\u00e9e par les partenaires sociaux.<\/span><\/h5>\n<h5><span style=\"color: #1b499b;\">Conform\u00e9ment aux r\u00e8gles de pilotage d\u2019un r\u00e9gime par r\u00e9partition (inscrites dans <span style=\"color: #00b8f0;\">l<a style=\"color: #00b8f0;\" href=\"https:\/\/blog.cgcpresse.fr\/wp-content\/uploads\/2022\/10\/2019-05-10-Agirc-Arrco-Accord_national_interprofessionnel_10052019.pdf\" target=\"_blank\" rel=\"noopener\">\u2019accord national interprofessionnel du 10 mai 2019<\/a><\/span>), les retraites Agirc-Arrco suivent l\u2019\u00e9volution du salaire moyen, dans un contexte d\u2019inflation sup\u00e9rieure \u00e0 la hausse du salaire moyen, comme c\u2019est le cas cette ann\u00e9e. Sur la base d\u2019une \u00e9volution du salaire moyen de +4,82 %, \u00e0 laquelle s\u2019ajoute un rattrapage de +0,1 % au titre de l\u2019inflation constat\u00e9e en 2021, les partenaires sociaux ont d\u00e9cid\u00e9 d\u2019accorder une marge de man\u0153uvre suppl\u00e9mentaire de +0,2 %, compatible avec la trajectoire financi\u00e8re du r\u00e9gime.<\/span><\/h5>\n<h5><span style=\"color: #ec519b;\">UNE GESTION RESPONSABLE ET EXEMPLAIRE DES PARTENAIRES SOCIAUX, MOBILIS\u00c9S POUR L\u2019INT\u00c9R\u00caT G\u00c9N\u00c9RAL<\/span><\/h5>\n<h5><span style=\"color: #1b499b;\">\u00ab Cette gestion responsable et exemplaire des partenaires sociaux, mobilis\u00e9s pour l\u2019int\u00e9r\u00eat g\u00e9n\u00e9ral, permet au r\u00e9gime de b\u00e9n\u00e9ficier aujourd\u2019hui d\u2019une situation financi\u00e8re solide sans aucune dette, indique l\u2019Agirc-Arrco. Elle garantit le paiement des retraites \u00e0 chaque g\u00e9n\u00e9ration sans peser sur les g\u00e9n\u00e9rations futures. \u00bb<\/span><\/h5>\n<h5><span style=\"color: #1b499b;\">\u00ab Si l\u2019Agirc-Arrco est capable de revaloriser les retraites compl\u00e9mentaires en maintenant l\u2019\u00e9quilibre sur le long terme, c\u2019est parce que le r\u00e9gime a l\u2019enti\u00e8re ma\u00eetrise de ses ressources. Le transfert du recouvrement par l\u2019\u00c9tat pr\u00e9vu d\u00e8s 2023 porte atteinte au pilotage de la retraite compl\u00e9mentaire par les repr\u00e9sentants des salari\u00e9s et des entreprises, facteur d\u2019\u00e9quilibre depuis 75 ans \u00bb, alerte toutefois, \u00e0 l\u2019unanimit\u00e9, le conseil d\u2019administration de l\u2019Agirc-Arrco.<\/span><\/h5>\n<h5><span style=\"color: #1b499b;\">R\u00e9gime de retraite compl\u00e9mentaire obligatoire des salari\u00e9s du priv\u00e9, l\u2019Agirc-Arrco repose sur les principes de r\u00e9partition et de solidarit\u00e9 entre les g\u00e9n\u00e9rations. 25 millions de salari\u00e9s y cotisent pour constituer leurs droits futurs et 1,7 million d\u2019entreprises adh\u00e8rent au r\u00e9gime.<\/span><\/h5>\n<h5><span style=\"color: #ec519b;\">L\u2019ANALYSE DE G\u00c9RARD MARDIN\u00c9, SECR\u00c9TAIRE G\u00c9N\u00c9RAL DE LA CFE-CGC ET ADMINISTRATEUR CFE-CGC DE L\u2019AGIRC-ARRCO<\/span><\/h5>\n<h5><span style=\"color: #1b499b;\">\u00ab Les principes de calcul de la revalorisation de la valeur de service du point Agirc-Arrco et sa date d\u2019application au 1er novembre sont d\u00e9finis dans les accords nationaux interprofessionnels r\u00e9gissant l\u2019instance paritaire. Suite \u00e0 une sollicitation port\u00e9e par la CFE-CGC, les discussions au sein des instances ont permis d\u2019aboutir \u00e0 une latitude donn\u00e9e au conseil d\u2019administration d\u2019aller un peu au-del\u00e0 de la revalorisation r\u00e9sultant de l\u2019application des accords. Cela permet donc de compenser une partie du retard pris par rapport \u00e0 l\u2019inflation lors de la revalorisation de l\u2019an dernier. Cette revalorisation de 5,12 % nous parait un compromis satisfaisant dans le contexte actuel. \u00bb<\/span><\/h5>\n<h5><span style=\"color: #5cb670;\">Mathieu Bahuet<br \/>\npubli\u00e9 le 12-10-2022<br \/>\n<\/span><\/h5>\n<h5><\/h5>\n<h5><\/h5>\n<h5><\/h5>\n","protected":false},"excerpt":{"rendered":"<p>\u2022\u2022\u2022\u2022\u2022\u2022\u2022\u2022\u2022\u2022\u2022\u2022\u2022\u2022\u2022\u2022\u2022\u2022\u2022 Les pensions de retraite compl\u00e9mentaire des salari\u00e9s du priv\u00e9 vont \u00eatre augment\u00e9es de 5,12 % le 1er novembre 2022, a annonc\u00e9 l\u2019instance paritaire pilot\u00e9e par les partenaires sociaux. Bonne nouvelle pour les 13 millions de salari\u00e9s du secteur priv\u00e9 &hellip; <a href=\"https:\/\/blog.cgcpresse.fr\/?page_id=4156\">Continue reading <span class=\"meta-nav\">&rarr;<\/span><\/a><\/p>\n","protected":false},"author":1,"featured_media":0,"parent":0,"menu_order":0,"comment_status":"closed","ping_status":"closed","template":"","meta":{"footnotes":""},"class_list":["post-4156","page","type-page","status-publish","hentry"],"_links":{"self":[{"href":"https:\/\/blog.cgcpresse.fr\/index.php?rest_route=\/wp\/v2\/pages\/4156","targetHints":{"allow":["GET"]}}],"collection":[{"href":"https:\/\/blog.cgcpresse.fr\/index.php?rest_route=\/wp\/v2\/pages"}],"about":[{"href":"https:\/\/blog.cgcpresse.fr\/index.php?rest_route=\/wp\/v2\/types\/page"}],"author":[{"embeddable":true,"href":"https:\/\/blog.cgcpresse.fr\/index.php?rest_route=\/wp\/v2\/users\/1"}],"replies":[{"embeddable":true,"href":"https:\/\/blog.cgcpresse.fr\/index.php?rest_route=%2Fwp%2Fv2%2Fcomments&post=4156"}],"version-history":[{"count":8,"href":"https:\/\/blog.cgcpresse.fr\/index.php?rest_route=\/wp\/v2\/pages\/4156\/revisions"}],"predecessor-version":[{"id":5075,"href":"https:\/\/blog.cgcpresse.fr\/index.php?rest_route=\/wp\/v2\/pages\/4156\/revisions\/5075"}],"wp:attachment":[{"href":"https:\/\/blog.cgcpresse.fr\/index.php?rest_route=%2Fwp%2Fv2%2Fmedia&parent=4156"}],"curies":[{"name":"wp","href":"https:\/\/api.w.org\/{rel}","templated":true}]}}