{"id":3495,"date":"2019-02-26T15:13:28","date_gmt":"2019-02-26T14:13:28","guid":{"rendered":"http:\/\/cgcpresse.info\/wordpress\/?page_id=3495"},"modified":"2022-12-31T12:12:01","modified_gmt":"2022-12-31T11:12:01","slug":"quoi-de-neuf-en-2019","status":"publish","type":"page","link":"https:\/\/blog.cgcpresse.fr\/?page_id=3495","title":{"rendered":"Fusion AGIRC-ARRCO le 1er janvier 2019"},"content":{"rendered":"<h5><a href=\"http:\/\/cgcpresse.info\/wordpress\/?attachment_id=2628\" rel=\"attachment wp-att-2628\"><img loading=\"lazy\" decoding=\"async\" class=\"size-thumbnail wp-image-3885 alignnone\" src=\"https:\/\/blog.cgcpresse.fr\/wp-content\/uploads\/2022\/06\/Logo-CFE-CGC-2016-transparent-144x150.png\" alt=\"\" width=\"144\" height=\"150\" srcset=\"https:\/\/blog.cgcpresse.fr\/wp-content\/uploads\/2022\/06\/Logo-CFE-CGC-2016-transparent-144x150.png 144w, https:\/\/blog.cgcpresse.fr\/wp-content\/uploads\/2022\/06\/Logo-CFE-CGC-2016-transparent.png 199w\" sizes=\"auto, (max-width: 144px) 100vw, 144px\" \/><\/a><span style=\"color: #ec519b;\">\u2022\u2022\u2022\u2022\u2022\u2022\u2022\u2022\u2022\u2022\u2022\u2022\u2022\u2022\u2022\u2022\u2022\u2022\u2022<\/span> <span style=\"color: #1b499b;\">Au 1er janvier 2019, le r\u00e9gime de retraite compl\u00e9mentaire des salari\u00e9s du priv\u00e9 a pris le nom \u00ab Agirc-Arrco \u00bb, cons\u00e9quence de la <span style=\"color: #ec519b;\">fusion des r\u00e9gimes Agirc (sp\u00e9cifique aux cadres) <\/span><\/span><span style=\"color: #1b499b;\"><span style=\"color: #ec519b;\">et Arrco (pour tous les salari\u00e9s du priv\u00e9)<\/span>. Deux principaux changements sont \u00e0 souligner : l\u2019instauration d\u2019un bonus\/malus temporaire et la fin de la garantie minimale de points (GMP).<br \/>\n<span style=\"color: #5cb670;\"><a style=\"color: #5cb670;\" href=\"https:\/\/blog.cgcpresse.fr\/wp-content\/uploads\/2022\/10\/Retraite-comple\u0301mentaire-2019-que-change-la-fusion-de-lagirc-et-de-larrco-BC60.pdf\" target=\"_blank\" rel=\"noreferrer noopener\">Retraite compl\u00e9mentaire &#8211; que c<span style=\"color: #5cb670;\">hange la fusion de<\/span> l\u2019Agirc et de l\u2019Arrc<span style=\"color: #5cb670;\">o ?<\/span><\/a><\/span><\/span><\/h5>\n<p><span style=\"color: #1b499b;\">Au-del\u00e0 de cette fusion, la mise en place d\u2019un r\u00e9gime unifi\u00e9 de retraite compl\u00e9mentaire pour les salari\u00e9s du secteur priv\u00e9 a des r<span style=\"color: #ec519b;\">\u00e9percussions sur la protection sociale compl\u00e9mentaire<\/span> construite autour de la distinction entre cadres\/non cadres (affiliation ou non au r\u00e9gime Agirc).<br \/>\n<\/span><a href=\"https:\/\/blog.cgcpresse.fr\/wp-content\/uploads\/2022\/10\/Limpact-de-la-fusion-2019-des-re\u0301gimes-agirc-arrco-sur-les-re\u0301gimes-de-protection-sociale-comple\u0301mentaires-RegardsProtecBC60-.pdf\" target=\"_blank\" rel=\"noopener\"><span style=\"color: #5cb670;\">L\u2019impact de la fusion des re\u0301gimes Agirc-Arrco sur les re\u0301gimes de protection sociale comple\u0301mentaires<\/span><\/a><\/p>\n<p class=\"has-text-color\"><span style=\"color: #ec519b;\">D\u00e9mographie, taux d\u2019emploi, types d\u2019emplois occup\u00e9s&#8230;<\/span> <span style=\"color: #1b499b;\">Entre mythes et r\u00e9alit\u00e9s, qu\u2019en est-il de l\u2019emploi des seniors en France ? Le r\u00e9cent rapport de France Strat\u00e9gie permet d\u2019apporter quelques \u00e9l\u00e9ments de r\u00e9ponses chiffr\u00e9s.<br \/>\n<\/span><a href=\"https:\/\/blog.cgcpresse.fr\/wp-content\/uploads\/2022\/10\/Ve\u0301rite\u0301s-sur-lemploi-de-se\u0301niors-en-France-BC58.pdf\" target=\"_blank\" rel=\"noopener\"><span style=\"color: #5cb670;\">Ve\u0301rite\u0301s sur l&#8217;emploi de se\u0301niors en France<\/span><\/a><\/p>\n<p><span style=\"color: #ec519b;\">Combien de trimestres d&rsquo;assurance retraite faut-il pour avoir sa retraite \u00e0 taux plein ?<\/span><br \/>\n<span style=\"color: #1b499b;\">Pour avoir droit \u00e0 une retraite \u00e0 taux plein (c&rsquo;est-\u00e0-dire sans d\u00e9cote), vous devez justifier d&rsquo;un certain nombre de trimestres d&rsquo;assurance retraite. Le nombre de trimestres requis varie selon votre ann\u00e9e de naissance.<\/span> <span style=\"color: #1b499b;\">Tous les trimestres d&rsquo;assurance retraite acquis aupr\u00e8s des diff\u00e9rents r\u00e9gimes de retraite obligatoires (en tant que salari\u00e9 du secteur priv\u00e9, salari\u00e9 agricole, agent de la fonction, etc.) sont pris en compte.<\/span><\/p>\n<p><span style=\"color: #00b8f0;\">Ann\u00e9es de naissance \/ nombre de trimestres exig\u00e9<\/span><br \/>\n<span style=\"color: #1b499b;\">1955 \u00e0 1957 \/ 166 (41 ans et 6 mois)<br \/>\n<\/span> <span style=\"color: #5cb670;\">1958 \u00e0 1960 \/ 167 (41 ans et 9 mois)<\/span><br \/>\n<span style=\"color: #1b499b;\">1961 \u00e0 1963 \/ 168 (42 ans)<\/span><br \/>\n<span style=\"color: #5cb670;\">1964 \u00e0 1966 \/ 169 (42 ans et 3 mois)<br \/>\n<\/span><span style=\"color: #1b499b;\">1967 \u00e0 1969 \/ 170 (42 ans et 6 mois)<\/span><br \/>\n<span style=\"color: #5cb670;\">1970 \u00e0 1972 \/ 171 (42 ans et 9 mois)<\/span><br \/>\n<span style=\"color: #1b499b;\">1973 et apr\u00e8s \/ 172 (43 ans)<\/span><\/p>\n<p><span style=\"color: #ec519b;\">\u00c0 partir de quel \u00e2ge un salari\u00e9 peut-il partir en retraite ?<\/span><br \/>\n<span style=\"color: #1b499b;\">\u00c0 partir de 62 ans. Avant 62 ans, dans l&rsquo;une des situations suivantes \u00e0 condition de remplir les conditions exig\u00e9es pour b\u00e9n\u00e9ficier d&rsquo;une retraite anticip\u00e9e :<\/span> <span style=\"color: #1b499b;\"><br \/>\n<a style=\"color: #1b499b;\" href=\"https:\/\/www.service-public.fr\/particuliers\/vosdroits\/F13845\" target=\"_blank\" rel=\"noopener\"><span style=\"color: #5cb670;\">carri\u00e8re longue<\/span><\/a><\/span> <span style=\"color: #5cb670;\"><br \/>\n<a style=\"color: #5cb670;\" href=\"https:\/\/www.service-public.fr\/particuliers\/vosdroits\/F16337\">handicap<\/a><\/span> <span style=\"color: #5cb670;\"><br \/>\n<a style=\"color: #5cb670;\" href=\"https:\/\/www.service-public.fr\/particuliers\/vosdroits\/F14101\">incapacit\u00e9 permanente (ou p\u00e9nibilit\u00e9<\/a>) d&rsquo;origine professionnelle reconnue par l&rsquo;Assurance maladie <\/span><span style=\"color: #1b499b;\"><span style=\"color: #5cb670;\"><br \/>\n<a style=\"color: #5cb670;\" href=\"https:\/\/www.service-public.fr\/particuliers\/vosdroits\/F2110\">exposition \u00e0 l&rsquo;amiante<\/a><\/span><\/span><\/p>\n<p><span style=\"color: #1b499b;\">\u00c0 partir de 62 ans, le salari\u00e9 peut demander \u00e0 partir \u00e0 la retraite quand il le souhaite.<\/span><br \/>\n<span style=\"color: #1b499b;\">La date du d\u00e9part doit \u00eatre fix\u00e9e au 1<sup>er<\/sup> jour du mois choisi.<\/span><br \/>\n<span style=\"color: #1b499b;\">Si le salari\u00e9 souhaite prendre sa retraite d\u00e8s qu&rsquo;il atteint 62 ans, il peut partir \u00e0 la date suivante :<br \/>\n<\/span> <span style=\"color: #1b499b;\">\u2022 soit le 1<sup>er<\/sup> jour du mois qui suit le mois au cours duquel il a 62 ans ;<\/span><br \/>\n<span style=\"color: #1b499b;\">\u2022 soit d\u00e8s le jour de son anniversaire s&rsquo;il est n\u00e9 le 1<sup>er<\/sup>&nbsp;jour d&rsquo;un mois.<\/span><\/p>\n<div id=\"expired\" aria-hidden=\"false\">\n<div class=\"fr-highlight  fr-my-4w fr-ml-0\"><\/div>\n<\/div>\n","protected":false},"excerpt":{"rendered":"<p>\u2022\u2022\u2022\u2022\u2022\u2022\u2022\u2022\u2022\u2022\u2022\u2022\u2022\u2022\u2022\u2022\u2022\u2022\u2022 Au 1er janvier 2019, le r\u00e9gime de retraite compl\u00e9mentaire des salari\u00e9s du priv\u00e9 a pris le nom \u00ab Agirc-Arrco \u00bb, cons\u00e9quence de la fusion des r\u00e9gimes Agirc (sp\u00e9cifique aux cadres) et Arrco (pour tous les salari\u00e9s du priv\u00e9). Deux &hellip; <a href=\"https:\/\/blog.cgcpresse.fr\/?page_id=3495\">Continue reading <span class=\"meta-nav\">&rarr;<\/span><\/a><\/p>\n","protected":false},"author":1,"featured_media":0,"parent":2716,"menu_order":0,"comment_status":"closed","ping_status":"closed","template":"","meta":{"footnotes":""},"class_list":["post-3495","page","type-page","status-publish","hentry"],"_links":{"self":[{"href":"https:\/\/blog.cgcpresse.fr\/index.php?rest_route=\/wp\/v2\/pages\/3495","targetHints":{"allow":["GET"]}}],"collection":[{"href":"https:\/\/blog.cgcpresse.fr\/index.php?rest_route=\/wp\/v2\/pages"}],"about":[{"href":"https:\/\/blog.cgcpresse.fr\/index.php?rest_route=\/wp\/v2\/types\/page"}],"author":[{"embeddable":true,"href":"https:\/\/blog.cgcpresse.fr\/index.php?rest_route=\/wp\/v2\/users\/1"}],"replies":[{"embeddable":true,"href":"https:\/\/blog.cgcpresse.fr\/index.php?rest_route=%2Fwp%2Fv2%2Fcomments&post=3495"}],"version-history":[{"count":21,"href":"https:\/\/blog.cgcpresse.fr\/index.php?rest_route=\/wp\/v2\/pages\/3495\/revisions"}],"predecessor-version":[{"id":4419,"href":"https:\/\/blog.cgcpresse.fr\/index.php?rest_route=\/wp\/v2\/pages\/3495\/revisions\/4419"}],"up":[{"embeddable":true,"href":"https:\/\/blog.cgcpresse.fr\/index.php?rest_route=\/wp\/v2\/pages\/2716"}],"wp:attachment":[{"href":"https:\/\/blog.cgcpresse.fr\/index.php?rest_route=%2Fwp%2Fv2%2Fmedia&parent=3495"}],"curies":[{"name":"wp","href":"https:\/\/api.w.org\/{rel}","templated":true}]}}