{"id":3215,"date":"2017-06-13T14:18:36","date_gmt":"2017-06-13T13:18:36","guid":{"rendered":"http:\/\/cgcpresse.info\/wordpress\/?page_id=3215"},"modified":"2025-07-07T20:09:57","modified_gmt":"2025-07-07T19:09:57","slug":"representativite-syndicale-resultats-2017","status":"publish","type":"page","link":"https:\/\/blog.cgcpresse.fr\/?page_id=3215","title":{"rendered":"Repr\u00e9sentativit\u00e9 syndicale : r\u00e9sultats 2025 en progression pour la CFE-CGC"},"content":{"rendered":"<div class=\"wp-block-image\">\n<figure class=\"alignleft\"><img loading=\"lazy\" decoding=\"async\" width=\"199\" height=\"208\" src=\"https:\/\/blog.cgcpresse.fr\/wp-content\/uploads\/2022\/06\/Logo-CFE-CGC-2016-transparent.png\" alt=\"\" class=\"wp-image-3885\" srcset=\"https:\/\/blog.cgcpresse.fr\/wp-content\/uploads\/2022\/06\/Logo-CFE-CGC-2016-transparent.png 199w, https:\/\/blog.cgcpresse.fr\/wp-content\/uploads\/2022\/06\/Logo-CFE-CGC-2016-transparent-144x150.png 144w\" sizes=\"auto, (max-width: 199px) 100vw, 199px\" \/><\/figure>\n<\/div>\n\n\n<p><\/p>\n\n\n\n<h5 class=\"wp-block-heading has-text-color has-link-color wp-elements-87f08510a6f0f052871d57b85834e237\" style=\"color:#ffffffc7\"><span style=\"color: #ec519b;\">\u2022\u2022\u2022\u2022\u2022\u2022\u2022\u2022\u2022\u2022\u2022\u2022\u2022\u2022\u2022\u2022\u2022\u2022\u2022<\/span>&nbsp; <span style=\"color: #213a8f;\"><strong><span style=\"color: #ec519b;\">En obtenant 21,75 %<\/span> des suffrages dans son champ statutaire de l\u2019encadrement<span style=\"color: #ff0000;\">*<\/span>, la CFE-CGC, organisation syndicale cat\u00e9gorielle<span style=\"color: #213a8f;\"><strong><span style=\"color: #ff0000;\">*<\/span>,<\/strong><\/span> progresse par rapport \u00e0 2021 o\u00f9 elle avait obtenu 20,71 %.<\/strong><\/span><br><span style=\"color: #213a8f;\"><strong>Tous syndicats et tous coll\u00e8ges confondus, la CFE-CGC atteint une audience de 12,95&nbsp;% contre 11,92 % en 2021. En quatre ans, la quatri\u00e8me organisation syndicale du pays, a progress\u00e9 de plus de 36 000 voix. Elle conforte ainsi sa repr\u00e9sentativit\u00e9 au niveau national interprofessionnel et donc sa capacit\u00e9 \u00e0 n\u00e9gocier et signer des accords collectifs au plus haut niveau conventionnel.<\/strong><\/span>..<\/h5>\n\n\n\n<h5 class=\"wp-block-heading\">\u00ab Ces r\u00e9sultats confirment la mont\u00e9e en puissance de la CFE-CGC lors des trois derniers cycles \u00e9lectoraux, au service de tous les salari\u00e9s de l\u2019encadrement (cadres, agents de ma\u00eetrise, techniciens, ing\u00e9nieurs, forces de vente), d\u00e9clare Fran\u00e7ois Hommeril, pr\u00e9sident conf\u00e9d\u00e9ral. Merci \u00e0 tous nos militants et \u00e0 nos sections syndicales qui agissent quotidiennement au plus pr\u00e8s du terrain pour am\u00e9liorer les collectifs de travail et concourir \u00e0 la r\u00e9ussite des entreprises. \u00bb<br><br>\u00ab La CFE-CGC reste plus que jamais la porte-parole des populations de l\u2019encadrement, rouages essentiels \u00e0 la bonne marche des entreprises dans lesquelles notre organisation est de plus en plus visible et reconnue! \u00bb, souligne Christine L\u00ea, secr\u00e9taire nationale en charge du secteur repr\u00e9sentativit\u00e9 du secteur priv\u00e9.<\/h5>\n\n\n\n<h5 class=\"wp-block-heading\"><span style=\"color: #456aad;\"><span style=\"color: #213a8f;\">Pr\u00e9sent\u00e9e le mardi 8 avril par le minist\u00e8re du Travail, la nouvelle mesure d\u2019audience de la repr\u00e9sentativit\u00e9 syndicale, calcul\u00e9e sur la base des \u00e9lections professionnelles dans les entreprises de plus de 10 salari\u00e9s entre 2021 et 2024, des \u00e9lections aux chambres d\u2019agriculture (janvier 2025) et dans les TPE (novembre-d\u00e9cembre 2024) a donc act\u00e9 cette nouvelle progression de la CFE-CGC.  <\/span><\/span><\/h5>\n\n\n\n<h5 class=\"wp-block-heading\"><strong><span style=\"color: #213a8f;\">Dans un contexte de crise et dans un monde du travail en pleine transformation, la CFE-CGC reste plus que jamais la porte-parole des populations de l\u2019encadrement, rouages essentiels \u00e0 la r\u00e9ussite des entreprises.<\/span><\/strong><\/h5>\n\n\n\n<h5 class=\"wp-block-heading\"><strong><span style=\"color: #213a8f;\">Ce r\u00e9sultat est le v\u00f4tre, le n\u00f4tre&#8230; C&rsquo;est la mesure de l&rsquo;engagement sur le terrain de tous les militants, de la qualit\u00e9 de nos sections syndicales, c&rsquo;est la qualit\u00e9 du discours de la CFE-CGC, des valeurs que nous d\u00e9fendons.<br>Nous allons tous travailler ensemble pour continuer \u00e0 d\u00e9velopper notre audience.<\/span><\/strong><br><strong><span style=\"color: #213a8f;\">Merci \u00e0 tous et bravo !<br><\/span><\/strong><\/h5>\n\n\n\n<h6 class=\"wp-block-heading\"><strong><span style=\"color: #213a8f;\"><span style=\"color: #ff0000;\">* <\/span>Depuis 1944, d\u00e9fendre les int\u00e9r\u00eats des personnels de l\u2019encadrement est une \u00e9vidence pour la CFE-CGC et l\u2019ensemble des salari\u00e9s fran\u00e7ais.<br>Avec la loi du 20 ao\u00fbt 2008, le l\u00e9gislateur a reform\u00e9 de mani\u00e8re floue et non aboutie la repr\u00e9sentativit\u00e9 des syndicats tout en reconnaissant la sp\u00e9cificit\u00e9 du syndicalisme cat\u00e9goriel, sa place et son r\u00f4le dans le dialogue social en France \u00e0 tous les niveaux.<br>La CFE-CGC a donc grav\u00e9 sa l\u00e9gitimit\u00e9 dans le marbre de ses statuts en 2012 en stipulant dans l\u2019article premier sa vocation \u00e0 ne repr\u00e9senter que les ing\u00e9nieurs, cadres, chefs de service, agents de ma\u00eetrise, techniciens, assimil\u00e9s, ainsi que les VRP. Cette r\u00e9affirmation permet \u00e0 la CFE-CGC d\u2019\u00eatre incontest\u00e9e \u00e0 toutes les \u00e9ch\u00e9ances \u00e9lectorales professionnelles qui d\u00e9terminent sa repr\u00e9sentativit\u00e9 depuis 2013 et d\u2019investir sereinement toute son \u00e9nergie dans l\u2019action syndicale au service de l\u2019encadrement.<\/span><\/strong><\/h6>\n\n\n\n<h5 class=\"wp-block-heading\">Un top 5 syndical inchang\u00e9<br>Les r\u00e9sultats d\u00e9voil\u00e9s le 8 avril par le Haut Conseil du dialogue social (HCDS) ont confirm\u00e9 les grands \u00e9quilibres avec toujours 5 organisations syndicales au-dessus de la barre des 8 % et qui conservent ainsi leur repr\u00e9sentativit\u00e9 au niveau national interprofessionnel. Tous syndicats (y compris les non-repr\u00e9sentatifs) et tous coll\u00e8ges confondus, la CFDT arrive en t\u00eate avec une audience de 26,58 % (contre 26,77 % en 2021), devant la CGT (22,21 % ; 22,96 %), FO (14,91 % ; 15,24 %), la CFE-CGC (12,95 % ; 11,92 %) et la CFTC (9,58 % ; 9,50 %). Premi\u00e8re organisation syndicale parmi les non-repr\u00e9sentatives, l\u2019UNSA obtient 6,45 % des suffrages (contre 5,99 % en 2021). Du c\u00f4t\u00e9 des organisations patronales repr\u00e9sentatives, le MEDEF conserve sa place de leader avec une audience de 63,42 %, devant la CPME (32,05 %) et l\u2019U2P (4,53 %).<strong><span style=\"color: #213a8f;\"><br><\/span><\/strong><\/h5>\n\n\n\n<hr class=\"wp-block-separator has-alpha-channel-opacity\"\/>\n\n\n\n<h5 class=\"wp-block-heading\"><span style=\"color: #ec519b;\"><strong>\u2022\u2022\u2022\u2022\u2022\u2022\u2022\u2022\u2022\u2022\u2022\u2022\u2022\u2022\u2022 Transparence financi\u00e8re<br><\/strong><\/span><strong><span style=\"color: #213a8f;\">Depuis la loi du 20 ao\u00fbt 2008, les organisations syndicales et professionnelles sont soumises \u00e0 des obligations d\u2019\u00e9tablissement, d\u2019approbation, de certification et de publication de leurs comptes. Conform\u00e9ment aux art. L. 2135-1 et D. 2135-3 du code du travail, la CGC Presse publie donc ci-dessous un compte de re\u0301sultat, un bilan et une annexe simplifie\u0301s pour l&rsquo;exercice 2024.<\/span><\/strong><\/h5>\n\n\n\n<h5 class=\"wp-block-heading has-text-color has-link-color wp-elements-f641c602d1322c7cf09df0dc65986b23\" style=\"color:#3cc362\"><span style=\"color: #5fb682;\"><a href=\"https:\/\/blog.cgcpresse.fr\/wp-content\/uploads\/2025\/07\/2024-Comptes-annuels-pour-transparence-financiere-SIGNES.pdf\">2024 Comptes annuels<\/a><\/span><\/h5>\n\n\n<div class=\"wp-block-image\">\n<figure class=\"aligncenter\"><a href=\"https:\/\/blog.cgcpresse.fr\/wp-content\/uploads\/2022\/10\/Vote0.png\"><img loading=\"lazy\" decoding=\"async\" width=\"300\" height=\"195\" src=\"https:\/\/blog.cgcpresse.fr\/wp-content\/uploads\/2022\/10\/Vote0-300x195.png\" alt=\"\" class=\"wp-image-4334\" srcset=\"https:\/\/blog.cgcpresse.fr\/wp-content\/uploads\/2022\/10\/Vote0-300x195.png 300w, https:\/\/blog.cgcpresse.fr\/wp-content\/uploads\/2022\/10\/Vote0-150x97.png 150w, https:\/\/blog.cgcpresse.fr\/wp-content\/uploads\/2022\/10\/Vote0.png 502w\" sizes=\"auto, (max-width: 300px) 100vw, 300px\" \/><\/a><\/figure>\n<\/div>\n\n\n<p class=\"has-text-align-center\"><\/p>\n\n\n\n<div class=\"wp-block-group\"><div class=\"wp-block-group__inner-container is-layout-flow wp-block-group-is-layout-flow\">\n<details class=\"wp-block-details is-layout-flow wp-block-details-is-layout-flow\"><summary><\/summary>\n<div class=\"wp-block-columns is-layout-flex wp-container-core-columns-is-layout-9d6595d7 wp-block-columns-is-layout-flex\">\n<div class=\"wp-block-column is-layout-flow wp-block-column-is-layout-flow\" style=\"flex-basis:100%\"><\/div>\n<\/div>\n<\/details>\n<\/div><\/div>\n\n\n\n<p><\/p>\n","protected":false},"excerpt":{"rendered":"<p>\u2022\u2022\u2022\u2022\u2022\u2022\u2022\u2022\u2022\u2022\u2022\u2022\u2022\u2022\u2022\u2022\u2022\u2022\u2022&nbsp; En obtenant 21,75 % des suffrages dans son champ statutaire de l\u2019encadrement*, la CFE-CGC, organisation syndicale cat\u00e9gorielle*, progresse par rapport \u00e0 2021 o\u00f9 elle avait obtenu 20,71 %.Tous syndicats et tous coll\u00e8ges confondus, la CFE-CGC atteint une audience de &hellip; <a href=\"https:\/\/blog.cgcpresse.fr\/?page_id=3215\">Continue reading <span class=\"meta-nav\">&rarr;<\/span><\/a><\/p>\n","protected":false},"author":1,"featured_media":0,"parent":0,"menu_order":0,"comment_status":"closed","ping_status":"closed","template":"","meta":{"footnotes":""},"class_list":["post-3215","page","type-page","status-publish","hentry"],"_links":{"self":[{"href":"https:\/\/blog.cgcpresse.fr\/index.php?rest_route=\/wp\/v2\/pages\/3215","targetHints":{"allow":["GET"]}}],"collection":[{"href":"https:\/\/blog.cgcpresse.fr\/index.php?rest_route=\/wp\/v2\/pages"}],"about":[{"href":"https:\/\/blog.cgcpresse.fr\/index.php?rest_route=\/wp\/v2\/types\/page"}],"author":[{"embeddable":true,"href":"https:\/\/blog.cgcpresse.fr\/index.php?rest_route=\/wp\/v2\/users\/1"}],"replies":[{"embeddable":true,"href":"https:\/\/blog.cgcpresse.fr\/index.php?rest_route=%2Fwp%2Fv2%2Fcomments&post=3215"}],"version-history":[{"count":38,"href":"https:\/\/blog.cgcpresse.fr\/index.php?rest_route=\/wp\/v2\/pages\/3215\/revisions"}],"predecessor-version":[{"id":5145,"href":"https:\/\/blog.cgcpresse.fr\/index.php?rest_route=\/wp\/v2\/pages\/3215\/revisions\/5145"}],"wp:attachment":[{"href":"https:\/\/blog.cgcpresse.fr\/index.php?rest_route=%2Fwp%2Fv2%2Fmedia&parent=3215"}],"curies":[{"name":"wp","href":"https:\/\/api.w.org\/{rel}","templated":true}]}}