{"id":3183,"date":"2017-06-13T12:47:37","date_gmt":"2017-06-13T11:47:37","guid":{"rendered":"http:\/\/cgcpresse.info\/wordpress\/?page_id=3183"},"modified":"2022-10-15T22:33:57","modified_gmt":"2022-10-15T21:33:57","slug":"3183-2","status":"publish","type":"page","link":"https:\/\/blog.cgcpresse.fr\/?page_id=3183","title":{"rendered":"Les m\u00e9tiers de la Presse entre \u00c9volution &#038; R\u00e9volution"},"content":{"rendered":"<div>\n<h5><img loading=\"lazy\" decoding=\"async\" class=\"aligncenter wp-image-3182 size-full\" src=\"https:\/\/blog.cgcpresse.fr\/wp-content\/uploads\/2015\/12\/colloque.jpg\" alt=\"\" width=\"600\" height=\"200\" srcset=\"https:\/\/blog.cgcpresse.fr\/wp-content\/uploads\/2015\/12\/colloque.jpg 600w, https:\/\/blog.cgcpresse.fr\/wp-content\/uploads\/2015\/12\/colloque-300x100.jpg 300w\" sizes=\"auto, (max-width: 600px) 100vw, 600px\" \/><\/h5>\n<h5><span style=\"color: #1b499b;\"><span style=\"color: #ec519b;\">\u2022\u2022\u2022\u2022\u2022\u2022\u2022\u2022\u2022\u2022\u2022\u2022\u2022\u2022\u2022\u2022\u2022\u2022\u2022 La r\u00e9volution num\u00e9rique<\/span> remet en cause la place de l\u2019\u00e9crit et interroge les m\u00e9tiers, l\u2019organisation des entreprises comme les mod\u00e8les \u00e9conomiques de la presse.<br \/>\nAudiens et l\u2019Afdas ont donc organis\u00e9 un colloque en mars dernier afin de valoriser le savoir et f\u00e9d\u00e9rer l\u2019ensemble des acteurs de la presse autour des enjeux auxquels ils sont confront\u00e9s en leur permettant de partager des exp\u00e9riences structurantes et les enjeux d\u2019une transformation socio-\u00e9conomique majeure.<\/span><span style=\"color: #0000ff;\"><br \/>\n<\/span><\/h5>\n<\/div>\n<h5 style=\"text-align: left; padding-left: 120px;\"><span style=\"color: #ec519b;\">\u00c0 l&rsquo;ordre du jour de la journ\u00e9e :<\/span><br \/>\n<span style=\"color: #00b8f0;\">De l\u2019imprime\u0301 au digital : il e\u0301tait une fois l\u2019e\u0301crit<\/span><br \/>\n<span style=\"color: #1b499b;\">La presse, de battre son c\u0153ur a continue\u0301 : la chai\u0302ne de valeur se re\u0301invente<\/span><br \/>\n<span style=\"color: #00b8f0;\">Les me\u0301tiers : me\u0301tisse\u0301s, hybride\u0301s, bouleversifie\u0301s<\/span><br \/>\n<span style=\"color: #1b499b;\">Te\u0301moignage : les me\u0301tiers a\u0300 l\u2019heure de l\u2019innovation<\/span><br \/>\n<span style=\"color: #00b8f0;\">Te\u0301moignage : les industries musicales, retour d\u2019expe\u0301rience sur les succe\u0300s et e\u0301checs de la conduite du changement<\/span><br \/>\n<span style=\"color: #0000ff;\"><span style=\"color: #1b499b;\">Les me\u0301dias e\u0301trangers a\u0300 l\u2019heure du nume\u0301rique<\/span> <\/span><br \/>\n<span style=\"color: #00b8f0;\">De belles histoires a\u0300 la franc\u0327aise\u00a0Te\u0301moignage : les aides europe\u0301ennes a\u0300 la presse<\/span><\/h5>\n<h5 class=\"column\" style=\"text-align: left;\"><a href=\"https:\/\/blog.cgcpresse.fr\/wp-content\/uploads\/2017\/06\/2017-03-Colloque-Les-me\u0301tiers-de-la-Presse-e\u0301volution-et-re\u0301volution-AFDAS-AUDIENS.pdf\" target=\"_blank\" rel=\"noopener noreferrer\"><span style=\"color: #5cb670;\">Consulter les actes du colloque<\/span><\/a><\/h5>\n","protected":false},"excerpt":{"rendered":"<p>\u2022\u2022\u2022\u2022\u2022\u2022\u2022\u2022\u2022\u2022\u2022\u2022\u2022\u2022\u2022\u2022\u2022\u2022\u2022 La r\u00e9volution num\u00e9rique remet en cause la place de l\u2019\u00e9crit et interroge les m\u00e9tiers, l\u2019organisation des entreprises comme les mod\u00e8les \u00e9conomiques de la presse. Audiens et l\u2019Afdas ont donc organis\u00e9 un colloque en mars dernier afin de valoriser le &hellip; <a href=\"https:\/\/blog.cgcpresse.fr\/?page_id=3183\">Continue reading <span class=\"meta-nav\">&rarr;<\/span><\/a><\/p>\n","protected":false},"author":1,"featured_media":0,"parent":2177,"menu_order":0,"comment_status":"closed","ping_status":"closed","template":"","meta":{"footnotes":""},"class_list":["post-3183","page","type-page","status-publish","hentry"],"_links":{"self":[{"href":"https:\/\/blog.cgcpresse.fr\/index.php?rest_route=\/wp\/v2\/pages\/3183","targetHints":{"allow":["GET"]}}],"collection":[{"href":"https:\/\/blog.cgcpresse.fr\/index.php?rest_route=\/wp\/v2\/pages"}],"about":[{"href":"https:\/\/blog.cgcpresse.fr\/index.php?rest_route=\/wp\/v2\/types\/page"}],"author":[{"embeddable":true,"href":"https:\/\/blog.cgcpresse.fr\/index.php?rest_route=\/wp\/v2\/users\/1"}],"replies":[{"embeddable":true,"href":"https:\/\/blog.cgcpresse.fr\/index.php?rest_route=%2Fwp%2Fv2%2Fcomments&post=3183"}],"version-history":[{"count":11,"href":"https:\/\/blog.cgcpresse.fr\/index.php?rest_route=\/wp\/v2\/pages\/3183\/revisions"}],"predecessor-version":[{"id":4283,"href":"https:\/\/blog.cgcpresse.fr\/index.php?rest_route=\/wp\/v2\/pages\/3183\/revisions\/4283"}],"up":[{"embeddable":true,"href":"https:\/\/blog.cgcpresse.fr\/index.php?rest_route=\/wp\/v2\/pages\/2177"}],"wp:attachment":[{"href":"https:\/\/blog.cgcpresse.fr\/index.php?rest_route=%2Fwp%2Fv2%2Fmedia&parent=3183"}],"curies":[{"name":"wp","href":"https:\/\/api.w.org\/{rel}","templated":true}]}}