{"id":2976,"date":"2016-07-25T18:36:29","date_gmt":"2016-07-25T17:36:29","guid":{"rendered":"http:\/\/cgcpresse.info\/wordpress\/?page_id=2976"},"modified":"2022-10-16T01:50:39","modified_gmt":"2022-10-16T00:50:39","slug":"les-handicaps-de-quoi-parle-ton-exactement","status":"publish","type":"page","link":"https:\/\/blog.cgcpresse.fr\/?page_id=2976","title":{"rendered":"HANDICAPS  :  de quoi parle-t-on exactement ?"},"content":{"rendered":"<h5><span style=\"color: #ff0000;\"><a href=\"https:\/\/blog.cgcpresse.fr\/wp-content\/uploads\/2022\/06\/CFE-CGG.png\"><img loading=\"lazy\" decoding=\"async\" class=\"alignleft size-full wp-image-3694\" src=\"https:\/\/blog.cgcpresse.fr\/wp-content\/uploads\/2022\/06\/CFE-CGG.png\" alt=\"\" width=\"93\" height=\"99\" \/><\/a><\/span><\/h5>\n<h5><\/h5>\n<h5><\/h5>\n<h5><span style=\"color: #ff0000;\"><span style=\"color: #ec519b;\">\u2022\u2022\u2022\u2022\u2022\u2022\u2022\u2022\u2022\u2022\u2022\u2022\u2022\u2022\u2022\u2022\u2022\u2022\u2022<\/span><\/span><span style=\"color: #ec519b;\"> Les HANDICAPS\u00a0 :\u00a0 de quoi parle-t-on exactement ?<\/span><\/h5>\n<h5><span style=\"color: #1b499b;\">Le handicap est souvent associe\u0301 au fauteuil roulant. Pourtant, plus de 80 % des handicaps sont invisibles et seulement 2 % des personnes handicape\u0301es sont dans un fauteuil ! Le handicap reve\u0302t une grande varie\u0301te\u0301 de formes (moteur, sensoriel psychique, cognitif, etc.). il est \u00e9galement \u00e0 distinguer d&rsquo;autres notions qui sont re\u0301gulie\u0300rement confondues entre elles telles que l\u2019invalidite\u0301,\u00a0 l\u2019inaptitude ou\u00a0 l\u2019incapacite\u0301.<\/span><\/h5>\n<h5><span style=\"color: #1b499b;\">La raison d&rsquo;\u00eatre de la CFE-CGC en tant que syndicat est d&rsquo;abord d&rsquo;\u00eatre garant du respect et de la dignit\u00e9 de l&rsquo;Homme. Son humanisme est une ambition qu\u2019elle souhaite faire partager dans l&rsquo;entreprise et \u00e0 tous les niveaux de la soci\u00e9t\u00e9. Son action en faveur des travailleurs handicap\u00e9s s\u2019inscrit tr\u00e8s naturellement dans ces valeurs humanistes.<\/span><\/h5>\n<h5><span style=\"color: #1b499b;\">Parce que si le travail est un facteur d\u2019identit\u00e9 et de reconnaissance sociale pour tous, pour les personnes handicap\u00e9es il l\u2019est d\u2019autant plus qu\u2019il devient fondamentalement un facteur d\u2019int\u00e9gration et d\u2019autonomie.<\/span><\/h5>\n<h5><span style=\"color: #1b499b;\">Parce que les travailleurs handicap\u00e9s sont des citoyens et des travailleurs \u00e0 part enti\u00e8re.<\/span><\/h5>\n<h5><span style=\"color: #1b499b;\">Parce que la diversit\u00e9 est un facteur de richesse humaine et de coh\u00e9sion dans l\u2019entreprise et un r\u00e9el stimulateur de performance.<\/span><\/h5>\n<h5><span style=\"color: #1b499b;\">La CFE-CGC m\u00e8ne aux cot\u00e9s des personnes handicap\u00e9es et de leurs proches un combat quotidien sur tous les sujets sociaux associ\u00e9s au handicap et au travail\u00a0: emploi, sant\u00e9, scolarisation, formation sup\u00e9rieure et professionnelle, retraite, ch\u00f4mage&#8230;<\/span><\/h5>\n<h5><span style=\"color: #1b499b;\"><a style=\"color: #1b499b;\" href=\"http:\/\/handiblog.cfecgc.org\/\" target=\"_blank\" rel=\"noopener\">Un site sp\u00e9cifique<\/a> a donc \u00e9t\u00e9 cr\u00e9\u00e9, afin de r\u00e9pondre dans leur ensemble \u00e0 ces sujets.<\/span><\/h5>\n<h5><\/h5>\n<h5><span style=\"color: #1b499b;\"><a style=\"color: #1b499b;\" href=\"https:\/\/blog.cgcpresse.fr\/wp-content\/uploads\/2016\/07\/Fiche-pratique-le-handicap-a\u0300-le\u0301cole-2016-06.pdf\" target=\"_blank\" rel=\"noopener\"><span style=\"color: #5cb670;\">Succ\u00e8s du colloque Handicap CFE-CGC sur l\u2019inclusion et le num\u00e9rique &#8211; 25-11-2021<br \/>\nVers une meilleure qualite\u0301 de vie au travail pour les aidants ? 04-2019<br \/>\n<\/span><\/a><\/span><span style=\"color: #5cb670;\"><a style=\"color: #5cb670;\" href=\"https:\/\/blog.cgcpresse.fr\/wp-content\/uploads\/2016\/07\/Fiche-pratique-les-aidants-familiaux-2016-05.pdf\" target=\"_blank\" rel=\"noopener\">Les aidants familiaux &#8211; 2016-05<br \/>\n<\/a><a style=\"color: #5cb670;\" href=\"https:\/\/blog.cgcpresse.fr\/wp-content\/uploads\/2016\/07\/Fiche-pratique-le-handicap-a\u0300-le\u0301cole-2016-06.pdf\" target=\"_blank\" rel=\"noopener\">Le handicap a\u0300 l&rsquo;e\u0301cole &#8211; 2016-06<\/a><br \/>\n<a style=\"color: #5cb670;\" href=\"https:\/\/blog.cgcpresse.fr\/wp-content\/uploads\/2016\/07\/Fiche-pratique-l\u2019emploi-des-personnes-handicape\u0301es-sujet-de-ne\u0301gociation-annuelle-dans-l\u2019entreprise-2016-04.pdf\" target=\"_blank\" rel=\"noopener\">L&#8217;emploi des personnes handicape\u0301es, sujet de ne\u0301gociation annuelle dans l\u2019entreprise 2016-04<\/a><\/span><\/h5>\n<p><a href=\"https:\/\/blog.cgcpresse.fr\/wp-content\/uploads\/2022\/10\/Guide-handicap-et-nume\u0301rique-11-2021.pdf\" target=\"_blank\" rel=\"noopener\"><img loading=\"lazy\" decoding=\"async\" class=\"alignleft size-large wp-image-4379\" src=\"https:\/\/blog.cgcpresse.fr\/wp-content\/uploads\/2022\/10\/Guide-handicap-et-nume\u0301rique-11-2021-683x1024.png\" alt=\"\" width=\"640\" height=\"960\" srcset=\"https:\/\/blog.cgcpresse.fr\/wp-content\/uploads\/2022\/10\/Guide-handicap-et-nume\u0301rique-11-2021-683x1024.png 683w, https:\/\/blog.cgcpresse.fr\/wp-content\/uploads\/2022\/10\/Guide-handicap-et-nume\u0301rique-11-2021-200x300.png 200w, https:\/\/blog.cgcpresse.fr\/wp-content\/uploads\/2022\/10\/Guide-handicap-et-nume\u0301rique-11-2021-100x150.png 100w, https:\/\/blog.cgcpresse.fr\/wp-content\/uploads\/2022\/10\/Guide-handicap-et-nume\u0301rique-11-2021-768x1152.png 768w, https:\/\/blog.cgcpresse.fr\/wp-content\/uploads\/2022\/10\/Guide-handicap-et-nume\u0301rique-11-2021-1024x1536.png 1024w, https:\/\/blog.cgcpresse.fr\/wp-content\/uploads\/2022\/10\/Guide-handicap-et-nume\u0301rique-11-2021-1365x2048.png 1365w\" sizes=\"auto, (max-width: 640px) 100vw, 640px\" \/><\/a><\/p>\n<p><a href=\"https:\/\/blog.cgcpresse.fr\/wp-content\/uploads\/2016\/07\/Guide-Handicap-2015-glisse\u0301es.jpg\" target=\"_blank\" rel=\"noopener\"><img loading=\"lazy\" decoding=\"async\" class=\"alignleft wp-image-2981 size-large\" src=\"https:\/\/blog.cgcpresse.fr\/wp-content\/uploads\/2016\/07\/Guide-Handicap-2015-glisse\u0301es-724x1024.jpg\" alt=\"\" width=\"640\" height=\"905\" srcset=\"https:\/\/blog.cgcpresse.fr\/wp-content\/uploads\/2016\/07\/Guide-Handicap-2015-glisse\u0301es-724x1024.jpg 724w, https:\/\/blog.cgcpresse.fr\/wp-content\/uploads\/2016\/07\/Guide-Handicap-2015-glisse\u0301es-212x300.jpg 212w, https:\/\/blog.cgcpresse.fr\/wp-content\/uploads\/2016\/07\/Guide-Handicap-2015-glisse\u0301es-768x1086.jpg 768w, https:\/\/blog.cgcpresse.fr\/wp-content\/uploads\/2016\/07\/Guide-Handicap-2015-glisse\u0301es.jpg 1240w\" sizes=\"auto, (max-width: 640px) 100vw, 640px\" \/><\/a><\/p>\n","protected":false},"excerpt":{"rendered":"<p>\u2022\u2022\u2022\u2022\u2022\u2022\u2022\u2022\u2022\u2022\u2022\u2022\u2022\u2022\u2022\u2022\u2022\u2022\u2022 Les HANDICAPS\u00a0 :\u00a0 de quoi parle-t-on exactement ? Le handicap est souvent associe\u0301 au fauteuil roulant. Pourtant, plus de 80 % des handicaps sont invisibles et seulement 2 % des personnes handicape\u0301es sont dans un fauteuil ! Le handicap &hellip; <a href=\"https:\/\/blog.cgcpresse.fr\/?page_id=2976\">Continue reading <span class=\"meta-nav\">&rarr;<\/span><\/a><\/p>\n","protected":false},"author":1,"featured_media":0,"parent":0,"menu_order":0,"comment_status":"closed","ping_status":"closed","template":"","meta":{"footnotes":""},"class_list":["post-2976","page","type-page","status-publish","hentry"],"_links":{"self":[{"href":"https:\/\/blog.cgcpresse.fr\/index.php?rest_route=\/wp\/v2\/pages\/2976","targetHints":{"allow":["GET"]}}],"collection":[{"href":"https:\/\/blog.cgcpresse.fr\/index.php?rest_route=\/wp\/v2\/pages"}],"about":[{"href":"https:\/\/blog.cgcpresse.fr\/index.php?rest_route=\/wp\/v2\/types\/page"}],"author":[{"embeddable":true,"href":"https:\/\/blog.cgcpresse.fr\/index.php?rest_route=\/wp\/v2\/users\/1"}],"replies":[{"embeddable":true,"href":"https:\/\/blog.cgcpresse.fr\/index.php?rest_route=%2Fwp%2Fv2%2Fcomments&post=2976"}],"version-history":[{"count":13,"href":"https:\/\/blog.cgcpresse.fr\/index.php?rest_route=\/wp\/v2\/pages\/2976\/revisions"}],"predecessor-version":[{"id":4390,"href":"https:\/\/blog.cgcpresse.fr\/index.php?rest_route=\/wp\/v2\/pages\/2976\/revisions\/4390"}],"wp:attachment":[{"href":"https:\/\/blog.cgcpresse.fr\/index.php?rest_route=%2Fwp%2Fv2%2Fmedia&parent=2976"}],"curies":[{"name":"wp","href":"https:\/\/api.w.org\/{rel}","templated":true}]}}