{"id":2775,"date":"2016-04-26T12:56:29","date_gmt":"2016-04-26T11:56:29","guid":{"rendered":"http:\/\/cgcpresse.info\/wordpress\/?page_id=2775"},"modified":"2022-10-16T01:10:36","modified_gmt":"2022-10-16T00:10:36","slug":"stress-pour-en-savoir-plus-lectures-films-etudes-glossaire","status":"publish","type":"page","link":"https:\/\/blog.cgcpresse.fr\/?page_id=2775","title":{"rendered":"Stress, pour en savoir plus (lectures, films, \u00e9tudes, glossaire)"},"content":{"rendered":"<p><span style=\"color: #ff0000;\"><a href=\"https:\/\/blog.cgcpresse.fr\/wp-content\/uploads\/2022\/06\/CFE-CGG.png\"><img loading=\"lazy\" decoding=\"async\" class=\"alignleft size-full wp-image-3694\" src=\"https:\/\/blog.cgcpresse.fr\/wp-content\/uploads\/2022\/06\/CFE-CGG.png\" alt=\"\" width=\"93\" height=\"99\" \/><\/a><\/span><\/p>\n<h5><span style=\"color: #ff0000;\"><span style=\"color: #ec519b;\">\u2022\u2022\u2022\u2022\u2022\u2022\u2022\u2022\u2022\u2022\u2022\u2022\u2022\u2022\u2022\u2022\u2022\u2022\u2022<\/span><\/span><span style=\"color: #000080;\"><strong>\u00a0<span style=\"color: #1b499b;\">STRESS<\/span><\/strong><span style=\"color: #1b499b;\"> : pour en savoir plus sur le sujet&#8230;<\/span><\/span><\/h5>\n<div id=\"main\">\n<div class=\"article\">\n<div class=\"content text\">\n<div><\/div>\n<h5><span style=\"color: #ec519b;\"><strong>Le stress des cadres,\u00a0<\/strong>Bernard Salengro<\/span><br \/>\n<span style=\"color: #1b499b;\">Cet ouvrage propose des t\u00e9moignages suivis d&rsquo;explications et d&rsquo;analyses donnant des cl\u00e9s pour la compr\u00e9hension et la pr\u00e9vention des pratiques de harc\u00e8lement moral au sein des entreprises. Les professionnels et membres d&rsquo;encadrement sont d&rsquo;autant plus concern\u00e9s qu&rsquo;ils sont les plus touch\u00e9s.\u00a0 Les entreprises sortiront gagnantes d&rsquo;une prise en compte de ce ph\u00e9nom\u00e8ne \u00e0 sa juste r\u00e9alit\u00e9 en ne pratiquant plus le d\u00e9ni. <\/span><\/h5>\n<h5><span style=\"color: #1b499b;\"><span style=\"color: #ec519b;\"><strong>Le management par la manipulatio<span style=\"color: #ec519b;\">n mentale,<\/span><\/strong> Bernard Salengro, L&rsquo;Harmattan, 2006<\/span><\/span><br \/>\n<span style=\"color: #1b499b;\">Bernard Salengro met dans son second ouvrage, l&rsquo;accent sur des situations v\u00e9cues comme des manipulations. Par leur sinc\u00e9rit\u00e9 et l&rsquo;analyse que Bernard Salengro a pu en faire \u00e0 la lumi\u00e8re des derniers travaux de psychologie, les t\u00e9moignages poignants publi\u00e9s dans cet ouvrage donnent de pr\u00e9cieuses cl\u00e9s pour la compr\u00e9hension et la pr\u00e9vention de pratiques de harc\u00e8lement moral au sein des entreprises.<\/span><\/h5>\n<div>\n<h5><span style=\"color: #1b499b;\"><span style=\"color: #ec519b;\"><strong>Journal d&rsquo;un m\u00e9decin du tr<span style=\"color: #ec519b;\">avail<\/span><\/strong>,\u00a0Doroth\u00e9e Ramaut, \u00e9dition Le Cherche midi, 2006<\/span><\/span><br \/>\n<span style=\"color: #1b499b;\">Pr\u00e9sentation de l&rsquo;\u00e9diteur\u00a0:Un adage affirme : \u00ab\u00a0le travail c&rsquo;est la sant\u00e9\u00a0\u00bb.<\/span><br \/>\n<span style=\"color: #1b499b;\">R\u00e9alit\u00e9 ? Peut-\u00eatre pas. Il s&rsquo;agit m\u00eame pour certains d&rsquo;une v\u00e9ritable torture morale. Le journal tenu par le docteur Doroth\u00e9e Ramaut pendant six ans est un t\u00e9moignage unique de la d\u00e9tresse et la souffrance psychologique des salari\u00e9s d&rsquo;une grande surface. Elle y d\u00e9nonce un harc\u00e8lement \u00ab\u00a0strat\u00e9gique\u00a0\u00bb et syst\u00e9matique appliqu\u00e9 \u00e0 l&rsquo;ensemble de la hi\u00e9rarchie. Le docteur Ramaut est le premier m\u00e9decin du travail \u00e0 rompre le silence trop longtemps gard\u00e9 sur ces m\u00e9thodes \u00a0\u00bb contraires aux droits de l&rsquo;homme \u00ab\u00a0.<\/span><\/h5>\n<\/div>\n<div><span style=\"color: #1b499b;\"><span style=\"color: #ec519b;\"><strong>Stupeur et tremblements,<\/strong> d&rsquo;Am\u00e9lie Nothomb (roman), Le Livre de poche, 2001<\/span><\/span><br \/>\n<span style=\"color: #1b499b;\">Employ\u00e9e comme interpr\u00e8te au sein d&rsquo;une entreprise japonaise, l&rsquo;h\u00e9ro\u00efne se retrouve, apr\u00e8s plusieurs incidents, r\u00e9trograd\u00e9e au simple rang de \u00ab\u00a0nettoyeuse de chiottes\u00a0\u00bb. Description d&rsquo;un un monde du travail tr\u00e8s particulier&#8230;<\/span><\/div>\n<h5><span style=\"color: #ec519b;\"><strong>Harc\u00e8lement moral dans la vie professionnelle,<\/strong>\u00a0\u00a0Marie-France Hirigoyen, Pocket, 2002<\/span><br \/>\n<span style=\"color: #1b499b;\">Le harc\u00e8lement moral au travail est une des violences les plus destructrices qui soient. Le succ\u00e8s du premier ouvrage de Marie-France Hirigoyen, paru en 1998, d\u00e9montre que chacun d&rsquo;entre nous est un pour l&rsquo;acteur ou le t\u00e9moin de ce ph\u00e9nom\u00e8ne social dont on ignorait jusque-l\u00e0 l&rsquo;ampleur. Depuis, les t\u00e9moignages se sont accumul\u00e9s, de multiples affaires ont \u00e9clat\u00e9, dans le public ou le priv\u00e9, un d\u00e9bat permanent s&rsquo;est instaur\u00e9 dans les m\u00e9dias entre psychologues, chef, d&rsquo;entreprises, syndicalistes, parties prenantes de ce fl\u00e9au ordinaire. Riche de quatre ann\u00e9es d&rsquo;exp\u00e9riences et de r\u00e9flexions nouvelles, Marie-France Hirigoyen, dans ce second ouvrage paru sous le titre original \u00ab\u00a0Malaise dans le travail, harc\u00e8lement moral &#8211; D\u00e9m\u00ealer le vrai du faux\u00a0\u00bb, affine son analyse, poursuit son combat, afin de mieux comprendre et pr\u00e9venir.<strong>Le harc\u00e8lement moral au travail<\/strong>,\u00a0 Philippe Ravisy, \u00e9dition Dalloz-Sirey<\/span><br \/>\n<span style=\"color: #1b499b;\">Face noire du monde du travail, ce mal n&rsquo;\u00e9pargne personne : cadres, employ\u00e9s, fonctionnaires&#8230;<\/span><br \/>\n<span style=\"color: #1b499b;\">De silences en sous-entendus, de brimades en vexations, de d\u00e9stabilisations en humiliations, le harc\u00e8lement s&rsquo;installe. Aller au travail devient un enfer. La d\u00e9pression succ\u00e8de \u00e0 l&rsquo;incompr\u00e9hension. Le l\u00e9gislateur est heureusement intervenu pour combattre ce fl\u00e9au avec la mise en place d&rsquo;un \u00ab\u00a0dispositif anti-harc\u00e8lement\u00a0\u00bb : d&rsquo;un c\u00f4t\u00e9, la loi interdit, sanctionne et pr\u00e9vient ; de l&rsquo;autre, elle prot\u00e8ge et facilite la preuve.<\/span><br \/>\n<span style=\"color: #1b499b;\">L&rsquo;apport des toutes derni\u00e8res d\u00e9cisions de justice est aussi essentiel pour d\u00e9terminer et mettre en cause les responsabilit\u00e9s de chacun, en particulier celle de l&#8217;employeur. Philippe Ravisy, l&rsquo;un des tous premiers avocats \u00e0 s&rsquo;\u00eatre pr\u00e9occup\u00e9 du sort des victimes, explique dans ce livre comment faire pour s&rsquo;en sortir et obtenir r\u00e9paration. Pr\u00e9cis, complet, accessible \u00e0 tous, il permet de trouver sa solution et de la mettre en \u0153uvre.<\/span><\/h5>\n<h5><\/h5>\n<h5><span style=\"color: #ec519b;\"><strong>La pers\u00e9cution au travail,<\/strong>\u00a0de Heinz Leymann<\/span><br \/>\n<span style=\"color: #1b499b;\">Ce livre, best-seller en Allemagne et dans les pays nordiques, publi\u00e9 une premi\u00e8re fois en France sous le titre \u00ab\u00a0Mobbing\u00a0\u00bb r\u00e9v\u00e8le l&rsquo;\u00e9tendue d&rsquo;un vaste fl\u00e9au. De nombreux salari\u00e9s sont, sans raison valable, victimes de leurs coll\u00e8gues, de leurs sup\u00e9rieurs hi\u00e9rarchiques, parfois m\u00eame de leurs subordonn\u00e9s coalis\u00e9s contre eux: on les harc\u00e8le, on les met en quarantaine, on les humilie, on tente de les briser par tous les moyens.<\/span><br \/>\n<span style=\"color: #1b499b;\">Comment identifier la pers\u00e9cution professionnelle ? Comment la combattre ? Quels sont les recours dont dispose le salari\u00e9 ? En r\u00e9pondant \u00e0 ces questions, H. Leymann en appelle \u00e0 la constitution concr\u00e8te d&rsquo;une v\u00e9ritable \u00e9thique professionnelle.<\/span><\/h5>\n<div>\n<div>\n<h5><span style=\"color: #1b499b;\"><strong><span style=\"color: #ec519b;\">Quelques films r\u00e9v\u00e9lateurs d&rsquo;un malaise social :<\/span><br \/>\n<\/strong><span style=\"color: #5cb670;\"><em>Femmes au bord de la crise de stres<span style=\"color: #5cb670;\">s<\/span><\/em>, film d&rsquo;animation, Leeds Animation Workshop, 1993<\/span><\/span><br \/>\n<span style=\"color: #1b499b;\"><span style=\"color: #00b8f0;\"><em>Harc<span style=\"color: #00b8f0;\">\u00e8lements<\/span><\/em>, de Bernard Cazedepats, documentaire, 2002<\/span><\/span><br \/>\n<span style=\"color: #1b499b;\"><span style=\"color: #5cb670;\"><em>Ils ne mourraient pas tous, mais tous \u00e9taie<span style=\"color: #5cb670;\">nt frapp\u00e9s<\/span><\/em>, de Marc-Antoine Roudil et Sophie <\/span><\/span><span style=\"color: #5cb670;\">Bruneau, 2005<\/span><br \/>\n<span style=\"color: #1b499b;\"><span style=\"color: #00b8f0;\"><em>J&rsquo;ai (tr\u00e8s)\u00a0mal au travail : str<span style=\"color: #00b8f0;\">ess, harc\u00e8lement, violences<\/span><\/em>, de Jean-Michel Carr\u00e9, 2007<\/span><\/span><br \/>\n<span style=\"color: #1b499b;\"><span style=\"color: #5cb670;\"><em>Le coupere<span style=\"color: #5cb670;\">t<\/span><\/em>, de Costa Gavras, 2005<\/span><\/span><br \/>\n<span style=\"color: #00b8f0;\"><em>L&#8217;emploi du temps<\/em>, de Laurent Cantet, 2001<\/span><br \/>\n<span style=\"color: #1b499b;\"><span style=\"color: #5cb670;\"><em>Le salaire de la souffrance<\/em><em>\u00a0harc\u00e8lem<span style=\"color: #5cb670;\">ent moral au travail<\/span><\/em>,<em>\u00a0<\/em>Marie-Christine Gambart, 2001<\/span><\/span><br \/>\n<span style=\"color: #1b499b;\"><span style=\"color: #00b8f0;\"><em>Travailler \u00e0 en m<span style=\"color: #00b8f0;\">ourir<\/span><\/em>, de Paul Moreira, documentaire 2007<\/span><\/span><br \/>\n<span style=\"color: #1b499b;\"><span style=\"color: #5cb670;\"><em>Tr<span style=\"color: #5cb670;\">ois Huit<\/span><\/em>,\u00a0de Philippe Le Guay, 2001<\/span><\/span><br \/>\n<span style=\"color: #1b499b;\"><em><span style=\"color: #00b8f0;\">Violence des \u00e9changes en milieu temp\u00e9r\u00e9<\/span><\/em><span style=\"color: #00b8f0;\">, de Jean-Marc Moutout, 2004<\/span><\/span><\/h5>\n<h5><span style=\"color: #1b499b;\">3 films sur le stress au travail r\u00e9alis\u00e9s par L&rsquo;INRS. Chacun des films s&rsquo;attaque \u00e0 une id\u00e9e re\u00e7ue sur le stress :<br \/>\n<\/span><span style=\"color: #1b499b;\"><em><span style=\"color: #5cb670;\">Le stress au travail, c&rsquo;est un probl\u00e8me de d\u00e9faillance individuelle<\/span><\/em><span style=\"color: #5cb670;\"> (4 min)<\/span><br \/>\n<\/span><span style=\"color: #1b499b;\"><span style=\"color: #00b8f0;\"><em>Un peu de stress, \u00e7a ne peut pas faire de <span style=\"color: #00b8f0;\">mal<\/span><\/em> (6 min)<\/span><br \/>\n<\/span><span style=\"color: #1b499b;\"><span style=\"color: #5cb670;\"><em>Contre le stress on ne peut r<span style=\"color: #5cb670;\">ien<\/span><\/em> (5 min)<\/span><\/span><\/h5>\n<\/div>\n<\/div>\n<h5><span style=\"color: #ec519b;\">Liens utiles<br \/>\n<\/span><span style=\"color: #1b499b;\">Le site de l&rsquo;Agence nationale pour l&rsquo;am\u00e9lioration des conditions de travail\u00a0:\u00a0<a style=\"color: #1b499b;\" href=\"http:\/\/www.anact.fr\/\">http:\/\/www.anact.fr\/<\/a><br \/>\n<\/span><span style=\"color: #1b499b;\">Le site de l&rsquo;INRS, Institut National de Recherche et de S\u00e9curit\u00e9 pour la pr\u00e9vention des accidents du travail et des maladies professionnelles\u00a0:\u00a0<a style=\"color: #1b499b;\" href=\"http:\/\/www.inrs.fr\/\">http:\/\/www.inrs.fr\/<\/a><\/span><\/h5>\n<h5><span style=\"color: #ec519b;\">Glossaire<br \/>\n<\/span><span style=\"color: #1b499b;\"><span style=\"color: #5cb670;\"><strong>Stress<\/strong> :<\/span> d&rsquo;apr\u00e8s l&rsquo;<a style=\"color: #1b499b;\" href=\"http:\/\/europe.osha.eu.int\/good_practice\/risks\/stress\" target=\"_blank\" rel=\"noopener\">Agence Europ\u00e9enne pour la S\u00e9curit\u00e9 et la Sant\u00e9 au travail\u00a0<\/a>,<strong>\u00a0<\/strong>le stress \u00ab\u00a0survient lorsqu&rsquo;il y a d\u00e9s\u00e9quilibre entre la perception qu&rsquo;une personne a des contraintes que lui impose son environnement et la perception qu&rsquo;elle a de ses propres ressources pour y faire face.\u00a0\u00bb<\/span><span style=\"color: #1b499b;\"><strong>Burn-out<\/strong>\u00a0:<\/span><span style=\"color: #1b499b;\"><em>Burn Out Syndrome<\/em>\u00a0chez les anglophones et\u00a0<em>Karoshi<\/em>\u00a0ou mort par la fatigue au travail au Japon est un syndrome d&rsquo;\u00e9puisement professionnel, cons\u00e9cutif \u00e0 l&rsquo;exposition \u00e0 un stress permanent et prolong\u00e9.<\/p>\n<p><\/span><span style=\"color: #1b499b;\"><span style=\"color: #5cb670;\"><strong>D\u00e9l\u00e9gu\u00e9 syndical<\/strong> :<\/span> pr\u00e9sent dans les entreprises de plus de 50 salari\u00e9s, le d\u00e9l\u00e9gu\u00e9 syndical a pour pour r\u00f4le, entre autres, de faire part des revendications des salari\u00e9s mais aussi de toujours tenter d&rsquo;am\u00e9liorer les conditions de travail. Pour cela, il dispose de temps et de moyens.<br \/>\nLe d\u00e9l\u00e9gu\u00e9 syndical peut proposer des am\u00e9liorations concernant :<br \/>\n&#8211; les salaires ;<br \/>\n&#8211; l&#8217;emploi ;<br \/>\n&#8211; la formation ;<br \/>\n&#8211; <\/span><span style=\"color: #1b499b;\">les conditions de travail&#8230;<\/p>\n<p><strong><span style=\"color: #5cb670;\">CSE (Comit\u00e9 Social et \u00c9conomique)<\/span><br \/>\n<\/strong>Les anciennes missions du CHSCT (Comit\u00e9 d&rsquo;hygi\u00e8ne, de s\u00e9curit\u00e9 et des conditions de travail) ont \u00e9t\u00e9 reprises par le CSE qui<\/span><span style=\"color: #1b499b;\"> a pour mission de contribuer \u00e0 la protection de la sant\u00e9 et de la s\u00e9curit\u00e9 des salari\u00e9s ainsi qu&rsquo;\u00e0 l&rsquo;am\u00e9lioration des conditions de travail. Il dispose d&rsquo;un certain nombre de moyens pour mener \u00e0 bien sa mission (information, recours \u00e0 un expert&#8230;) et les repr\u00e9sentants du personnel, d&rsquo;un cr\u00e9dit d&rsquo;heures et d&rsquo;une protection contre le licenciement. Ces moyens sont renforc\u00e9s dans les entreprises \u00e0 haut risque industriel.<br \/>\nLe comit\u00e9 contribue \u00e0 la protection de la sant\u00e9 et de la s\u00e9curit\u00e9 des salari\u00e9s et \u00e0 l&rsquo;am\u00e9lioration de leurs conditions de travail, notamment par :<\/span><br \/>\n<span style=\"color: #1b499b;\">\u2022 l&rsquo;analyse des conditions de travail et des risques professionnels auxquels peuvent \u00eatre expos\u00e9s les salari\u00e9s et, en particulier, les femmes enceintes\u00a0;<\/span><br \/>\n<span style=\"color: #1b499b;\">\u2022 la v\u00e9rification, par des inspections et des enqu\u00eates, du respect des prescriptions l\u00e9gislatives et r\u00e9glementaires et de la mise en \u0153uvre des mesures de pr\u00e9vention pr\u00e9conis\u00e9es\u00a0;<\/span><br \/>\n<span style=\"color: #1b499b;\">\u2022 le d\u00e9veloppement de la pr\u00e9vention par des actions de sensibilisation et d&rsquo;information. Il peut, par exemple, proposer des actions de pr\u00e9vention en mati\u00e8re de harc\u00e8lement sexuel ou moral\u00a0;<\/span><br \/>\n<span style=\"color: #1b499b;\">\u2022 l&rsquo;analyse des circonstances et des causes des accidents du travail ou des maladies professionnelles ou \u00e0 caract\u00e8re professionnel.<\/p>\n<p><span style=\"color: #5cb670;\"><strong>Harc\u00e8lement<\/strong>\u00a0:<\/span>\u00a0<em>\u00ab\u00a0<\/em>Constituent un harc\u00e8lement moral au travail, tous agissements r\u00e9p\u00e9t\u00e9s visant \u00e0 d\u00e9grader les conditions humaines, relationnelles, mat\u00e9rielles de travail d&rsquo;une ou plusieurs victimes, de nature \u00e0 porter atteinte \u00e0 leurs droits et leur dignit\u00e9, pouvant alt\u00e9rer gravement leur \u00e9tat de sant\u00e9 et pouvant compromettre leur avenir professionnel.<\/span><\/h5>\n<\/div>\n<\/div>\n<\/div>\n","protected":false},"excerpt":{"rendered":"<p>\u2022\u2022\u2022\u2022\u2022\u2022\u2022\u2022\u2022\u2022\u2022\u2022\u2022\u2022\u2022\u2022\u2022\u2022\u2022\u00a0STRESS : pour en savoir plus sur le sujet&#8230; Le stress des cadres,\u00a0Bernard Salengro Cet ouvrage propose des t\u00e9moignages suivis d&rsquo;explications et d&rsquo;analyses donnant des cl\u00e9s pour la compr\u00e9hension et la pr\u00e9vention des pratiques de harc\u00e8lement moral au sein des &hellip; <a href=\"https:\/\/blog.cgcpresse.fr\/?page_id=2775\">Continue reading <span class=\"meta-nav\">&rarr;<\/span><\/a><\/p>\n","protected":false},"author":1,"featured_media":0,"parent":0,"menu_order":0,"comment_status":"closed","ping_status":"closed","template":"","meta":{"footnotes":""},"class_list":["post-2775","page","type-page","status-publish","hentry"],"_links":{"self":[{"href":"https:\/\/blog.cgcpresse.fr\/index.php?rest_route=\/wp\/v2\/pages\/2775","targetHints":{"allow":["GET"]}}],"collection":[{"href":"https:\/\/blog.cgcpresse.fr\/index.php?rest_route=\/wp\/v2\/pages"}],"about":[{"href":"https:\/\/blog.cgcpresse.fr\/index.php?rest_route=\/wp\/v2\/types\/page"}],"author":[{"embeddable":true,"href":"https:\/\/blog.cgcpresse.fr\/index.php?rest_route=\/wp\/v2\/users\/1"}],"replies":[{"embeddable":true,"href":"https:\/\/blog.cgcpresse.fr\/index.php?rest_route=%2Fwp%2Fv2%2Fcomments&post=2775"}],"version-history":[{"count":6,"href":"https:\/\/blog.cgcpresse.fr\/index.php?rest_route=\/wp\/v2\/pages\/2775\/revisions"}],"predecessor-version":[{"id":4366,"href":"https:\/\/blog.cgcpresse.fr\/index.php?rest_route=\/wp\/v2\/pages\/2775\/revisions\/4366"}],"wp:attachment":[{"href":"https:\/\/blog.cgcpresse.fr\/index.php?rest_route=%2Fwp%2Fv2%2Fmedia&parent=2775"}],"curies":[{"name":"wp","href":"https:\/\/api.w.org\/{rel}","templated":true}]}}