{"id":2771,"date":"2016-04-26T11:37:31","date_gmt":"2016-04-26T10:37:31","guid":{"rendered":"http:\/\/cgcpresse.info\/wordpress\/?page_id=2771"},"modified":"2022-10-16T00:39:03","modified_gmt":"2022-10-15T23:39:03","slug":"stress-une-vraie-maladie-professionnelle-qui-doit-etre-reconnue","status":"publish","type":"page","link":"https:\/\/blog.cgcpresse.fr\/?page_id=2771","title":{"rendered":"STRESS &#8211; une vraie maladie professionnelle"},"content":{"rendered":"<h5><img loading=\"lazy\" decoding=\"async\" class=\"alignleft wp-image-3885\" src=\"https:\/\/blog.cgcpresse.fr\/wp-content\/uploads\/2022\/06\/Logo-CFE-CGC-2016-transparent-144x150.png\" alt=\"\" width=\"124\" height=\"130\" srcset=\"https:\/\/blog.cgcpresse.fr\/wp-content\/uploads\/2022\/06\/Logo-CFE-CGC-2016-transparent-144x150.png 144w, https:\/\/blog.cgcpresse.fr\/wp-content\/uploads\/2022\/06\/Logo-CFE-CGC-2016-transparent.png 199w\" sizes=\"auto, (max-width: 124px) 100vw, 124px\" \/><\/h5>\n<h5><\/h5>\n<h5 style=\"padding-left: 30px;\"><span style=\"color: #ec519b;\">\u2022\u2022\u2022\u2022\u2022\u2022\u2022\u2022\u2022\u2022\u2022\u2022\u2022\u2022\u2022\u2022\u2022\u2022\u2022<\/span><strong><span style=\"color: #ec519b;\"> STRESS : <\/span><span style=\"color: #1b499b;\">il y a de quoi en faire une MALADIE !<\/span><\/strong><br \/>\n<span style=\"color: #1b499b;\">La grande majorit\u00e9 des salari\u00e9s se sentent crisp\u00e9s ou tendus \u00e0 cause de leur travail.<\/span><\/h5>\n<h5 style=\"padding-left: 120px;\"><span style=\"color: #5cb670;\"><strong>74 %<\/strong>\u00a0sont fr\u00e9quemment interrompus dans leur travail<\/span><br \/>\n<span style=\"color: #00b8f0;\"><strong>71%<\/strong>\u00a0sont tendu(e)s ou crisp\u00e9(e)s \u00e0 cause de leur travail<\/span><br \/>\n<span style=\"color: #5cb670;\"><strong>68 %<\/strong>\u00a0ont des difficult\u00e9s \u00e0 concilier travail et vie priv\u00e9e<\/span><br \/>\n<span style=\"color: #00b8f0;\"><strong>55 %<\/strong>\u00a0se sentent d\u00e9courag\u00e9s \u00e0 cause de leur travail<\/span><br \/>\n<span style=\"color: #5cb670;\"><strong>51 %<\/strong>\u00a0sont confront\u00e9s \u00e0 des clients agressifs<\/span><br \/>\n<span style=\"color: #00b8f0;\"><strong>48 %<\/strong>\u00a0se sentent mal jug\u00e9 dans leur entreprise<\/span><br \/>\n<span style=\"color: #5cb670;\"><strong>42%<\/strong>\u00a0se sentent en situation de concurrence avec leurs coll\u00e8gues<\/span><br \/>\n<span style=\"color: #00b8f0;\"><strong>38 %<\/strong>\u00a0ont des migraines ou des maux de t\u00eate<\/span><br \/>\n<span style=\"color: #5cb670;\"><strong>34 %<\/strong>\u00a0doivent ex\u00e9cuter des actions qui ne correspondent pas \u00e0 leur \u00e9thique<\/span><\/h5>\n<p style=\"text-align: center;\"><a href=\"https:\/\/blog.cgcpresse.fr\/wp-content\/uploads\/2022\/10\/STRESS_0.png\"><img loading=\"lazy\" decoding=\"async\" class=\"aligncenter  wp-image-4249\" src=\"https:\/\/blog.cgcpresse.fr\/wp-content\/uploads\/2022\/10\/STRESS_0-273x300.png\" alt=\"\" width=\"232\" height=\"255\" srcset=\"https:\/\/blog.cgcpresse.fr\/wp-content\/uploads\/2022\/10\/STRESS_0-273x300.png 273w, https:\/\/blog.cgcpresse.fr\/wp-content\/uploads\/2022\/10\/STRESS_0-137x150.png 137w, https:\/\/blog.cgcpresse.fr\/wp-content\/uploads\/2022\/10\/STRESS_0.png 278w\" sizes=\"auto, (max-width: 232px) 100vw, 232px\" \/><\/a><\/p>\n<h4 class=\"subtitle\" style=\"text-align: center;\"><span style=\"color: #1b499b;\">D\u00e9gradation des conditions de travail, harc\u00e8lement, la gestion par le stress est une r\u00e9alit\u00e9 !<\/span><\/h4>\n<h5><span style=\"color: #1b499b;\">Des\u00a0suicides de salari\u00e9s chez France T\u00e9l\u00e9com, Renault, La Poste, PSA, EDF&#8230;, comme dans d&rsquo;autres entreprises, ont interpell\u00e9 le gouvernement et le grand public sur la n\u00e9cessit\u00e9 de consid\u00e9rer la souffrance au travail comme un probl\u00e8me de soci\u00e9t\u00e9.<\/span><br \/>\n<span style=\"color: #1b499b;\">Le risque psychosocial (stress, harc\u00e8lement&#8230;) est devenu un risque auquel les entreprises doivent d\u00e9sormais faire face. 50 % des arr\u00eats maladies seraient li\u00e9s au stress. Selon l&rsquo;OMS la France est le troisi\u00e8me pays o\u00f9 les d\u00e9pressions li\u00e9es au travail sont les plus nombreuses. La souffrance au travail est devenue chronique.<\/span><\/h5>\n<h5><span style=\"color: #00b8f0;\"><strong>La CFE-CGC est pionni\u00e8re en mati\u00e8re de lutte<span style=\"color: #ec519b;\"> contre le stress en entreprise<\/span>.<\/strong>\u00a0<\/span><span style=\"color: #1b499b;\">Depuis des ann\u00e9es, elle met en \u00e9vidence ce ph\u00e9nom\u00e8ne gr\u00e2ce \u00e0 ses diff\u00e9rentes \u00e9tudes pluridisciplinaires et son sondage r\u00e9gulier r\u00e9alis\u00e9 par Opinionway.\u00a0<\/span><strong><span style=\"color: #1b499b;\">Elle r\u00e9clame la reconnaissance du stress comme maladie professionnelle.<\/span>\u00a0<a href=\"https:\/\/blog.cgcpresse.fr\/wp-content\/uploads\/2015\/02\/Plaquette-stress-05-mod..pdf\"><span style=\"color: #5cb670;\">Lire<\/span><\/a><\/strong><\/h5>\n<div id=\"main\">\n<div class=\"article\">\n<div class=\"content text\">\n<p><strong><a href=\"http:\/\/cgcpresse.info\/wordpress\/wp-content\/uploads\/2015\/02\/Plaquette-stress-05-mod..pdf\"><img loading=\"lazy\" decoding=\"async\" class=\"wp-image-2353 size-large aligncenter\" src=\"https:\/\/blog.cgcpresse.fr\/wp-content\/uploads\/2015\/02\/Plaquette-stress-05-mod.-488x1024.jpg\" alt=\"Plaquette stress (05 mod.)\" width=\"488\" height=\"1024\" srcset=\"https:\/\/blog.cgcpresse.fr\/wp-content\/uploads\/2015\/02\/Plaquette-stress-05-mod.-488x1024.jpg 488w, https:\/\/blog.cgcpresse.fr\/wp-content\/uploads\/2015\/02\/Plaquette-stress-05-mod.-143x300.jpg 143w, https:\/\/blog.cgcpresse.fr\/wp-content\/uploads\/2015\/02\/Plaquette-stress-05-mod..jpg 588w\" sizes=\"auto, (max-width: 488px) 100vw, 488px\" \/><\/a><br \/>\n<\/strong><\/p>\n<\/div>\n<\/div>\n<\/div>\n","protected":false},"excerpt":{"rendered":"<p>\u2022\u2022\u2022\u2022\u2022\u2022\u2022\u2022\u2022\u2022\u2022\u2022\u2022\u2022\u2022\u2022\u2022\u2022\u2022 STRESS : il y a de quoi en faire une MALADIE ! La grande majorit\u00e9 des salari\u00e9s se sentent crisp\u00e9s ou tendus \u00e0 cause de leur travail. 74 %\u00a0sont fr\u00e9quemment interrompus dans leur travail 71%\u00a0sont tendu(e)s ou crisp\u00e9(e)s \u00e0 &hellip; <a href=\"https:\/\/blog.cgcpresse.fr\/?page_id=2771\">Continue reading <span class=\"meta-nav\">&rarr;<\/span><\/a><\/p>\n","protected":false},"author":1,"featured_media":0,"parent":0,"menu_order":0,"comment_status":"closed","ping_status":"closed","template":"","meta":{"footnotes":""},"class_list":["post-2771","page","type-page","status-publish","hentry"],"_links":{"self":[{"href":"https:\/\/blog.cgcpresse.fr\/index.php?rest_route=\/wp\/v2\/pages\/2771","targetHints":{"allow":["GET"]}}],"collection":[{"href":"https:\/\/blog.cgcpresse.fr\/index.php?rest_route=\/wp\/v2\/pages"}],"about":[{"href":"https:\/\/blog.cgcpresse.fr\/index.php?rest_route=\/wp\/v2\/types\/page"}],"author":[{"embeddable":true,"href":"https:\/\/blog.cgcpresse.fr\/index.php?rest_route=\/wp\/v2\/users\/1"}],"replies":[{"embeddable":true,"href":"https:\/\/blog.cgcpresse.fr\/index.php?rest_route=%2Fwp%2Fv2%2Fcomments&post=2771"}],"version-history":[{"count":5,"href":"https:\/\/blog.cgcpresse.fr\/index.php?rest_route=\/wp\/v2\/pages\/2771\/revisions"}],"predecessor-version":[{"id":4347,"href":"https:\/\/blog.cgcpresse.fr\/index.php?rest_route=\/wp\/v2\/pages\/2771\/revisions\/4347"}],"wp:attachment":[{"href":"https:\/\/blog.cgcpresse.fr\/index.php?rest_route=%2Fwp%2Fv2%2Fmedia&parent=2771"}],"curies":[{"name":"wp","href":"https:\/\/api.w.org\/{rel}","templated":true}]}}