{"id":2761,"date":"2016-04-26T10:28:04","date_gmt":"2016-04-26T09:28:04","guid":{"rendered":"http:\/\/cgcpresse.info\/wordpress\/?page_id=2761"},"modified":"2023-02-23T17:40:35","modified_gmt":"2023-02-23T16:40:35","slug":"qui-sommes-nous","status":"publish","type":"page","link":"https:\/\/blog.cgcpresse.fr\/?page_id=2761","title":{"rendered":"Plus sur la CGC PRESSE"},"content":{"rendered":"<h5><img loading=\"lazy\" decoding=\"async\" class=\"alignleft wp-image-2628 \" src=\"https:\/\/blog.cgcpresse.fr\/wp-content\/uploads\/2016\/04\/22C24C05-BE11-4647-96D6-0A1E6AFC6BB1.png\" alt=\"\" width=\"126\" height=\"134\" \/><\/h5>\n<h5><\/h5>\n<h5 style=\"padding-left: 140px;\"><span style=\"color: #ec519b;\">\u2022\u2022\u2022\u2022\u2022\u2022\u2022\u2022\u2022\u2022\u2022\u2022\u2022\u2022\u2022\u2022\u2022\u2022\u2022\u00a0\u00a0<\/span><span style=\"color: #456aad;\"><span style=\"color: #ec519b;\">\u00a0La CGC PRESSE<\/span><span style=\"color: #213a8f;\"> est un syndicat de propositions qui pr\u00f4ne avant tout le dialogue et la n\u00e9gociation.<\/span><br \/>\n<span style=\"color: #213a8f;\">C&rsquo;est une structure de professionnels, comme vous, qui s\u2019impliquent et s\u2019engagent pour intervenir dans l\u2019entreprise et au niveau national afin de d\u00e9fendre \u00e0 la fois les acquis et l\u2019avenir de chacun avec la volont\u00e9 de mettre l\u2019\u00e9conomie au service des femmes et des hommes qui la font progresser.<br \/>\n<\/span><\/span><span style=\"color: #456aad;\"><span style=\"color: #213a8f;\">L\u2019entreprise de presse, le monde de la presse changent\u2026 mais cette \u00e9volution ne se fera pas sans les cadres ni \u00e0 leurs d\u00e9pends.<\/span><br \/>\n<\/span><\/h5>\n<h5 style=\"padding-left: 140px;\"><span style=\"color: #ec519b;\">NOS VALEURS<\/span><br \/>\n<span style=\"color: #213a8f;\">\u2022 L\u2019Humanisme : nous sommes attach\u00e9s au respect de l\u2019Homme et\u00a0\u00e0 la justice sociale ;<\/span><br \/>\n<span style=\"color: #213a8f;\">\u2022 La Responsabilit\u00e9 : nous voulons que l\u2019entreprise\u00a0concilie la responsabilit\u00e9 sociale et les objectifs de rentabilit\u00e9 ;<\/span><br \/>\n<span style=\"color: #213a8f;\">\u2022 La Libert\u00e9 : nous sommes attach\u00e9s \u00e0 la libre entreprise ;<\/span><br \/>\n<span style=\"color: #213a8f;\">\u2022 Le Professionnalisme :\u00a0\u00a0comp\u00e9tence, initiative et\u00a0dynamisme ;<\/span><br \/>\n<span style=\"color: #213a8f;\">\u2022 L\u2019\u00c9thique : notre responsabilit\u00e9 est de construire ou\u00a0d\u00e9velopper une \u00e9thique d\u2019entreprise moderne ;<\/span><br \/>\n<span style=\"color: #213a8f;\">\u2022 La Hi\u00e9rarchie : nous d\u00e9fendons la reconnaissance de toutes\u00a0les comp\u00e9tences et une juste hi\u00e9rarchie des fonctions et des salaires.<\/span><\/h5>\n<h5 style=\"padding-left: 140px;\"><span style=\"color: #ec519b;\">LA CGC PRESSE RASSEMBLE<\/span><br \/>\n<span style=\"color: #213a8f;\">\u2022 les cadres ;<\/span><br \/>\n<span style=\"color: #213a8f;\">\u2022\u00a0les ing\u00e9nieurs ;<\/span><br \/>\n<span style=\"color: #213a8f;\">\u2022\u00a0les agents de ma\u00eetrise ;<\/span><br \/>\n<span style=\"color: #213a8f;\">\u2022\u00a0les techniciens ;<\/span><br \/>\n<span style=\"color: #213a8f;\">\u2022 les assimil\u00e9s.<\/span><\/h5>\n<h5 style=\"padding-left: 140px;\"><span style=\"color: #ff0000;\"><span style=\"color: #ec519b;\">DANS LES TOUTES\u00a0LES FORMES DE PRESSE<\/span><br \/>\n<span style=\"color: #213a8f;\">\u2022\u00a0<\/span><\/span><span style=\"color: #213a8f;\">Presse Quotidienne D\u00e9partementale ;<\/span><br \/>\n<span style=\"color: #213a8f;\">\u2022\u00a0Presse Quotidienne R\u00e9gionale ;<\/span><br \/>\n<span style=\"color: #213a8f;\">\u2022\u00a0Presse Quotidienne Nationale ;<\/span><br \/>\n<span style=\"color: #213a8f;\">\u2022\u00a0Presse Magazine ;<\/span><br \/>\n<span style=\"color: #213a8f;\">\u2022\u00a0Presse Hebdomadaire R\u00e9gionale ;<\/span><br \/>\n<span style=\"color: #213a8f;\">\u2022\u00a0Agences de Presse ;<\/span><br \/>\n<span style=\"color: #213a8f;\">\u2022 Portage de Presse.<\/span><\/h5>\n<h5 style=\"padding-left: 140px;\"><span style=\"color: #ec519b;\">ET\u00a0VOUS REPR\u00c9SENTE\u00a0DANS LES INSTANCES PARITAIRES PROFESSIONNELLES<\/span><br \/>\n<span style=\"color: #213a8f;\">Au sein desquelles\u00a0nos administrateurs et repr\u00e9sentants sont autant de relais\u00a0utiles pour, par exemple, soutenir un dossier aupr\u00e8s\u00a0d\u2019organismes de :<\/span><br \/>\n<span style=\"color: #213a8f;\">\u2022 Retraites (Audiens Retraites Arrco-Agirc) ;<\/span><br \/>\n<span style=\"color: #213a8f;\">\u2022\u00a0Pr\u00e9voyance (AUDIENS) ;<\/span><br \/>\n<span style=\"color: #213a8f;\">\u2022\u00a0Formation (AFDAS).<\/span><\/h5>\n<h5 style=\"padding-left: 140px;\"><span style=\"color: #ec519b;\">MAIS \u00c9GALEMENT INTER-PROFESSIONNELLES VIA LA CFE-CGC \u00e0 laquelle nous sommes rattach\u00e9s<\/span><br \/>\n<span style=\"color: #213a8f;\">La CFE-CGC est le PREMIER \u00a0SYNDICAT fran\u00e7ais au service de l\u2019Encadrement, f\u00e9d\u00e9rant 160 000 hommes et femmes, professionnels de l\u2019entreprise qui d\u00e9fendent ses valeurs.<\/span><br \/>\n<span style=\"color: #456aad;\"><span style=\"color: #213a8f;\">Gr\u00e2ce \u00e0 un r\u00e9seau efficace, la CFE-CGC facilite vos d\u00e9marches au sein des institutions et organismes : S\u00e9curit\u00e9 sociale, MSA, mutuelles, caisses de retraite compl\u00e9mentaire, organismes de formation, Prud\u2019hommes, P\u00f4le Emploi, APEC, CAF, Action logement, administrations&#8230;<\/span><\/span><\/h5>\n<h5 style=\"padding-left: 140px;\"><span style=\"color: #213a8f;\">Au sein de l&rsquo;UNIR (Union Nationale Interprofessionnelle des Retrait\u00e9s) : \u00e9tudes, expression et d\u00e9fense des int\u00e9r\u00eats mat\u00e9riels et moraux de ses ressortissants.<\/span><\/h5>\n<p style=\"text-align: center;\"><a href=\"https:\/\/blog.cgcpresse.fr\/wp-content\/uploads\/2022\/10\/Syndicat.png\"><img loading=\"lazy\" decoding=\"async\" class=\"aligncenter size-medium wp-image-4328\" src=\"https:\/\/blog.cgcpresse.fr\/wp-content\/uploads\/2022\/10\/Syndicat-300x271.png\" alt=\"\" width=\"300\" height=\"271\" srcset=\"https:\/\/blog.cgcpresse.fr\/wp-content\/uploads\/2022\/10\/Syndicat-300x271.png 300w, https:\/\/blog.cgcpresse.fr\/wp-content\/uploads\/2022\/10\/Syndicat-150x135.png 150w, https:\/\/blog.cgcpresse.fr\/wp-content\/uploads\/2022\/10\/Syndicat.png 348w\" sizes=\"auto, (max-width: 300px) 100vw, 300px\" \/><\/a><\/p>\n","protected":false},"excerpt":{"rendered":"<p>\u2022\u2022\u2022\u2022\u2022\u2022\u2022\u2022\u2022\u2022\u2022\u2022\u2022\u2022\u2022\u2022\u2022\u2022\u2022\u00a0\u00a0\u00a0La CGC PRESSE est un syndicat de propositions qui pr\u00f4ne avant tout le dialogue et la n\u00e9gociation. C&rsquo;est une structure de professionnels, comme vous, qui s\u2019impliquent et s\u2019engagent pour intervenir dans l\u2019entreprise et au niveau national afin de d\u00e9fendre \u00e0 &hellip; <a href=\"https:\/\/blog.cgcpresse.fr\/?page_id=2761\">Continue reading <span class=\"meta-nav\">&rarr;<\/span><\/a><\/p>\n","protected":false},"author":1,"featured_media":0,"parent":0,"menu_order":0,"comment_status":"closed","ping_status":"closed","template":"","meta":{"footnotes":""},"class_list":["post-2761","page","type-page","status-publish","hentry"],"_links":{"self":[{"href":"https:\/\/blog.cgcpresse.fr\/index.php?rest_route=\/wp\/v2\/pages\/2761","targetHints":{"allow":["GET"]}}],"collection":[{"href":"https:\/\/blog.cgcpresse.fr\/index.php?rest_route=\/wp\/v2\/pages"}],"about":[{"href":"https:\/\/blog.cgcpresse.fr\/index.php?rest_route=\/wp\/v2\/types\/page"}],"author":[{"embeddable":true,"href":"https:\/\/blog.cgcpresse.fr\/index.php?rest_route=\/wp\/v2\/users\/1"}],"replies":[{"embeddable":true,"href":"https:\/\/blog.cgcpresse.fr\/index.php?rest_route=%2Fwp%2Fv2%2Fcomments&post=2761"}],"version-history":[{"count":23,"href":"https:\/\/blog.cgcpresse.fr\/index.php?rest_route=\/wp\/v2\/pages\/2761\/revisions"}],"predecessor-version":[{"id":4871,"href":"https:\/\/blog.cgcpresse.fr\/index.php?rest_route=\/wp\/v2\/pages\/2761\/revisions\/4871"}],"wp:attachment":[{"href":"https:\/\/blog.cgcpresse.fr\/index.php?rest_route=%2Fwp%2Fv2%2Fmedia&parent=2761"}],"curies":[{"name":"wp","href":"https:\/\/api.w.org\/{rel}","templated":true}]}}