{"id":2622,"date":"2016-04-22T17:20:53","date_gmt":"2016-04-22T16:20:53","guid":{"rendered":"http:\/\/cgcpresse.info\/wordpress\/?page_id=2622"},"modified":"2017-06-14T08:27:26","modified_gmt":"2017-06-14T07:27:26","slug":"la-loi-travail-el-khomri-empechera-les-medecins-du-travail-de-temoigner-du-burnout","status":"publish","type":"page","link":"https:\/\/blog.cgcpresse.fr\/?page_id=2622","title":{"rendered":"Sant\u00e9 au travail &#8211; propositions de la CFE-CGC"},"content":{"rendered":"<h5><a href=\"http:\/\/cgcpresse.info\/wordpress\/?attachment_id=2628\" rel=\"attachment wp-att-2628\"><img loading=\"lazy\" decoding=\"async\" class=\"wp-image-3273 alignleft\" src=\"http:\/\/cgcpresse.info\/wordpress\/wp-content\/uploads\/2016\/04\/2017-05-STRESS-623x1024.png\" alt=\"2017-05 STRESS*\" width=\"96\" height=\"157\" srcset=\"https:\/\/blog.cgcpresse.fr\/wp-content\/uploads\/2016\/04\/2017-05-STRESS-623x1024.png 623w, https:\/\/blog.cgcpresse.fr\/wp-content\/uploads\/2016\/04\/2017-05-STRESS-183x300.png 183w, https:\/\/blog.cgcpresse.fr\/wp-content\/uploads\/2016\/04\/2017-05-STRESS.png 642w\" sizes=\"auto, (max-width: 96px) 100vw, 96px\" \/><\/a><\/h5>\n<h5 style=\"padding-left: 90px;\"><span style=\"color: #ff0000;\">\u2022\u2022\u2022\u2022\u2022\u2022\u2022\u2022\u2022\u2022\u2022\u2022\u2022\u2022\u2022\u2022\u2022\u2022\u2022<\/span> Dans son livre \u00ab\u00a0Quelle Soci\u00e9t\u00e9 pour demain ?\u00a0\u00bb, la CFE-CGC fait des propositions sur diff\u00e9rentes th\u00e9matiques et, notamment, sur la sant\u00e9 au travail.<a href=\"http:\/\/cgcpresse.info\/wordpress\/wp-content\/uploads\/2016\/04\/2017-05-Propositions-de-la-CFE-CGC-QVT-pathologies-psychiques-conciliation-des-temps-de-vie.pdf\" target=\"_blank\"><img loading=\"lazy\" decoding=\"async\" class=\"wp-image-3274 size-large aligncenter\" src=\"http:\/\/cgcpresse.info\/wordpress\/wp-content\/uploads\/2016\/04\/2017-05-Propositions-de-la-CFE-CGC-QVT-pathologies-psychiques-conciliation-des-temps-de-vie-image-724x1024.jpg\" alt=\"2017-05 Propositions de la CFE-CGC - QVT, pathologies psychiques, conciliation des temps de vie (image)\" width=\"640\" height=\"905\" srcset=\"https:\/\/blog.cgcpresse.fr\/wp-content\/uploads\/2016\/04\/2017-05-Propositions-de-la-CFE-CGC-QVT-pathologies-psychiques-conciliation-des-temps-de-vie-image-724x1024.jpg 724w, https:\/\/blog.cgcpresse.fr\/wp-content\/uploads\/2016\/04\/2017-05-Propositions-de-la-CFE-CGC-QVT-pathologies-psychiques-conciliation-des-temps-de-vie-image-212x300.jpg 212w, https:\/\/blog.cgcpresse.fr\/wp-content\/uploads\/2016\/04\/2017-05-Propositions-de-la-CFE-CGC-QVT-pathologies-psychiques-conciliation-des-temps-de-vie-image-768x1086.jpg 768w\" sizes=\"auto, (max-width: 640px) 100vw, 640px\" \/><\/a><\/h5>\n","protected":false},"excerpt":{"rendered":"<p>\u2022\u2022\u2022\u2022\u2022\u2022\u2022\u2022\u2022\u2022\u2022\u2022\u2022\u2022\u2022\u2022\u2022\u2022\u2022 Dans son livre \u00ab\u00a0Quelle Soci\u00e9t\u00e9 pour demain ?\u00a0\u00bb, la CFE-CGC fait des propositions sur diff\u00e9rentes th\u00e9matiques et, notamment, sur la sant\u00e9 au travail.<\/p>\n","protected":false},"author":1,"featured_media":0,"parent":0,"menu_order":0,"comment_status":"closed","ping_status":"closed","template":"","meta":{"footnotes":""},"class_list":["post-2622","page","type-page","status-publish","hentry"],"_links":{"self":[{"href":"https:\/\/blog.cgcpresse.fr\/index.php?rest_route=\/wp\/v2\/pages\/2622","targetHints":{"allow":["GET"]}}],"collection":[{"href":"https:\/\/blog.cgcpresse.fr\/index.php?rest_route=\/wp\/v2\/pages"}],"about":[{"href":"https:\/\/blog.cgcpresse.fr\/index.php?rest_route=\/wp\/v2\/types\/page"}],"author":[{"embeddable":true,"href":"https:\/\/blog.cgcpresse.fr\/index.php?rest_route=\/wp\/v2\/users\/1"}],"replies":[{"embeddable":true,"href":"https:\/\/blog.cgcpresse.fr\/index.php?rest_route=%2Fwp%2Fv2%2Fcomments&post=2622"}],"version-history":[{"count":12,"href":"https:\/\/blog.cgcpresse.fr\/index.php?rest_route=\/wp\/v2\/pages\/2622\/revisions"}],"predecessor-version":[{"id":3276,"href":"https:\/\/blog.cgcpresse.fr\/index.php?rest_route=\/wp\/v2\/pages\/2622\/revisions\/3276"}],"wp:attachment":[{"href":"https:\/\/blog.cgcpresse.fr\/index.php?rest_route=%2Fwp%2Fv2%2Fmedia&parent=2622"}],"curies":[{"name":"wp","href":"https:\/\/api.w.org\/{rel}","templated":true}]}}