{"id":2598,"date":"2016-04-22T16:39:46","date_gmt":"2016-04-22T15:39:46","guid":{"rendered":"http:\/\/cgcpresse.info\/wordpress\/?page_id=2598"},"modified":"2022-10-15T21:13:49","modified_gmt":"2022-10-15T20:13:49","slug":"detecteur-de-burnout-en-ligne","status":"publish","type":"page","link":"https:\/\/blog.cgcpresse.fr\/?page_id=2598","title":{"rendered":"D\u00e9tecteur de BURNOUT en ligne"},"content":{"rendered":"<h5><span style=\"color: #ff0000;\"><img loading=\"lazy\" decoding=\"async\" class=\"alignnone size-thumbnail wp-image-3885\" src=\"https:\/\/blog.cgcpresse.fr\/wp-content\/uploads\/2022\/06\/Logo-CFE-CGC-2016-transparent-144x150.png\" alt=\"\" width=\"144\" height=\"150\" srcset=\"https:\/\/blog.cgcpresse.fr\/wp-content\/uploads\/2022\/06\/Logo-CFE-CGC-2016-transparent-144x150.png 144w, https:\/\/blog.cgcpresse.fr\/wp-content\/uploads\/2022\/06\/Logo-CFE-CGC-2016-transparent.png 199w\" sizes=\"auto, (max-width: 144px) 100vw, 144px\" \/>\u2022\u2022\u2022\u2022\u2022\u2022\u2022\u2022\u2022\u2022\u2022\u2022\u2022\u2022\u2022\u2022\u2022\u2022\u2022\u00a0 <\/span>La FIECI (F\u00e9d\u00e9ration nationale CFE-CGC) du personnel de l\u2019encadrement<br \/>\ndes soci\u00e9t\u00e9s de service Informatique, des \u00c9tudes, du Conseil, de l\u2019Ing\u00e9nierie et de la Formation) met en ligne ce <a href=\"http:\/\/www.fiecivox.com\/outils\/application-burnout\/\" target=\"_blank\" rel=\"noopener\"><span style=\"color: #ff0000;\">TEST<\/span><\/a> de 12 questions mis au point en collaboration avec des experts (sociologue, m\u00e9decin g\u00e9n\u00e9raliste, m\u00e9decin du travail, psychologue, les experts du cabinet Technologia).<br \/>\nIl permet en une dizaine de minutes de d\u00e9celer un potentiel Burn-Out et est destin\u00e9 aux managers, d\u00e9l\u00e9gu\u00e9s syndicaux, salari\u00e9s.<br \/>\n<img loading=\"lazy\" decoding=\"async\" class=\"alignnone wp-image-2608\" src=\"http:\/\/cgcpresse.info\/wordpress\/wp-content\/uploads\/2016\/04\/Affiche-ne-mange-plus-724x1024.jpg\" alt=\"Affiche ne mange plus\" width=\"187\" height=\"264\" srcset=\"https:\/\/blog.cgcpresse.fr\/wp-content\/uploads\/2016\/04\/Affiche-ne-mange-plus-724x1024.jpg 724w, https:\/\/blog.cgcpresse.fr\/wp-content\/uploads\/2016\/04\/Affiche-ne-mange-plus-212x300.jpg 212w, https:\/\/blog.cgcpresse.fr\/wp-content\/uploads\/2016\/04\/Affiche-ne-mange-plus-768x1086.jpg 768w, https:\/\/blog.cgcpresse.fr\/wp-content\/uploads\/2016\/04\/Affiche-ne-mange-plus.jpg 1024w\" sizes=\"auto, (max-width: 187px) 100vw, 187px\" \/><img loading=\"lazy\" decoding=\"async\" class=\"alignleft wp-image-2607\" src=\"http:\/\/cgcpresse.info\/wordpress\/wp-content\/uploads\/2016\/04\/Affiche-agressif-724x1024.jpg\" alt=\"Affiche agressif\" width=\"182\" height=\"258\" srcset=\"https:\/\/blog.cgcpresse.fr\/wp-content\/uploads\/2016\/04\/Affiche-agressif-724x1024.jpg 724w, https:\/\/blog.cgcpresse.fr\/wp-content\/uploads\/2016\/04\/Affiche-agressif-212x300.jpg 212w, https:\/\/blog.cgcpresse.fr\/wp-content\/uploads\/2016\/04\/Affiche-agressif-768x1086.jpg 768w, https:\/\/blog.cgcpresse.fr\/wp-content\/uploads\/2016\/04\/Affiche-agressif.jpg 1024w\" sizes=\"auto, (max-width: 182px) 100vw, 182px\" \/><img loading=\"lazy\" decoding=\"async\" class=\"alignright wp-image-2609\" src=\"http:\/\/cgcpresse.info\/wordpress\/wp-content\/uploads\/2016\/04\/Affiche-Papa-ca\u0302lins-724x1024.jpg\" alt=\"Affiche Papa ca\u0302lins\" width=\"181\" height=\"256\" srcset=\"https:\/\/blog.cgcpresse.fr\/wp-content\/uploads\/2016\/04\/Affiche-Papa-ca\u0302lins-724x1024.jpg 724w, https:\/\/blog.cgcpresse.fr\/wp-content\/uploads\/2016\/04\/Affiche-Papa-ca\u0302lins-212x300.jpg 212w, https:\/\/blog.cgcpresse.fr\/wp-content\/uploads\/2016\/04\/Affiche-Papa-ca\u0302lins-768x1086.jpg 768w, https:\/\/blog.cgcpresse.fr\/wp-content\/uploads\/2016\/04\/Affiche-Papa-ca\u0302lins.jpg 1024w\" sizes=\"auto, (max-width: 181px) 100vw, 181px\" \/><\/h5>\n","protected":false},"excerpt":{"rendered":"<p>\u2022\u2022\u2022\u2022\u2022\u2022\u2022\u2022\u2022\u2022\u2022\u2022\u2022\u2022\u2022\u2022\u2022\u2022\u2022\u00a0 La FIECI (F\u00e9d\u00e9ration nationale CFE-CGC) du personnel de l\u2019encadrement des soci\u00e9t\u00e9s de service Informatique, des \u00c9tudes, du Conseil, de l\u2019Ing\u00e9nierie et de la Formation) met en ligne ce TEST de 12 questions mis au point en collaboration avec des &hellip; <a href=\"https:\/\/blog.cgcpresse.fr\/?page_id=2598\">Continue reading <span class=\"meta-nav\">&rarr;<\/span><\/a><\/p>\n","protected":false},"author":1,"featured_media":0,"parent":0,"menu_order":0,"comment_status":"closed","ping_status":"closed","template":"","meta":{"footnotes":""},"class_list":["post-2598","page","type-page","status-publish","hentry"],"_links":{"self":[{"href":"https:\/\/blog.cgcpresse.fr\/index.php?rest_route=\/wp\/v2\/pages\/2598","targetHints":{"allow":["GET"]}}],"collection":[{"href":"https:\/\/blog.cgcpresse.fr\/index.php?rest_route=\/wp\/v2\/pages"}],"about":[{"href":"https:\/\/blog.cgcpresse.fr\/index.php?rest_route=\/wp\/v2\/types\/page"}],"author":[{"embeddable":true,"href":"https:\/\/blog.cgcpresse.fr\/index.php?rest_route=\/wp\/v2\/users\/1"}],"replies":[{"embeddable":true,"href":"https:\/\/blog.cgcpresse.fr\/index.php?rest_route=%2Fwp%2Fv2%2Fcomments&post=2598"}],"version-history":[{"count":9,"href":"https:\/\/blog.cgcpresse.fr\/index.php?rest_route=\/wp\/v2\/pages\/2598\/revisions"}],"predecessor-version":[{"id":4247,"href":"https:\/\/blog.cgcpresse.fr\/index.php?rest_route=\/wp\/v2\/pages\/2598\/revisions\/4247"}],"wp:attachment":[{"href":"https:\/\/blog.cgcpresse.fr\/index.php?rest_route=%2Fwp%2Fv2%2Fmedia&parent=2598"}],"curies":[{"name":"wp","href":"https:\/\/api.w.org\/{rel}","templated":true}]}}