{"id":2233,"date":"2020-07-09T18:17:52","date_gmt":"2020-07-09T17:17:52","guid":{"rendered":"http:\/\/cgcpresse.info\/wordpress\/?page_id=2233"},"modified":"2022-12-31T15:19:59","modified_gmt":"2022-12-31T14:19:59","slug":"regards-croises-sur-la-protection-sociale","status":"publish","type":"page","link":"https:\/\/blog.cgcpresse.fr\/?page_id=2233","title":{"rendered":"Le Magazine &#8211; trimestriel"},"content":{"rendered":"<h5><a href=\"https:\/\/blog.cgcpresse.fr\/wp-content\/uploads\/2022\/12\/Le-Magazine-17-12-2022-a-la-une-scaled.jpg\"><img loading=\"lazy\" decoding=\"async\" class=\"wp-image-4476 alignnone\" src=\"https:\/\/blog.cgcpresse.fr\/wp-content\/uploads\/2022\/12\/Le-Magazine-17-12-2022-a-la-une-scaled.jpg\" alt=\"\" width=\"238\" height=\"305\" srcset=\"https:\/\/blog.cgcpresse.fr\/wp-content\/uploads\/2022\/12\/Le-Magazine-17-12-2022-a-la-une-scaled.jpg 1992w, https:\/\/blog.cgcpresse.fr\/wp-content\/uploads\/2022\/12\/Le-Magazine-17-12-2022-a-la-une-233x300.jpg 233w, https:\/\/blog.cgcpresse.fr\/wp-content\/uploads\/2022\/12\/Le-Magazine-17-12-2022-a-la-une-797x1024.jpg 797w, https:\/\/blog.cgcpresse.fr\/wp-content\/uploads\/2022\/12\/Le-Magazine-17-12-2022-a-la-une-117x150.jpg 117w, https:\/\/blog.cgcpresse.fr\/wp-content\/uploads\/2022\/12\/Le-Magazine-17-12-2022-a-la-une-768x987.jpg 768w, https:\/\/blog.cgcpresse.fr\/wp-content\/uploads\/2022\/12\/Le-Magazine-17-12-2022-a-la-une-1195x1536.jpg 1195w, https:\/\/blog.cgcpresse.fr\/wp-content\/uploads\/2022\/12\/Le-Magazine-17-12-2022-a-la-une-1593x2048.jpg 1593w\" sizes=\"auto, (max-width: 238px) 100vw, 238px\" \/><\/a><\/h5>\n<h5><span style=\"color: #ec519b;\">\u2022\u2022\u2022\u2022\u2022\u2022\u2022\u2022\u2022\u2022\u2022\u2022\u2022\u2022\u2022\u2022\u2022\u2022\u2022 Le Magazine<\/span>\u00a0<span style=\"color: #1b499b;\">de la CFE-CGC informe l&rsquo;ensemble des adh\u00e9rents sur la soci\u00e9t\u00e9 et son \u00e9volution, sur le monde du travail, l&rsquo;entreprise et le militantisme.<\/span><br \/>\n<span style=\"color: #1b499b;\">Vous informer et promouvoir les actions de la CFE-CGC sont indispensables pour consolider nos positions militantes et notre ro\u0302le d\u2019acteur incontournable du dialogue social au niveau national interprofessionnel et dans les entreprises.<\/span><br \/>\n<span style=\"color: #1b499b;\">Ce trimestriel <\/span><span style=\"color: #1b499b;\">r\u00e9solument ancr\u00e9 sur le terrain de l&rsquo;action syndicale est a\u0300 votre service ; vous y trouverez un dossier de fond, des portraits de militants, des questions pratiques, un reportage de terrain, du d\u00e9bat, des points de vue d\u2019experts\u2026 <\/span><span style=\"color: #1b499b;\">De quoi nourrir la r\u00e9flexion sur les grands enjeux de notre soci\u00e9t\u00e9, tant aujourd\u2019hui que pour demain.<\/span><\/h5>\n<div class=\"page\" title=\"Page 3\">\n<div class=\"section\">\n<div class=\"layoutArea\">\n<div class=\"column\">\n<h5 style=\"text-align: center;\"><strong><span style=\"color: #1b499b;\">\u2022 Au sommaire du<\/span> <span style=\"color: #5cb670;\"><a style=\"color: #5cb670;\" href=\"https:\/\/blog.cgcpresse.fr\/wp-content\/uploads\/2022\/10\/Le-Magazine-16-09-2022.pdf\" target=\"_blank\" rel=\"noopener noreferrer\">Magazine n\u00b016<\/a> <\/span><span style=\"color: #1b499b;\">de d\u00e9cembre 2022 \u2022<\/span><br \/>\n<span style=\"color: #1b499b;\">\u2022\u2022\u2022\u2022\u2022\u2022\u2022\u2022\u2022\u2022\u2022\u2022\u2022\u2022\u2022\u2022\u2022\u2022\u2022\u2022\u2022\u2022\u2022\u2022\u2022\u2022\u2022\u2022\u2022\u2022\u2022\u2022\u2022\u2022\u2022\u2022\u2022\u2022\u2022\u2022\u2022\u2022\u2022\u2022\u2022\u2022\u2022\u2022\u2022\u2022\u2022<\/span><br \/>\n<\/strong><\/h5>\n<div class=\"page\" title=\"Page 1\">\n<div class=\"section\">\n<div class=\"layoutArea\">\n<div class=\"column\">\n<div class=\"page\" title=\"Page 1\">\n<div class=\"section\">\n<div class=\"layoutArea\">\n<div class=\"column\">\n<h5 style=\"text-align: center;\"><span style=\"color: #ec519b;\"><em><strong><span style=\"color: #ec519b;\">\u00e9dito<\/span> <\/strong><\/em><\/span><span style=\"color: #5cb670;\">Retraites : NON au casse du si\u00e8cle <\/span><span style=\"color: #ec519b;\"><em><strong>\u00e0 la une <span style=\"color: #1b499b;\">Travail hybride et management, crise de l\u2019\u00e9nergie, violences sexistes&#8230;<\/span> focus <span style=\"color: #5cb670;\">FLe secret des affaires : General Electric, Nokia, Technip&#8230;<\/span> le grand t\u00e9moin<br \/>\n<span style=\"color: #1b499b;\">Ana\u00efs Voy-Gillis, chercheuse et directrice associ\u00e9e chez June Partners<\/span><br \/>\nen immersion <span style=\"color: #5cb670;\">\u00ab Restaurer la confiance \u00bb : \u00e9tape conf\u00e9d\u00e9rale en Nouvelle-Aquitaine <\/span>mode d\u2019emploi <span style=\"color: #1b499b;\">La retraite progressive <\/span>dossier <span style=\"color: #5cb670;\">retraites : la mise au point de la CFE-CGC<\/span> portraits de militants <span style=\"color: #1b499b;\">Aur\u00e9lie B\u00e2cle-Lewandowski (CFE-CGC Photobox) et Rachid Eddaidj (CFE-CGC ADP)<\/span><br \/>\nfen\u00eatre sur le monde <span style=\"color: #5cb670;\">\u2022\u2022Lancement de la Communaut\u00e9 politique europ\u00e9enne : que faut-il en attendre ? \u2022\u2022Convention maritime internationale : un mastodonte normatif pour un secteur aux multiples d\u00e9fis \u2022\u2022En Allemagne, 4 millions de salari\u00e9s augment\u00e9s de 8,5 % dans l\u2019industrie <\/span>questions pratiques <span style=\"color: #1b499b;\">Mi-temps th\u00e9rapeutique ; travail d\u00e9tach\u00e9 ; clause de non-concurrence <\/span>indicateurs <span style=\"color: #5cb670;\">Les chiffres cl\u00e9s de la mobilit\u00e9 des jeunes<br \/>\n<\/span><\/strong><\/em><\/span><\/h5>\n<\/div>\n<\/div>\n<\/div>\n<\/div>\n<\/div>\n<\/div>\n<\/div>\n<\/div>\n<h5 style=\"text-align: center;\"><strong><span style=\"color: #1b499b;\"><br \/>\n\u2022 Archives \u2022<\/span><br \/>\n<\/strong><span style=\"color: #5cb670;\"><strong>\u2022\u2022\u2022\u2022\u2022\u2022\u2022\u2022\u2022\u2022\u2022\u2022\u2022\u2022\u2022\u2022\u2022\u2022\u2022\u2022\u2022\u2022\u2022\u2022\u2022\u2022\u2022\u2022\u2022\u2022\u2022\u2022\u2022\u2022\u2022\u2022\u2022\u2022\u2022\u2022\u2022\u2022\u2022\u2022\u2022\u2022\u2022\u2022\u2022\u2022\u2022<\/strong><\/span><\/h5>\n<h5 style=\"text-align: center;\"><span style=\"color: #00b8f0;\"><strong>\u00a0&#8211; <\/strong><\/span><a href=\"https:\/\/blog.cgcpresse.fr\/wp-content\/uploads\/2022\/06\/Le-Magazine-12-09-2021.pdf\"><span style=\"color: #1b499b;\">Septembre 2021<\/span><\/a><span style=\"color: #00b8f0;\"><strong> &#8211;\u00a0<\/strong><\/span><span style=\"color: #5cb670;\"><a style=\"color: #5cb670;\" href=\"https:\/\/blog.cgcpresse.fr\/wp-content\/uploads\/2022\/06\/Le-Magazine-13-12-2021.pdf\"><span style=\"color: #5cb670;\">D\u00e9cembre<\/span> 2021<\/a><\/span><strong><span style=\"color: #5cb670;\"><span style=\"color: #00b8f0;\">\u00a0&#8211;<\/span> <\/span><\/strong><span style=\"color: #1b499b;\"><strong><a style=\"color: #1b499b;\" href=\"https:\/\/blog.cgcpresse.fr\/wp-content\/uploads\/2022\/06\/Le-Magazine-14-03-2022.pdf\" target=\"_blank\" rel=\"noopener noreferrer\"><span style=\"color: #1b499b;\">Mars<\/span> 2022<\/a><\/strong><\/span><span style=\"color: #00b8f0;\"><strong> &#8211;\u00a0<\/strong><\/span><strong><a href=\"https:\/\/blog.cgcpresse.fr\/wp-content\/uploads\/2022\/08\/Le-Magazine-15-06-2022.pdf\" target=\"_blank\" rel=\"noopener noreferrer\"><span style=\"color: #5cb670;\">Juin 2022<\/span><\/a><\/strong><span style=\"color: #00b8f0;\"><strong> &#8211; <\/strong><\/span><span style=\"color: #1b499b;\"><strong><a style=\"color: #1b499b;\" href=\"https:\/\/blog.cgcpresse.fr\/wp-content\/uploads\/2022\/10\/Le-Magazine-16-09-2022.pdf\" target=\"_blank\" rel=\"noopener noreferrer\">Septembre 2022<\/a><\/strong><\/span><strong><span style=\"color: #00b8f0;\"> &#8211;<\/span> <\/strong><\/h5>\n<h5 style=\"text-align: center;\"><\/h5>\n<h5><\/h5>\n<h5 style=\"text-align: center;\"><\/h5>\n<\/div>\n<\/div>\n<\/div>\n<\/div>\n<h5><\/h5>\n<h5 style=\"text-align: center;\"><\/h5>\n<h5 style=\"text-align: center;\"><\/h5>\n<h5 style=\"text-align: center;\"><\/h5>\n<h5><\/h5>\n","protected":false},"excerpt":{"rendered":"<p>\u2022\u2022\u2022\u2022\u2022\u2022\u2022\u2022\u2022\u2022\u2022\u2022\u2022\u2022\u2022\u2022\u2022\u2022\u2022 Le Magazine\u00a0de la CFE-CGC informe l&rsquo;ensemble des adh\u00e9rents sur la soci\u00e9t\u00e9 et son \u00e9volution, sur le monde du travail, l&rsquo;entreprise et le militantisme. Vous informer et promouvoir les actions de la CFE-CGC sont indispensables pour consolider nos positions militantes &hellip; <a href=\"https:\/\/blog.cgcpresse.fr\/?page_id=2233\">Continue reading <span class=\"meta-nav\">&rarr;<\/span><\/a><\/p>\n","protected":false},"author":1,"featured_media":0,"parent":0,"menu_order":0,"comment_status":"closed","ping_status":"closed","template":"","meta":{"footnotes":""},"class_list":["post-2233","page","type-page","status-publish","hentry"],"_links":{"self":[{"href":"https:\/\/blog.cgcpresse.fr\/index.php?rest_route=\/wp\/v2\/pages\/2233","targetHints":{"allow":["GET"]}}],"collection":[{"href":"https:\/\/blog.cgcpresse.fr\/index.php?rest_route=\/wp\/v2\/pages"}],"about":[{"href":"https:\/\/blog.cgcpresse.fr\/index.php?rest_route=\/wp\/v2\/types\/page"}],"author":[{"embeddable":true,"href":"https:\/\/blog.cgcpresse.fr\/index.php?rest_route=\/wp\/v2\/users\/1"}],"replies":[{"embeddable":true,"href":"https:\/\/blog.cgcpresse.fr\/index.php?rest_route=%2Fwp%2Fv2%2Fcomments&post=2233"}],"version-history":[{"count":75,"href":"https:\/\/blog.cgcpresse.fr\/index.php?rest_route=\/wp\/v2\/pages\/2233\/revisions"}],"predecessor-version":[{"id":4477,"href":"https:\/\/blog.cgcpresse.fr\/index.php?rest_route=\/wp\/v2\/pages\/2233\/revisions\/4477"}],"wp:attachment":[{"href":"https:\/\/blog.cgcpresse.fr\/index.php?rest_route=%2Fwp%2Fv2%2Fmedia&parent=2233"}],"curies":[{"name":"wp","href":"https:\/\/api.w.org\/{rel}","templated":true}]}}