{"id":2207,"date":"2015-01-29T17:55:23","date_gmt":"2015-01-29T16:55:23","guid":{"rendered":"http:\/\/cgcpresse.info\/wordpress\/?page_id=2207"},"modified":"2022-08-06T14:36:06","modified_gmt":"2022-08-06T13:36:06","slug":"representativite-syndicale","status":"publish","type":"page","link":"https:\/\/blog.cgcpresse.fr\/?page_id=2207","title":{"rendered":"CFE-CGC, le syndicat au service de l&rsquo;Encadrement"},"content":{"rendered":"<h5><img loading=\"lazy\" decoding=\"async\" class=\"wp-image-3885 alignleft\" src=\"https:\/\/blog.cgcpresse.fr\/wp-content\/uploads\/2022\/06\/Logo-CFE-CGC-2016-transparent.png\" alt=\"\" width=\"124\" height=\"130\" srcset=\"https:\/\/blog.cgcpresse.fr\/wp-content\/uploads\/2022\/06\/Logo-CFE-CGC-2016-transparent.png 199w, https:\/\/blog.cgcpresse.fr\/wp-content\/uploads\/2022\/06\/Logo-CFE-CGC-2016-transparent-144x150.png 144w\" sizes=\"auto, (max-width: 124px) 100vw, 124px\" \/><\/h5>\n<h5><\/h5>\n<h5 style=\"padding-left: 80px;\"><span style=\"color: #ec519b;\">\u2022\u2022\u2022\u2022\u2022\u2022\u2022\u2022\u2022\u2022\u2022\u2022\u2022\u2022\u2022\u2022\u2022\u2022\u2022 \u00ab\u00a0<\/span><span style=\"color: #213a8f;\"><span style=\"color: #ec519b;\">Face \u00e0 la crise, RESTAURONS LA CONFIANCE\u00a0\u00bb<\/span><\/span><span style=\"color: #213a8f;\"><br \/>\n<em><strong>La crise est devenue partie de notre environnement, comme l\u2019oxyg\u00e8ne que l\u2019on respire. Utilis\u00e9e comme un terme \u00e9voquant la situation \u00e9conomique, son p\u00e9rim\u00e8tre s\u2019est \u00e9tendu \u00e0 tous les sujets se pr\u00eatant \u00e0 des ruptures, des r\u00e9gressions, des violences, des renoncements. Crise \u00e9conomique, crise financi\u00e8re, crise climatique, crise de l\u2019emploi, de la d\u00e9mocratie, de l\u2019identit\u00e9, du logement, de la famille, des id\u00e9es, de l\u2019engagement, partout c\u2019est la crise. Jeunes, vieux, entre les deux, employeurs, salari\u00e9s, politiques, depuis presque quarante ans, pour tout le monde : c\u2019est la crise !<br \/>\nEt au point culminant, survient la crise g\u00e9opolitique mondiale, la guerre en Europe et son cort\u00e8ge de malheurs.<br \/>\nEn rongeant peu \u00e0 peu ce qui fait coh\u00e9sion et projet dans la soci\u00e9t\u00e9, les crises successives et conjugu\u00e9es ont install\u00e9 la plus terrible des situations : le doute de chacun dans la possibilit\u00e9 d\u2019une soci\u00e9t\u00e9 de progr\u00e8s, construite et partag\u00e9e par tous.<br \/>\nLa confiance, \u00e0 l\u2019inverse, <span style=\"color: #213a8f;\">est<\/span> cet \u00e9tat d\u2019esprit qui permet l\u2019espoir et donne le ressort n\u00e9cessaire aux individus, \u00e0 titre personnel ou professionnel, de s\u2019engager, de faire un pari sur l\u2019avenir, de prendre des risques en sachant les chances de succ\u00e8s favorables et sans redouter \u00e0 l\u2019exc\u00e8s un \u00e9chec. Cette m\u00e9fiance g\u00e9n<span style=\"color: #213a8f;\">\u00e9ralis\u00e9e favorise les replis, \u00e9parpille les \u00e9nergies, accro\u00eet l\u2019anxi\u00e9t\u00e9 et ne dessine ni un pr\u00e9sent enthousiasmant ni un avenir prometteur pour les g\u00e9n\u00e9rations futures.<\/span><br \/>\n<\/strong><\/em><\/span><em><strong><span style=\"color: #213a8f;\">L\u2019objectif de la CFE-CGC a toujours \u00e9t\u00e9 de lutter pour des collectifs solides o\u00f9 l\u2019\u00e9panouissement individuel est possible pour chacun et participe \u00e0 la consolidation de l\u2019ensemble. En produisant un ensemble d\u2019analyses et de propositions dont les synth\u00e8ses th\u00e9matiques sont expos\u00e9es dans ce document, l\u2019ambition de la CFE-CGC est d\u2019apporter la preuve que d\u2019autres options sont possibles sur des sujets majeurs. Et de pr\u00e9tendre, avec humilit\u00e9 mais conviction, que ces propositions sont plus viables sur le long terme, plus justes en termes de r\u00e9partition, plus l\u00e9gitimes en termes de fonctionnement.<\/span><br \/>\n<span style=\"color: #213a8f;\">\u00ab Restaurer la confiance \u00bb, c\u2019est le nom que nous avons choisi comme titre pour qualifier le d\u00e9fi qui s\u2019impose \u00e0 nous. Nous nous sommes ici attach\u00e9s \u00e0 d\u00e9montrer que la confiance ne peut revenir que dans<\/span><br \/>\n<span style=\"color: #213a8f;\">un contexte de volont\u00e9 partag\u00e9e entre les pouvoirs publics, les corps interm\u00e9diaires et les acteurs \u00e9conomiques qui composent le paysage socio-\u00e9conomique d\u2019une soci\u00e9t\u00e9.<\/span><br \/>\n<span style=\"color: #213a8f;\">Cette volont\u00e9 doit se traduire par un partage des responsabilit\u00e9s dans la gestion et la strat\u00e9gie avec une vision convergente des enjeux et une l\u00e9gitimit\u00e9 des acteurs. Ce partage doit s\u2019accompagner de transparence et de respect de tout ce qui garantit un retour \u00e0 l\u2019adh\u00e9sion de tous \u00e0 une soci\u00e9t\u00e9 plus juste.<\/span><br \/>\n<\/strong><\/em><br \/>\n<span style=\"color: #213a8f;\">Franc\u0327ois Hommeril &#8211; Pre\u0301sident Confe\u0301de\u0301ral.<\/span><br \/>\n<span style=\"color: #213a8f;\">\u00c0 lire :&nbsp;<span style=\"color: #5cb670;\"><a style=\"color: #5cb670;\" href=\"https:\/\/blog.cgcpresse.fr\/wp-content\/uploads\/2022\/08\/2022-04-La-vision-de-la-CFE-CGC-pour-restaurer-la-confiance-apre\u0300s-la-crise-Le-de\u0301fi-04-2022.pdf\">La vision de la CFE-CGC pour restaurer la confiance apre\u0300s la crise -Le de\u0301fi &#8211; avril 2022<\/a><\/span><br \/>\n<\/span><span style=\"color: #5fb682;\"><a style=\"color: #5fb682;\" href=\"https:\/\/blog.cgcpresse.fr\/wp-content\/uploads\/2022\/08\/Congre\u0301s-Deauville-2019.pdf\" target=\"_blank\" rel=\"noopener noreferrer\">Programme 2019-2022<\/a><\/span> <span style=\"color: #213a8f;\">de l&rsquo;\u00e9quipe conf\u00e9d\u00e9rale \u00e9lue au 37e Congr\u00e8s de Deauville en 2019<\/span><span style=\"color: #213a8f;\">.<\/span><\/h5>\n<p><img loading=\"lazy\" decoding=\"async\" class=\"aligncenter wp-image-3964 size-large\" src=\"https:\/\/blog.cgcpresse.fr\/wp-content\/uploads\/2022\/08\/Pre\u0301sentation-CFECGC-flyer-08-2022-2019-modifie\u0301-1-724x1024.png\" alt=\"\" width=\"640\" height=\"905\" srcset=\"https:\/\/blog.cgcpresse.fr\/wp-content\/uploads\/2022\/08\/Pre\u0301sentation-CFECGC-flyer-08-2022-2019-modifie\u0301-1-724x1024.png 724w, https:\/\/blog.cgcpresse.fr\/wp-content\/uploads\/2022\/08\/Pre\u0301sentation-CFECGC-flyer-08-2022-2019-modifie\u0301-1-212x300.png 212w, https:\/\/blog.cgcpresse.fr\/wp-content\/uploads\/2022\/08\/Pre\u0301sentation-CFECGC-flyer-08-2022-2019-modifie\u0301-1-106x150.png 106w, https:\/\/blog.cgcpresse.fr\/wp-content\/uploads\/2022\/08\/Pre\u0301sentation-CFECGC-flyer-08-2022-2019-modifie\u0301-1-768x1086.png 768w, https:\/\/blog.cgcpresse.fr\/wp-content\/uploads\/2022\/08\/Pre\u0301sentation-CFECGC-flyer-08-2022-2019-modifie\u0301-1-1086x1536.png 1086w, https:\/\/blog.cgcpresse.fr\/wp-content\/uploads\/2022\/08\/Pre\u0301sentation-CFECGC-flyer-08-2022-2019-modifie\u0301-1-1448x2048.png 1448w\" sizes=\"auto, (max-width: 640px) 100vw, 640px\" \/><br \/>\n<img loading=\"lazy\" decoding=\"async\" class=\"wp-image-3965 size-large aligncenter\" src=\"https:\/\/blog.cgcpresse.fr\/wp-content\/uploads\/2022\/08\/Pre\u0301sentation-CFECGC-flyer-08-2022-2019-modifie\u0301-2-724x1024.png\" alt=\"\" width=\"640\" height=\"905\" srcset=\"https:\/\/blog.cgcpresse.fr\/wp-content\/uploads\/2022\/08\/Pre\u0301sentation-CFECGC-flyer-08-2022-2019-modifie\u0301-2-724x1024.png 724w, https:\/\/blog.cgcpresse.fr\/wp-content\/uploads\/2022\/08\/Pre\u0301sentation-CFECGC-flyer-08-2022-2019-modifie\u0301-2-212x300.png 212w, https:\/\/blog.cgcpresse.fr\/wp-content\/uploads\/2022\/08\/Pre\u0301sentation-CFECGC-flyer-08-2022-2019-modifie\u0301-2-106x150.png 106w, https:\/\/blog.cgcpresse.fr\/wp-content\/uploads\/2022\/08\/Pre\u0301sentation-CFECGC-flyer-08-2022-2019-modifie\u0301-2-768x1086.png 768w, https:\/\/blog.cgcpresse.fr\/wp-content\/uploads\/2022\/08\/Pre\u0301sentation-CFECGC-flyer-08-2022-2019-modifie\u0301-2-1086x1536.png 1086w, https:\/\/blog.cgcpresse.fr\/wp-content\/uploads\/2022\/08\/Pre\u0301sentation-CFECGC-flyer-08-2022-2019-modifie\u0301-2-1448x2048.png 1448w\" sizes=\"auto, (max-width: 640px) 100vw, 640px\" \/><img loading=\"lazy\" decoding=\"async\" class=\"aligncenter wp-image-3966 size-large\" src=\"https:\/\/blog.cgcpresse.fr\/wp-content\/uploads\/2022\/08\/Pre\u0301sentation-CFECGC-flyer-08-2022-2019-modifie\u0301-3-724x1024.png\" alt=\"\" width=\"640\" height=\"905\" srcset=\"https:\/\/blog.cgcpresse.fr\/wp-content\/uploads\/2022\/08\/Pre\u0301sentation-CFECGC-flyer-08-2022-2019-modifie\u0301-3-724x1024.png 724w, https:\/\/blog.cgcpresse.fr\/wp-content\/uploads\/2022\/08\/Pre\u0301sentation-CFECGC-flyer-08-2022-2019-modifie\u0301-3-212x300.png 212w, https:\/\/blog.cgcpresse.fr\/wp-content\/uploads\/2022\/08\/Pre\u0301sentation-CFECGC-flyer-08-2022-2019-modifie\u0301-3-106x150.png 106w, https:\/\/blog.cgcpresse.fr\/wp-content\/uploads\/2022\/08\/Pre\u0301sentation-CFECGC-flyer-08-2022-2019-modifie\u0301-3-768x1086.png 768w, https:\/\/blog.cgcpresse.fr\/wp-content\/uploads\/2022\/08\/Pre\u0301sentation-CFECGC-flyer-08-2022-2019-modifie\u0301-3-1086x1536.png 1086w, https:\/\/blog.cgcpresse.fr\/wp-content\/uploads\/2022\/08\/Pre\u0301sentation-CFECGC-flyer-08-2022-2019-modifie\u0301-3-1448x2048.png 1448w\" sizes=\"auto, (max-width: 640px) 100vw, 640px\" \/><\/p>\n","protected":false},"excerpt":{"rendered":"<p>\u2022\u2022\u2022\u2022\u2022\u2022\u2022\u2022\u2022\u2022\u2022\u2022\u2022\u2022\u2022\u2022\u2022\u2022\u2022 \u00ab\u00a0Face \u00e0 la crise, RESTAURONS LA CONFIANCE\u00a0\u00bb La crise est devenue partie de notre environnement, comme l\u2019oxyg\u00e8ne que l\u2019on respire. Utilis\u00e9e comme un terme \u00e9voquant la situation \u00e9conomique, son p\u00e9rim\u00e8tre s\u2019est \u00e9tendu \u00e0 tous les sujets se pr\u00eatant \u00e0 &hellip; <a href=\"https:\/\/blog.cgcpresse.fr\/?page_id=2207\">Continue reading <span class=\"meta-nav\">&rarr;<\/span><\/a><\/p>\n","protected":false},"author":1,"featured_media":0,"parent":0,"menu_order":0,"comment_status":"closed","ping_status":"closed","template":"","meta":{"footnotes":""},"class_list":["post-2207","page","type-page","status-publish","hentry"],"_links":{"self":[{"href":"https:\/\/blog.cgcpresse.fr\/index.php?rest_route=\/wp\/v2\/pages\/2207","targetHints":{"allow":["GET"]}}],"collection":[{"href":"https:\/\/blog.cgcpresse.fr\/index.php?rest_route=\/wp\/v2\/pages"}],"about":[{"href":"https:\/\/blog.cgcpresse.fr\/index.php?rest_route=\/wp\/v2\/types\/page"}],"author":[{"embeddable":true,"href":"https:\/\/blog.cgcpresse.fr\/index.php?rest_route=\/wp\/v2\/users\/1"}],"replies":[{"embeddable":true,"href":"https:\/\/blog.cgcpresse.fr\/index.php?rest_route=%2Fwp%2Fv2%2Fcomments&post=2207"}],"version-history":[{"count":33,"href":"https:\/\/blog.cgcpresse.fr\/index.php?rest_route=\/wp\/v2\/pages\/2207\/revisions"}],"predecessor-version":[{"id":3978,"href":"https:\/\/blog.cgcpresse.fr\/index.php?rest_route=\/wp\/v2\/pages\/2207\/revisions\/3978"}],"wp:attachment":[{"href":"https:\/\/blog.cgcpresse.fr\/index.php?rest_route=%2Fwp%2Fv2%2Fmedia&parent=2207"}],"curies":[{"name":"wp","href":"https:\/\/api.w.org\/{rel}","templated":true}]}}