{"id":2201,"date":"2015-01-29T17:47:53","date_gmt":"2015-01-29T16:47:53","guid":{"rendered":"http:\/\/cgcpresse.info\/wordpress\/?page_id=2201"},"modified":"2022-10-16T00:23:12","modified_gmt":"2022-10-15T23:23:12","slug":"notre-action","status":"publish","type":"page","link":"https:\/\/blog.cgcpresse.fr\/?page_id=2201","title":{"rendered":"Notre Action"},"content":{"rendered":"<h5><img loading=\"lazy\" decoding=\"async\" class=\"wp-image-3885 alignleft\" src=\"https:\/\/blog.cgcpresse.fr\/wp-content\/uploads\/2022\/06\/Logo-CFE-CGC-2016-transparent.png\" alt=\"\" width=\"124\" height=\"130\" srcset=\"https:\/\/blog.cgcpresse.fr\/wp-content\/uploads\/2022\/06\/Logo-CFE-CGC-2016-transparent.png 199w, https:\/\/blog.cgcpresse.fr\/wp-content\/uploads\/2022\/06\/Logo-CFE-CGC-2016-transparent-144x150.png 144w\" sizes=\"auto, (max-width: 124px) 100vw, 124px\" \/><\/h5>\n<p>\u2022\u2022\u2022\u2022\u2022\u2022\u2022\u2022\u2022\u2022\u2022\u2022\u2022\u2022\u2022\u2022\u2022\u2022\u2022\u00a0\u00a0<span style=\"color: #456aad;\"><span style=\"color: #ec519b;\">\u00a0La CGC PRESSE<\/span> <span style=\"color: #213a8f;\">a pour mission de repr\u00e9senter, conseiller, d\u00e9fendre et prot\u00e9ger le personnel d&rsquo;Encadrement dans les entreprises et la branche professionnelle de LA PRESSE \u00c9CRITE.<\/span><\/span><\/p>\n<h5 style=\"padding-left: 140px;\"><span style=\"color: #ec519b;\">NOS TH\u00c8MES D&rsquo;ACTION DANS L&rsquo;ENTREPRISE ET LA BRANCHE PROFESSIONNELLE \u00a0:\u00a0<\/span><br \/>\n<span style=\"color: #213a8f;\">\u2022\u00a0 La repr\u00e9sentation du personnel dans l\u2019entreprise au sein du CSE ;<\/span><br \/>\n<span style=\"color: #213a8f;\">\u2022 La participation aux prises de d\u00e9cision dans l\u2019entreprise ;<\/span><br \/>\n<span style=\"color: #213a8f;\">\u2022 La formation (plan dans les entreprises, gestion OPCO nationaux, accords formation);<\/span><br \/>\n<span style=\"color: #213a8f;\">\u2022 La mobilit\u00e9 ;<\/span><br \/>\n<span style=\"color: #213a8f;\">\u2022 L\u2019insertion et l\u2019emploi ;<\/span><br \/>\n<span style=\"color: #213a8f;\">\u2022 L\u2019\u00e9galit\u00e9 professionnelle, le handicap, les seniors, la responsabilit\u00e9 soci\u00e9tale ;<\/span><br \/>\n<span style=\"color: #213a8f;\">\u2022 La n\u00e9gociation et la gestion des conventions collectives, des accords d&rsquo;augmentations des bar\u00e8mes nationaux des salaires&#8230;<\/span><\/h5>\n<h5 style=\"padding-left: 140px;\"><span style=\"color: #ec519b;\">LES TH\u00c8MES D&rsquo;ACTIONS DE LA CFE-CGC DANS LA SOCI\u00c9T\u00c9\u00a0\u00a0:\u00a0<\/span><br \/>\n<span style=\"color: #213a8f;\">\u2022 L\u2019emploi, l\u2019\u00e9conomie, le d\u00e9veloppement durable ;<\/span><br \/>\n<span style=\"color: #213a8f;\">\u2022 Les prestations sociales, avec nos repr\u00e9sentants\u00a0dans les organismes sociaux et paritaires ;<\/span><br \/>\n<span style=\"color: #213a8f;\">\u2022 La retraite (r\u00e9gime g\u00e9n\u00e9ral et r\u00e9gimes compl\u00e9mentaires) ;<\/span><br \/>\n<span style=\"color: #213a8f;\">\u2022 La d\u00e9pendance ;<\/span><br \/>\n<span style=\"color: #213a8f;\">\u2022 La r\u00e9duction de la pression fiscale sur les classes\u00a0moyennes ;<\/span><br \/>\n<span style=\"color: #213a8f;\">\u2022 La d\u00e9fense de vos droits avec les \u00e9lus Conseillers du salari\u00e9 et Conseillers prud\u2019hommes.<\/span><\/h5>\n<h5 style=\"padding-left: 140px;\"><span style=\"color: #ff0000;\"><span style=\"color: #ec519b;\">LES SERVICES<\/span><br \/>\n<span style=\"color: #ec519b;\">Dans votre vie professionnelle<\/span><br \/>\n<\/span><span style=\"color: #213a8f;\">\u2022 Des conseils juridiques, sociaux et fiscaux : contrat de travail, formation, retraite, pr\u00e9voyance, fiscalit\u00e9, \u00e9pargne salariale&#8230;<\/span><br \/>\n<span style=\"color: #213a8f;\">\u2022 Des r\u00e9unions d\u2019information et des sessions de formation ;<\/span><br \/>\n<span style=\"color: #213a8f;\">\u2022 Des formations syndicales adapt\u00e9es ;<\/span><br \/>\n<span style=\"color: #213a8f;\">\u2022 Des interlocuteurs \u00e0 votre \u00e9coute.<\/span><br \/>\n<span style=\"color: #ec519b;\">Dans votre vie sociale<\/span><br \/>\n<span style=\"color: #213a8f;\">\u2022\u00a0Une information actualis\u00e9e, le site Internet CFE-CGC, des publications p\u00e9riodiques ;<\/span><br \/>\n<span style=\"color: #213a8f;\">\u2022 Notre repr\u00e9sentation sur la sc\u00e8ne europ\u00e9enne par la Conf\u00e9d\u00e9ration Europ\u00e9enne des Cadres (CEC) ;<\/span><br \/>\n<span style=\"color: #213a8f;\">\u2022 Un Observatoire de la Responsabilit\u00e9 Soci\u00e9tale des Entreprises (ORSE) ;<\/span><br \/>\n<span style=\"color: #213a8f;\">\u2022 Un observatoire du stress.<\/span><\/h5>\n<p style=\"text-align: center;\"><a href=\"https:\/\/blog.cgcpresse.fr\/wp-content\/uploads\/2022\/10\/Ensemble-Syndicat-groupe.png\"><img loading=\"lazy\" decoding=\"async\" class=\"aligncenter size-medium wp-image-4326\" src=\"https:\/\/blog.cgcpresse.fr\/wp-content\/uploads\/2022\/10\/Ensemble-Syndicat-groupe-300x144.png\" alt=\"\" width=\"300\" height=\"144\" srcset=\"https:\/\/blog.cgcpresse.fr\/wp-content\/uploads\/2022\/10\/Ensemble-Syndicat-groupe-300x144.png 300w, https:\/\/blog.cgcpresse.fr\/wp-content\/uploads\/2022\/10\/Ensemble-Syndicat-groupe-150x72.png 150w, https:\/\/blog.cgcpresse.fr\/wp-content\/uploads\/2022\/10\/Ensemble-Syndicat-groupe.png 403w\" sizes=\"auto, (max-width: 300px) 100vw, 300px\" \/><\/a><\/p>\n","protected":false},"excerpt":{"rendered":"<p>\u2022\u2022\u2022\u2022\u2022\u2022\u2022\u2022\u2022\u2022\u2022\u2022\u2022\u2022\u2022\u2022\u2022\u2022\u2022\u00a0\u00a0\u00a0La CGC PRESSE a pour mission de repr\u00e9senter, conseiller, d\u00e9fendre et prot\u00e9ger le personnel d&rsquo;Encadrement dans les entreprises et la branche professionnelle de LA PRESSE \u00c9CRITE. NOS TH\u00c8MES D&rsquo;ACTION DANS L&rsquo;ENTREPRISE ET LA BRANCHE PROFESSIONNELLE \u00a0:\u00a0 \u2022\u00a0 La repr\u00e9sentation du &hellip; <a href=\"https:\/\/blog.cgcpresse.fr\/?page_id=2201\">Continue reading <span class=\"meta-nav\">&rarr;<\/span><\/a><\/p>\n","protected":false},"author":1,"featured_media":0,"parent":0,"menu_order":0,"comment_status":"closed","ping_status":"closed","template":"","meta":{"footnotes":""},"class_list":["post-2201","page","type-page","status-publish","hentry"],"_links":{"self":[{"href":"https:\/\/blog.cgcpresse.fr\/index.php?rest_route=\/wp\/v2\/pages\/2201","targetHints":{"allow":["GET"]}}],"collection":[{"href":"https:\/\/blog.cgcpresse.fr\/index.php?rest_route=\/wp\/v2\/pages"}],"about":[{"href":"https:\/\/blog.cgcpresse.fr\/index.php?rest_route=\/wp\/v2\/types\/page"}],"author":[{"embeddable":true,"href":"https:\/\/blog.cgcpresse.fr\/index.php?rest_route=\/wp\/v2\/users\/1"}],"replies":[{"embeddable":true,"href":"https:\/\/blog.cgcpresse.fr\/index.php?rest_route=%2Fwp%2Fv2%2Fcomments&post=2201"}],"version-history":[{"count":12,"href":"https:\/\/blog.cgcpresse.fr\/index.php?rest_route=\/wp\/v2\/pages\/2201\/revisions"}],"predecessor-version":[{"id":4331,"href":"https:\/\/blog.cgcpresse.fr\/index.php?rest_route=\/wp\/v2\/pages\/2201\/revisions\/4331"}],"wp:attachment":[{"href":"https:\/\/blog.cgcpresse.fr\/index.php?rest_route=%2Fwp%2Fv2%2Fmedia&parent=2201"}],"curies":[{"name":"wp","href":"https:\/\/api.w.org\/{rel}","templated":true}]}}