{"id":2177,"date":"2015-01-29T16:41:13","date_gmt":"2015-01-29T15:41:13","guid":{"rendered":"http:\/\/cgcpresse.info\/wordpress\/?page_id=2177"},"modified":"2022-12-31T16:28:46","modified_gmt":"2022-12-31T15:28:46","slug":"actualites-syndicales-et-sociales","status":"publish","type":"page","link":"https:\/\/blog.cgcpresse.fr\/?page_id=2177","title":{"rendered":"Actualit\u00e9s Syndicales, Sociales, Professionnelles&#8230; et les derniers textes de loi"},"content":{"rendered":"<h5><img loading=\"lazy\" decoding=\"async\" class=\"alignnone wp-image-3885\" src=\"https:\/\/blog.cgcpresse.fr\/wp-content\/uploads\/2022\/06\/Logo-CFE-CGC-2016-transparent-144x150.png\" alt=\"\" width=\"124\" height=\"130\" srcset=\"https:\/\/blog.cgcpresse.fr\/wp-content\/uploads\/2022\/06\/Logo-CFE-CGC-2016-transparent-144x150.png 144w, https:\/\/blog.cgcpresse.fr\/wp-content\/uploads\/2022\/06\/Logo-CFE-CGC-2016-transparent.png 199w\" sizes=\"auto, (max-width: 124px) 100vw, 124px\" \/><\/h5>\n<h5><\/h5>\n<h5 style=\"padding-left: 20px;\"><span style=\"color: #ec519b;\">\u2022\u2022\u2022\u2022\u2022\u2022\u2022\u2022\u2022\u2022\u2022\u2022\u2022\u2022\u2022\u2022\u2022\u2022\u2022 Toute l&rsquo;ACTUALIT\u00c9<\/span> <span style=\"color: #1b499b;\">syndicale, sociale, professionnelle, les nouveaux textes&#8230;<\/span><\/h5>\n<h5 style=\"padding-left: 120px;\"><strong><a href=\"https:\/\/blog.cgcpresse.fr\/?page_id=2181\" target=\"_blank\" rel=\"noopener\"><span style=\"color: #5cb670;\">Les N\u00c9GOCIATIONS NATIONALES\u00a0 et les BAR\u00c8MES de SALAIRES dans la PRESSE<\/span><\/a><\/strong><\/h5>\n<h5 style=\"padding-left: 120px;\"><strong><a href=\"https:\/\/blog.cgcpresse.fr\/?page_id=2185\" target=\"_blank\" rel=\"noopener\"><span style=\"color: #5cb670;\"><span style=\"color: #00b8f0;\">La CFE-CGC mobilis\u00e9e pour le POUVOIR D&rsquo;ACHAT<\/span><\/span><\/a><\/strong><\/h5>\n<h5 style=\"padding-left: 120px;\"><a href=\"https:\/\/blog.cgcpresse.fr\/?page_id=4500\" target=\"_blank\" rel=\"noopener\"><span style=\"color: #5cb670;\">CH\u00d4MAGE<\/span><\/a><br \/>\n<a href=\"https:\/\/blog.cgcpresse.fr\/?page_id=4500\" target=\"_blank\" rel=\"noopener\"><span style=\"color: #5cb670;\">\u2022 BAISSE des DROITS : vers la fin de la gestion paritaire.<\/span><\/a><br \/>\n<a href=\"https:\/\/blog.cgcpresse.fr\/?page_id=4509\" target=\"_blank\" rel=\"noopener\"><span style=\"color: #5cb670;\">\u2022 Fiches pratiques<\/span><\/a><\/h5>\n<h5 style=\"padding-left: 120px;\"><strong><a href=\"https:\/\/blog.cgcpresse.fr\/?page_id=2174\" target=\"_blank\" rel=\"noopener\"><span style=\"color: #5cb670;\"><span style=\"color: #00b8f0;\">RETRAITES<\/span><\/span><\/a><\/strong><br \/>\n<span style=\"color: #00b8f0;\"><strong>\u2022 <a style=\"color: #00b8f0;\" href=\"https:\/\/blog.cgcpresse.fr\/?page_id=4478\">Retraites : NON au CASSE du SI\u00c8CLE !<\/a><br \/>\n\u2022 DOSSIER Retraites &#8211; La mise au point de la CFE-CGC<br \/>\n\u2022 <a style=\"color: #00b8f0;\" href=\"https:\/\/blog.cgcpresse.fr\/?page_id=4156\" target=\"_blank\" rel=\"noopener\">+ 5,12 % pour les retraites compl\u00e9mentaires le 01-11-2022<\/a><\/strong><\/span><br \/>\n<span style=\"color: #00b8f0;\"><strong>\u2022 <a style=\"color: #00b8f0;\" href=\"https:\/\/blog.cgcpresse.fr\/?page_id=2174\" target=\"_blank\" rel=\"noopener\">r\u00e9forme, actualit\u00e9s et infos<\/a><\/strong><\/span><br \/>\n<span style=\"color: #00b8f0;\"><strong>\u2022 <a style=\"color: #00b8f0;\" href=\"https:\/\/blog.cgcpresse.fr\/?page_id=2737\" target=\"_blank\" rel=\"noopener\">guide \u00ab\u00a0La retraite des salari\u00e9s du priv\u00e9\u00a0\u00bb<\/a><\/strong><\/span><br \/>\n<span style=\"color: #00b8f0;\"><strong>\u2022 <a style=\"color: #00b8f0;\" href=\"https:\/\/blog.cgcpresse.fr\/?page_id=3495\" target=\"_blank\" rel=\"noopener\">Fusion Agirc-Arrco le 1er janvier 2019<\/a><\/strong><\/span><\/h5>\n<h5 style=\"padding-left: 120px;\"><strong><span style=\"color: #5cb670;\"><a style=\"color: #5cb670;\" href=\"https:\/\/blog.cgcpresse.fr\/?page_id=2465\" target=\"_blank\" rel=\"noopener\"><span style=\"color: #00b8f0;\"><span style=\"color: #5cb670;\">\u00c9GALIT\u00c9 HOMMES &#8211; FEMMES en entreprise<\/span><\/span><\/a><\/span><\/strong><\/h5>\n<h5 style=\"padding-left: 120px;\"><strong><a href=\"https:\/\/blog.cgcpresse.fr\/?page_id=2830\" target=\"_blank\" rel=\"noopener\"><span style=\"color: #5cb670;\"><span style=\"color: #00b8f0;\">Compte Personnel de FORMATION en 50 questions<\/span><\/span><\/a><\/strong><\/h5>\n<h5 style=\"padding-left: 120px;\"><a href=\"https:\/\/blog.cgcpresse.fr\/?page_id=4432\"><strong><span style=\"color: #00b8f0;\"><span style=\"color: #5cb670;\">La CONCENTRATION des M\u00c9DIAS en France &#8211; rapport du S\u00e9nat<\/span><\/span><\/strong><\/a><\/h5>\n<h5 style=\"padding-left: 120px;\"><strong><span style=\"color: #5cb670;\"><a style=\"color: #5cb670;\" href=\"https:\/\/blog.cgcpresse.fr\/?page_id=3183\"><strong><span style=\"color: #00b8f0;\">M\u00c9TIERS de la PRESSE &#8211; entre \u00c9volution et R\u00e9volution<\/span><\/strong><\/a><\/span><\/strong><\/h5>\n<h5 style=\"padding-left: 120px;\"><span style=\"color: #5cb670;\">\u00a0<\/span><\/h5>\n<p style=\"padding-left: 120px;\">\n","protected":false},"excerpt":{"rendered":"<p>\u2022\u2022\u2022\u2022\u2022\u2022\u2022\u2022\u2022\u2022\u2022\u2022\u2022\u2022\u2022\u2022\u2022\u2022\u2022 Toute l&rsquo;ACTUALIT\u00c9 syndicale, sociale, professionnelle, les nouveaux textes&#8230; Les N\u00c9GOCIATIONS NATIONALES\u00a0 et les BAR\u00c8MES de SALAIRES dans la PRESSE La CFE-CGC mobilis\u00e9e pour le POUVOIR D&rsquo;ACHAT CH\u00d4MAGE \u2022 BAISSE des DROITS : vers la fin de la gestion paritaire. &hellip; <a href=\"https:\/\/blog.cgcpresse.fr\/?page_id=2177\">Continue reading <span class=\"meta-nav\">&rarr;<\/span><\/a><\/p>\n","protected":false},"author":1,"featured_media":0,"parent":0,"menu_order":0,"comment_status":"closed","ping_status":"closed","template":"","meta":{"footnotes":""},"class_list":["post-2177","page","type-page","status-publish","hentry"],"_links":{"self":[{"href":"https:\/\/blog.cgcpresse.fr\/index.php?rest_route=\/wp\/v2\/pages\/2177","targetHints":{"allow":["GET"]}}],"collection":[{"href":"https:\/\/blog.cgcpresse.fr\/index.php?rest_route=\/wp\/v2\/pages"}],"about":[{"href":"https:\/\/blog.cgcpresse.fr\/index.php?rest_route=\/wp\/v2\/types\/page"}],"author":[{"embeddable":true,"href":"https:\/\/blog.cgcpresse.fr\/index.php?rest_route=\/wp\/v2\/users\/1"}],"replies":[{"embeddable":true,"href":"https:\/\/blog.cgcpresse.fr\/index.php?rest_route=%2Fwp%2Fv2%2Fcomments&post=2177"}],"version-history":[{"count":44,"href":"https:\/\/blog.cgcpresse.fr\/index.php?rest_route=\/wp\/v2\/pages\/2177\/revisions"}],"predecessor-version":[{"id":4526,"href":"https:\/\/blog.cgcpresse.fr\/index.php?rest_route=\/wp\/v2\/pages\/2177\/revisions\/4526"}],"wp:attachment":[{"href":"https:\/\/blog.cgcpresse.fr\/index.php?rest_route=%2Fwp%2Fv2%2Fmedia&parent=2177"}],"curies":[{"name":"wp","href":"https:\/\/api.w.org\/{rel}","templated":true}]}}