{"id":2174,"date":"2015-01-29T16:35:16","date_gmt":"2015-01-29T15:35:16","guid":{"rendered":"http:\/\/cgcpresse.info\/wordpress\/?page_id=2174"},"modified":"2023-04-05T11:59:05","modified_gmt":"2023-04-05T10:59:05","slug":"communiques-de-presse","status":"publish","type":"page","link":"https:\/\/blog.cgcpresse.fr\/?page_id=2174","title":{"rendered":"1\u00e8re journ\u00e9e &#8211; Appel \u00e0 une large MOBILISATION le 19 janvier"},"content":{"rendered":"<h5><a href=\"http:\/\/cgcpresse.info\/wordpress\/?attachment_id=2628\" rel=\"attachment wp-att-2628\"><img loading=\"lazy\" decoding=\"async\" class=\"size-thumbnail wp-image-3885 alignnone\" src=\"https:\/\/blog.cgcpresse.fr\/wp-content\/uploads\/2022\/06\/Logo-CFE-CGC-2016-transparent-144x150.png\" alt=\"\" width=\"144\" height=\"150\" srcset=\"https:\/\/blog.cgcpresse.fr\/wp-content\/uploads\/2022\/06\/Logo-CFE-CGC-2016-transparent-144x150.png 144w, https:\/\/blog.cgcpresse.fr\/wp-content\/uploads\/2022\/06\/Logo-CFE-CGC-2016-transparent.png 199w\" sizes=\"auto, (max-width: 144px) 100vw, 144px\" \/><\/a><\/h5>\n<h5><span style=\"color: #ec519b;\">\u2022\u2022\u2022\u2022\u2022\u2022\u2022\u2022\u2022\u2022\u2022\u2022\u2022\u2022\u2022\u2022\u2022\u2022\u2022 La CFE-CGC, avec l&rsquo;intersyndicale, appelle tous les salari\u00e9s \u00e0 se mobiliser contre la <a href=\"https:\/\/www.linkedin.com\/feed\/hashtag\/?keywords=r%C3%A9formedesretraites&amp;highlightedUpdateUrns=urn%3Ali%3Aactivity%3A7018814254438834176\" target=\"_blank\" rel=\"noopener\">#R\u00e9formeDesRetraites<\/a> le 19 janvier 2023<\/span><\/h5>\n<h5><span style=\"color: #1b499b;\">Alors que le projet de texte de la r\u00e9forme des retraites a \u00e9t\u00e9&nbsp;pr\u00e9sent\u00e9 par le gouvernement le mardi 10 janvier, la CFE-CGC&nbsp;est totalement oppos\u00e9e&nbsp;\u00e0 cette&nbsp;r\u00e9forme inutile et lourde de cons\u00e9quences. La CFE-CGC a fait valoir ses positions tout au long des concertations afin de&nbsp;favoriser l\u2019emploi des s\u00e9niors et pr\u00e9venir l\u2019usure professionnelle, les dispositifs de solidarit\u00e9 ou encore&nbsp;l&rsquo;\u00e9quilibre du syst\u00e8me.<br \/>\nRetrouvez l&rsquo;ensemble de nos propositions dans notre <a href=\"https:\/\/blog.cgcpresse.fr\/?page_id=4490\" target=\"_blank\" rel=\"noopener\">dossier retraite<\/a>.<\/span><\/h5>\n<h5><span style=\"color: #1b499b;\"><span style=\"color: #5cb670;\"> R\u00e9forme des retraites : mobilisation en France<\/span><br \/>\nLa mobilisation contre le projet de r\u00e9forme des retraites aura lieu le&nbsp;jeudi 19 janvier 2023. Pour l&rsquo;\u00cele&nbsp;de France, la mobilisation&nbsp;aura lieu \u00e0 Paris, de la place de la R\u00e9publique \u00e0 Nation, \u00e0 partir de 13h00 pour un d\u00e9part du&nbsp;cort\u00e8ge \u00e0 14h00.&nbsp;Retrouvez l&rsquo;ensemble <a href=\"https:\/\/www.cfecgc.org\/actualites\/reforme-des-retraites-carte-mobilisation-en-france\" target=\"_blank\" rel=\"noopener\">des manifestations qui s&rsquo;organisent en France<\/a>.<\/span><\/h5>\n<h5><span style=\"color: #1b499b;\"><span style=\"color: #00b8f0;\">La r\u00e9forme des retraites ? C\u2019est le casse du si\u00e8cle !<a style=\"color: #00b8f0;\" href=\"https:\/\/blog.cgcpresse.fr\/wp-content\/uploads\/2023\/01\/La-CFE-CGC-appelle-a-la-greve-et-a-la-mobilisation.png\"><img loading=\"lazy\" decoding=\"async\" class=\"wp-image-4580 alignright\" src=\"https:\/\/blog.cgcpresse.fr\/wp-content\/uploads\/2023\/01\/La-CFE-CGC-appelle-a-la-greve-et-a-la-mobilisation.png\" alt=\"\" width=\"394\" height=\"223\" srcset=\"https:\/\/blog.cgcpresse.fr\/wp-content\/uploads\/2023\/01\/La-CFE-CGC-appelle-a-la-greve-et-a-la-mobilisation.png 1179w, https:\/\/blog.cgcpresse.fr\/wp-content\/uploads\/2023\/01\/La-CFE-CGC-appelle-a-la-greve-et-a-la-mobilisation-300x170.png 300w, https:\/\/blog.cgcpresse.fr\/wp-content\/uploads\/2023\/01\/La-CFE-CGC-appelle-a-la-greve-et-a-la-mobilisation-1024x580.png 1024w, https:\/\/blog.cgcpresse.fr\/wp-content\/uploads\/2023\/01\/La-CFE-CGC-appelle-a-la-greve-et-a-la-mobilisation-150x85.png 150w, https:\/\/blog.cgcpresse.fr\/wp-content\/uploads\/2023\/01\/La-CFE-CGC-appelle-a-la-greve-et-a-la-mobilisation-768x435.png 768w\" sizes=\"auto, (max-width: 394px) 100vw, 394px\" \/><\/a><\/span><br \/>\nDans un <\/span><a href=\"https:\/\/blog.cgcpresse.fr\/wp-content\/uploads\/2023\/01\/2022-12-TRACT-Casse-du-siecle-decembre-2022.jpg\" target=\"_blank\" rel=\"noopener\">tract<\/a><span style=\"color: #1b499b;\">, la CFE-CGC rappelle son opposition totale \u00e0 tout d\u00e9calage de l\u2019\u00e2ge de d\u00e9part \u00e0 la retraite. Elle d\u00e9nonce un projet gouvernemental sans fondement et conteste les arguments du gouvernement.<\/span><\/h5>\n<h5><span style=\"color: #1b499b;\"><span style=\"color: #5cb670;\">R\u00e9forme des retraites : la CFE-CGC appelle \u00e0 manifester<\/span><br \/>\nL\u2019ensemble des organisations syndicales (CFDT, CGT, FO, CFE-CGC, CFTC, Unsa, Solidaires, FSU) et des organisations de jeunesse (Fage, l&rsquo;Unef, VL, FIDL et MNL) contestent unanimement le projet de r\u00e9forme des retraites. Elles lancent <a href=\"https:\/\/blog.cgcpresse.fr\/wp-content\/uploads\/2023\/01\/2023-01-10-Appel-a-la-mobilisation-le-19-01-2023-Communique-intersyndical.pdf\" target=\"_blank\" rel=\"noopener\">un appel pour une mobilisation unitaire avec gr\u00e8ves et manifestations le 19 janvier 2023&nbsp;<\/a>sur tout le territoire.<\/span><\/h5>\n<h5><span style=\"color: #00b8f0;\">Retraites :&nbsp;non \u00e0 cette r\u00e9forme injuste et brutale !<\/span><br \/>\n<span style=\"color: #1b499b;\">Les organisations syndicales lancent une p\u00e9tition contre le projet gouvernemental et&nbsp;le report de l\u2019\u00e2ge de la retraite \u00e0 64 ans&nbsp;avec un allongement acc\u00e9l\u00e9r\u00e9 de la dur\u00e9e de cotisation.<\/span><br \/>\n<span style=\"color: #1b499b;\">Pour soutenir la mobilisation intersyndicale et s\u2019opposer \u00e0 cette r\u00e9forme :<\/span> \u00ab <a href=\"https:\/\/www.change.org\/p\/retraites-non-%C3%A0-cette-r%C3%A9forme-injuste-et-brutale\"><strong>je signe la p\u00e9tition<\/strong><\/a> <span style=\"color: #1b499b;\">\u00bb<\/span><\/h5>\n<h5><span style=\"color: #5cb670;\">Documents juridiques sur la gr\u00e8ve<\/span><br \/>\n&#8211;&nbsp;<a href=\"https:\/\/blog.cgcpresse.fr\/wp-content\/uploads\/2023\/01\/2023-01-Info-juridique-appel-a-la-greve-nationale-interprofessionnelle-du-19-janvier-2023.pdf\" target=\"_blank\" rel=\"noopener\">Appel \u00e0&nbsp;la gr\u00e8ve nationale interprofessionnelle &#8211; 19 janvier 2023<\/a><br \/>\n&#8211;&nbsp;<a href=\"https:\/\/blog.cgcpresse.fr\/wp-content\/uploads\/2023\/01\/2023-01-Info-juridique-lexercice-du-droit-de-greve.pdf\" target=\"_blank\" rel=\"noopener\">L\u2019exercice du droit de gr\u00e8ve<\/a><\/h5>\n<h5>&#8211;&nbsp;<a href=\"http:\/\/rmc.bfmtv.com\/replay-emissions\/apolline-matin\/hommeril-il-faut-bien-que-quelqu-un-paye-sinon-pourquoi-le-gouvernement-ferait-la-reforme_VN-202301110192.html\">Interview de Fran\u00e7ois Hommeril, Pr\u00e9sident de la CFE-CGC&nbsp;sur RMC<\/a><br \/>\n&#8211;<span style=\"color: #1b499b;\"> Visuels :<\/span> <a href=\"https:\/\/blog.cgcpresse.fr\/wp-content\/uploads\/2023\/01\/La-CFE-CGC-appelle-a-la-greve-et-a-la-mobilisation.png\" target=\"_blank\" rel=\"noopener\">appel \u00e0 la manifestation et \u00e0 la gr\u00e8ve en France<\/a>&nbsp; +&nbsp; <a href=\"https:\/\/blog.cgcpresse.fr\/wp-content\/uploads\/2023\/01\/La-CFE-CGC-appelle-a-la-greve-et-a-la-mobilisation-PARIS.png\" target=\"_blank\" rel=\"noopener\">\u00e0 Paris<\/a><a href=\"https:\/\/blog.cgcpresse.fr\/wp-content\/uploads\/2023\/01\/2022-12-TRACT-Casse-du-siecle-decembre-2022.jpg\" target=\"_blank\" rel=\"noopener\"><img loading=\"lazy\" decoding=\"async\" class=\"aligncenter wp-image-4550 size-full\" src=\"https:\/\/blog.cgcpresse.fr\/wp-content\/uploads\/2023\/01\/2022-12-TRACT-Casse-du-siecle-decembre-2022.jpg\" alt=\"\" width=\"595\" height=\"842\" srcset=\"https:\/\/blog.cgcpresse.fr\/wp-content\/uploads\/2023\/01\/2022-12-TRACT-Casse-du-siecle-decembre-2022.jpg 595w, https:\/\/blog.cgcpresse.fr\/wp-content\/uploads\/2023\/01\/2022-12-TRACT-Casse-du-siecle-decembre-2022-212x300.jpg 212w, https:\/\/blog.cgcpresse.fr\/wp-content\/uploads\/2023\/01\/2022-12-TRACT-Casse-du-siecle-decembre-2022-106x150.jpg 106w\" sizes=\"auto, (max-width: 595px) 100vw, 595px\" \/><\/a><a href=\"https:\/\/blog.cgcpresse.fr\/wp-content\/uploads\/2023\/01\/Citation-8.jpg\"><img loading=\"lazy\" decoding=\"async\" class=\"aligncenter size-full wp-image-4587\" src=\"https:\/\/blog.cgcpresse.fr\/wp-content\/uploads\/2023\/01\/Citation-8.jpg\" alt=\"\" width=\"1200\" height=\"628\" srcset=\"https:\/\/blog.cgcpresse.fr\/wp-content\/uploads\/2023\/01\/Citation-8.jpg 1200w, https:\/\/blog.cgcpresse.fr\/wp-content\/uploads\/2023\/01\/Citation-8-300x157.jpg 300w, https:\/\/blog.cgcpresse.fr\/wp-content\/uploads\/2023\/01\/Citation-8-1024x536.jpg 1024w, https:\/\/blog.cgcpresse.fr\/wp-content\/uploads\/2023\/01\/Citation-8-150x79.jpg 150w, https:\/\/blog.cgcpresse.fr\/wp-content\/uploads\/2023\/01\/Citation-8-768x402.jpg 768w\" sizes=\"auto, (max-width: 1200px) 100vw, 1200px\" \/><\/a><\/h5>\n<h5><\/h5>\n<h5><\/h5>\n<h5><\/h5>\n<h5><\/h5>\n<h5 style=\"text-align: center;\"><\/h5>\n<h5><\/h5>\n<h5 style=\"padding-left: 120px;\"><\/h5>\n","protected":false},"excerpt":{"rendered":"<p>\u2022\u2022\u2022\u2022\u2022\u2022\u2022\u2022\u2022\u2022\u2022\u2022\u2022\u2022\u2022\u2022\u2022\u2022\u2022 La CFE-CGC, avec l&rsquo;intersyndicale, appelle tous les salari\u00e9s \u00e0 se mobiliser contre la #R\u00e9formeDesRetraites le 19 janvier 2023 Alors que le projet de texte de la r\u00e9forme des retraites a \u00e9t\u00e9&nbsp;pr\u00e9sent\u00e9 par le gouvernement le mardi 10 janvier, la &hellip; <a href=\"https:\/\/blog.cgcpresse.fr\/?page_id=2174\">Continue reading <span class=\"meta-nav\">&rarr;<\/span><\/a><\/p>\n","protected":false},"author":1,"featured_media":0,"parent":0,"menu_order":0,"comment_status":"closed","ping_status":"closed","template":"","meta":{"footnotes":""},"class_list":["post-2174","page","type-page","status-publish","hentry"],"_links":{"self":[{"href":"https:\/\/blog.cgcpresse.fr\/index.php?rest_route=\/wp\/v2\/pages\/2174","targetHints":{"allow":["GET"]}}],"collection":[{"href":"https:\/\/blog.cgcpresse.fr\/index.php?rest_route=\/wp\/v2\/pages"}],"about":[{"href":"https:\/\/blog.cgcpresse.fr\/index.php?rest_route=\/wp\/v2\/types\/page"}],"author":[{"embeddable":true,"href":"https:\/\/blog.cgcpresse.fr\/index.php?rest_route=\/wp\/v2\/users\/1"}],"replies":[{"embeddable":true,"href":"https:\/\/blog.cgcpresse.fr\/index.php?rest_route=%2Fwp%2Fv2%2Fcomments&post=2174"}],"version-history":[{"count":44,"href":"https:\/\/blog.cgcpresse.fr\/index.php?rest_route=\/wp\/v2\/pages\/2174\/revisions"}],"predecessor-version":[{"id":4988,"href":"https:\/\/blog.cgcpresse.fr\/index.php?rest_route=\/wp\/v2\/pages\/2174\/revisions\/4988"}],"wp:attachment":[{"href":"https:\/\/blog.cgcpresse.fr\/index.php?rest_route=%2Fwp%2Fv2%2Fmedia&parent=2174"}],"curies":[{"name":"wp","href":"https:\/\/api.w.org\/{rel}","templated":true}]}}