{"id":2144,"date":"2014-12-10T09:26:34","date_gmt":"2014-12-10T08:26:34","guid":{"rendered":"http:\/\/cgcpresse.info\/wordpress\/?page_id=2144"},"modified":"2022-10-16T00:26:10","modified_gmt":"2022-10-15T23:26:10","slug":"nous-contacter","status":"publish","type":"page","link":"https:\/\/blog.cgcpresse.fr\/?page_id=2144","title":{"rendered":"Nous contacter"},"content":{"rendered":"<h5><img loading=\"lazy\" decoding=\"async\" class=\"alignnone wp-image-3885\" src=\"https:\/\/blog.cgcpresse.fr\/wp-content\/uploads\/2022\/06\/Logo-CFE-CGC-2016-transparent.png\" alt=\"\" width=\"124\" height=\"130\" srcset=\"https:\/\/blog.cgcpresse.fr\/wp-content\/uploads\/2022\/06\/Logo-CFE-CGC-2016-transparent.png 199w, https:\/\/blog.cgcpresse.fr\/wp-content\/uploads\/2022\/06\/Logo-CFE-CGC-2016-transparent-144x150.png 144w\" sizes=\"auto, (max-width: 124px) 100vw, 124px\" \/><\/h5>\n<h5 style=\"padding-left: 60px;\"><span style=\"color: #ec519b;\">\u2022\u2022\u2022\u2022\u2022\u2022\u2022\u2022\u2022\u2022\u2022\u2022\u2022\u2022\u2022\u2022\u2022\u2022\u2022 <\/span><span style=\"color: #213a8f;\"><span style=\"color: #ec519b;\">Pas de D\u00e9l\u00e9gu\u00e9 Syndical CGC PRESSE<\/span> dans votre entreprise ?<\/span><br \/>\n<span style=\"color: #213a8f;\">Contactez-nous<br \/>\n\u00e0 <\/span><span style=\"color: #213a8f;\"><a style=\"color: #213a8f;\" href=\"spep@cgcpresse.fr\"><span style=\"color: #5fb682;\">spep@cgcpresse.fr<\/span><\/a><br \/>\nau 06 86 86 94 90<br \/>\nou \u00e0 CGC PRESSE, c\/o UD\u00a0 CFE-CGC 06, Immeuble le Phare, 455 Promenade des Anglais, 06200 NICE.<\/span><\/h5>\n<h5 style=\"padding-left: 60px;\"><span style=\"color: #ff0000;\"><span style=\"color: #ec519b;\">\u2022\u2022\u2022\u2022\u2022\u2022\u2022\u2022\u2022\u2022\u2022\u2022\u2022\u2022\u2022\u2022\u2022\u2022\u2022<\/span> <\/span><span style=\"color: #213a8f;\"><span style=\"color: #ec519b;\">Un D\u00e9l\u00e9gu\u00e9 Syndical CGC PRESSE<\/span> a \u00e9t\u00e9 d\u00e9sign\u00e9 dans votre entreprise ?<\/span><br \/>\n<span style=\"color: #213a8f;\">Adressez-vous \u00e0 lui : il est \u00e0 l\u2019\u00e9coute de vos pr\u00e9occupations. V\u00e9ritable acteur social, il est le repr\u00e9sentant officiel du syndicat national : il joue le double r\u00f4le \u201cd\u2019\u00e9metteur\u201d des attentes des adh\u00e9rents vers le syndicat et de \u201cr\u00e9cepteur\u201d des orientations nationales pour les r\u00e9percuter en fonction des particularismes et des sensibilit\u00e9s de l\u2019entreprise. N\u2019h\u00e9sitez pas \u00e0 le solliciter.<\/span><\/h5>\n<h5 style=\"padding-left: 60px;\"><span style=\"color: #213a8f;\"> Ambassadeur mandat\u00e9 du syndicat aupr\u00e8s de l\u2019employeur, il lui appartient de n\u00e9gocier et signer des accords qui am\u00e9lioreront votre statut de personnel d\u2019encadrement.<\/span><\/h5>\n<p style=\"text-align: center;\"><a href=\"https:\/\/blog.cgcpresse.fr\/wp-content\/uploads\/2022\/10\/BIENVENUE-A\u0300-LA-CGC-PRESSE.png\"><img loading=\"lazy\" decoding=\"async\" class=\"aligncenter size-medium wp-image-4332\" src=\"https:\/\/blog.cgcpresse.fr\/wp-content\/uploads\/2022\/10\/BIENVENUE-A\u0300-LA-CGC-PRESSE-263x300.png\" alt=\"\" width=\"263\" height=\"300\" srcset=\"https:\/\/blog.cgcpresse.fr\/wp-content\/uploads\/2022\/10\/BIENVENUE-A\u0300-LA-CGC-PRESSE-263x300.png 263w, https:\/\/blog.cgcpresse.fr\/wp-content\/uploads\/2022\/10\/BIENVENUE-A\u0300-LA-CGC-PRESSE-131x150.png 131w, https:\/\/blog.cgcpresse.fr\/wp-content\/uploads\/2022\/10\/BIENVENUE-A\u0300-LA-CGC-PRESSE.png 312w\" sizes=\"auto, (max-width: 263px) 100vw, 263px\" \/><\/a><\/p>\n","protected":false},"excerpt":{"rendered":"<p>\u2022\u2022\u2022\u2022\u2022\u2022\u2022\u2022\u2022\u2022\u2022\u2022\u2022\u2022\u2022\u2022\u2022\u2022\u2022 Pas de D\u00e9l\u00e9gu\u00e9 Syndical CGC PRESSE dans votre entreprise ? Contactez-nous \u00e0 spep@cgcpresse.fr au 06 86 86 94 90 ou \u00e0 CGC PRESSE, c\/o UD\u00a0 CFE-CGC 06, Immeuble le Phare, 455 Promenade des Anglais, 06200 NICE. \u2022\u2022\u2022\u2022\u2022\u2022\u2022\u2022\u2022\u2022\u2022\u2022\u2022\u2022\u2022\u2022\u2022\u2022\u2022 Un D\u00e9l\u00e9gu\u00e9 &hellip; <a href=\"https:\/\/blog.cgcpresse.fr\/?page_id=2144\">Continue reading <span class=\"meta-nav\">&rarr;<\/span><\/a><\/p>\n","protected":false},"author":1,"featured_media":0,"parent":0,"menu_order":0,"comment_status":"closed","ping_status":"closed","template":"","meta":{"footnotes":""},"class_list":["post-2144","page","type-page","status-publish","hentry"],"_links":{"self":[{"href":"https:\/\/blog.cgcpresse.fr\/index.php?rest_route=\/wp\/v2\/pages\/2144","targetHints":{"allow":["GET"]}}],"collection":[{"href":"https:\/\/blog.cgcpresse.fr\/index.php?rest_route=\/wp\/v2\/pages"}],"about":[{"href":"https:\/\/blog.cgcpresse.fr\/index.php?rest_route=\/wp\/v2\/types\/page"}],"author":[{"embeddable":true,"href":"https:\/\/blog.cgcpresse.fr\/index.php?rest_route=\/wp\/v2\/users\/1"}],"replies":[{"embeddable":true,"href":"https:\/\/blog.cgcpresse.fr\/index.php?rest_route=%2Fwp%2Fv2%2Fcomments&post=2144"}],"version-history":[{"count":7,"href":"https:\/\/blog.cgcpresse.fr\/index.php?rest_route=\/wp\/v2\/pages\/2144\/revisions"}],"predecessor-version":[{"id":4333,"href":"https:\/\/blog.cgcpresse.fr\/index.php?rest_route=\/wp\/v2\/pages\/2144\/revisions\/4333"}],"wp:attachment":[{"href":"https:\/\/blog.cgcpresse.fr\/index.php?rest_route=%2Fwp%2Fv2%2Fmedia&parent=2144"}],"curies":[{"name":"wp","href":"https:\/\/api.w.org\/{rel}","templated":true}]}}