{"id":2137,"date":"2014-12-10T09:18:03","date_gmt":"2014-12-10T08:18:03","guid":{"rendered":"http:\/\/cgcpresse.info\/wordpress\/?page_id=2137"},"modified":"2025-01-28T19:57:15","modified_gmt":"2025-01-28T18:57:15","slug":"adherer","status":"publish","type":"page","link":"https:\/\/blog.cgcpresse.fr\/?page_id=2137","title":{"rendered":"Adh\u00e9rer"},"content":{"rendered":"<h5><img loading=\"lazy\" decoding=\"async\" class=\"alignnone wp-image-3885\" src=\"https:\/\/blog.cgcpresse.fr\/wp-content\/uploads\/2022\/06\/Logo-CFE-CGC-2016-transparent.png\" alt=\"\" width=\"124\" height=\"130\" srcset=\"https:\/\/blog.cgcpresse.fr\/wp-content\/uploads\/2022\/06\/Logo-CFE-CGC-2016-transparent.png 199w, https:\/\/blog.cgcpresse.fr\/wp-content\/uploads\/2022\/06\/Logo-CFE-CGC-2016-transparent-144x150.png 144w\" sizes=\"auto, (max-width: 124px) 100vw, 124px\" \/><\/h5>\n<h5 style=\"padding-left: 60px;\"><span style=\"color: #ec519b;\">\u2022\u2022\u2022\u2022\u2022\u2022\u2022\u2022\u2022\u2022\u2022\u2022\u2022\u2022\u2022\u2022\u2022\u2022\u2022\u00a0<strong> BULLETIN D&rsquo;ADH\u00c9SION<\/strong><\/span><br \/><a href=\"https:\/\/blog.cgcpresse.fr\/wp-content\/uploads\/2025\/01\/Bulletin-adhesion-CGC-PRESSE-2025-RGPD.pdf\" target=\"_blank\" rel=\"noopener\"><span style=\"color: #456aad;\"><span style=\"color: #5fb682;\">Bulletin 2025<\/span><\/span><\/a><span style=\"color: #213a8f;\"> \u00e0 compl\u00e9ter et \u00e0 nous renvoyer accompagn\u00e9 du formulaire de pr\u00e9l\u00e8vement automatique SEPA ci-dessous <\/span><span style=\"color: #213a8f;\">ou de votre r\u00e8glement par <span style=\"color: #5fb682;\"><a style=\"color: #5fb682;\" href=\"https:\/\/blog.cgcpresse.fr\/wp-content\/uploads\/2025\/01\/IBAN-CGC-PRESSE.pdf\" target=\"_blank\" rel=\"noopener\">virement<\/a><\/span>.<br \/><\/span><\/h5>\n<h5 style=\"padding-left: 60px;\"><span style=\"color: #ec519b;\">\u2022\u2022\u2022\u2022\u2022\u2022\u2022\u2022\u2022\u2022\u2022\u2022\u2022\u2022\u2022\u2022\u2022\u2022\u2022\u00a0 PR\u00c9L\u00c8VEMENT AUTOMATIQUE\u00a0<\/span><br \/><a href=\"https:\/\/blog.cgcpresse.fr\/wp-content\/uploads\/2025\/01\/PA-SEPA-2025.pdf\" target=\"_blank\" rel=\"noopener\"><span style=\"color: #456aad;\"><span style=\"color: #5fb682;\">Formulaire SEPA 2025<\/span><\/span><\/a><span style=\"color: #213a8f;\"> \u00e0 compl\u00e9ter et \u00e0 nous retourner<\/span><\/h5>\n<h5 style=\"padding-left: 60px;\"><span style=\"color: #ff0000;\"><span style=\"color: #ec519b;\">\u2022\u2022\u2022\u2022\u2022\u2022\u2022\u2022\u2022\u2022\u2022\u2022\u2022\u2022\u2022\u2022\u2022\u2022\u2022\u00a0 BAR\u00c8ME DES COTISATIONS<\/span><br \/><\/span><a href=\"https:\/\/blog.cgcpresse.fr\/wp-content\/uploads\/2025\/01\/Baremes-2025-pour-blog.pdf\" target=\"_blank\" rel=\"noopener\"><span style=\"color: #5fb682;\">Bare\u0300me pour adh\u00e9sions 2025<\/span><\/a><br \/><span style=\"color: #213a8f;\">Sur pr\u00e9sentation du re\u00e7u fiscal qui vous sera adress\u00e9, <\/span><span style=\"color: #ec519b;\">66 %<\/span>\u00a0<span style=\"color: #213a8f;\">des sommes vers\u00e9es donneront lieu \u00e0 un <\/span><span style=\"color: #ff0000;\"><span style=\"color: #ec519b;\">cr\u00e9dit d&rsquo;imp\u00f4t.<\/span><\/span><\/h5>\n<p style=\"text-align: center;\"><a href=\"https:\/\/blog.cgcpresse.fr\/wp-content\/uploads\/2022\/10\/Adhe\u0301rents_0.jpg\"><img loading=\"lazy\" decoding=\"async\" class=\"aligncenter size-full wp-image-4324\" src=\"https:\/\/blog.cgcpresse.fr\/wp-content\/uploads\/2022\/10\/Adhe\u0301rents_0.jpg\" alt=\"\" width=\"250\" height=\"250\" srcset=\"https:\/\/blog.cgcpresse.fr\/wp-content\/uploads\/2022\/10\/Adhe\u0301rents_0.jpg 250w, https:\/\/blog.cgcpresse.fr\/wp-content\/uploads\/2022\/10\/Adhe\u0301rents_0-150x150.jpg 150w\" sizes=\"auto, (max-width: 250px) 100vw, 250px\" \/><\/a><\/p>\n\n\n<div class=\"wp-block-group\"><div class=\"wp-block-group__inner-container is-layout-flow wp-block-group-is-layout-flow\"><\/div><\/div>\n\n\n\n<p><\/p>\n","protected":false},"excerpt":{"rendered":"<p>\u2022\u2022\u2022\u2022\u2022\u2022\u2022\u2022\u2022\u2022\u2022\u2022\u2022\u2022\u2022\u2022\u2022\u2022\u2022\u00a0 BULLETIN D&rsquo;ADH\u00c9SIONBulletin 2025 \u00e0 compl\u00e9ter et \u00e0 nous renvoyer accompagn\u00e9 du formulaire de pr\u00e9l\u00e8vement automatique SEPA ci-dessous ou de votre r\u00e8glement par virement. \u2022\u2022\u2022\u2022\u2022\u2022\u2022\u2022\u2022\u2022\u2022\u2022\u2022\u2022\u2022\u2022\u2022\u2022\u2022\u00a0 PR\u00c9L\u00c8VEMENT AUTOMATIQUE\u00a0Formulaire SEPA 2025 \u00e0 compl\u00e9ter et \u00e0 nous retourner \u2022\u2022\u2022\u2022\u2022\u2022\u2022\u2022\u2022\u2022\u2022\u2022\u2022\u2022\u2022\u2022\u2022\u2022\u2022\u00a0 BAR\u00c8ME DES COTISATIONSBare\u0300me pour &hellip; <a href=\"https:\/\/blog.cgcpresse.fr\/?page_id=2137\">Continue reading <span class=\"meta-nav\">&rarr;<\/span><\/a><\/p>\n","protected":false},"author":1,"featured_media":0,"parent":0,"menu_order":0,"comment_status":"closed","ping_status":"closed","template":"","meta":{"footnotes":""},"class_list":["post-2137","page","type-page","status-publish","hentry"],"_links":{"self":[{"href":"https:\/\/blog.cgcpresse.fr\/index.php?rest_route=\/wp\/v2\/pages\/2137","targetHints":{"allow":["GET"]}}],"collection":[{"href":"https:\/\/blog.cgcpresse.fr\/index.php?rest_route=\/wp\/v2\/pages"}],"about":[{"href":"https:\/\/blog.cgcpresse.fr\/index.php?rest_route=\/wp\/v2\/types\/page"}],"author":[{"embeddable":true,"href":"https:\/\/blog.cgcpresse.fr\/index.php?rest_route=\/wp\/v2\/users\/1"}],"replies":[{"embeddable":true,"href":"https:\/\/blog.cgcpresse.fr\/index.php?rest_route=%2Fwp%2Fv2%2Fcomments&post=2137"}],"version-history":[{"count":45,"href":"https:\/\/blog.cgcpresse.fr\/index.php?rest_route=\/wp\/v2\/pages\/2137\/revisions"}],"predecessor-version":[{"id":5136,"href":"https:\/\/blog.cgcpresse.fr\/index.php?rest_route=\/wp\/v2\/pages\/2137\/revisions\/5136"}],"wp:attachment":[{"href":"https:\/\/blog.cgcpresse.fr\/index.php?rest_route=%2Fwp%2Fv2%2Fmedia&parent=2137"}],"curies":[{"name":"wp","href":"https:\/\/api.w.org\/{rel}","templated":true}]}}