{"id":2116,"date":"2014-11-28T17:28:27","date_gmt":"2014-11-28T16:28:27","guid":{"rendered":"http:\/\/cgcpresse.info\/wordpress\/?page_id=2116"},"modified":"2022-10-15T20:02:37","modified_gmt":"2022-10-15T19:02:37","slug":"bienvenue-sur-le-blog-de-la-cgc-presse","status":"publish","type":"page","link":"https:\/\/blog.cgcpresse.fr\/","title":{"rendered":"Qui sommes-nous ?"},"content":{"rendered":"<h5><img loading=\"lazy\" decoding=\"async\" class=\"alignnone wp-image-3885\" src=\"https:\/\/blog.cgcpresse.fr\/wp-content\/uploads\/2022\/06\/Logo-CFE-CGC-2016-transparent.png\" alt=\"\" width=\"124\" height=\"130\" srcset=\"https:\/\/blog.cgcpresse.fr\/wp-content\/uploads\/2022\/06\/Logo-CFE-CGC-2016-transparent.png 199w, https:\/\/blog.cgcpresse.fr\/wp-content\/uploads\/2022\/06\/Logo-CFE-CGC-2016-transparent-144x150.png 144w\" sizes=\"auto, (max-width: 124px) 100vw, 124px\" \/><\/h5>\n<h5><span style=\"color: #ec519b;\">\u2022\u2022\u2022\u2022\u2022\u2022\u2022\u2022\u2022\u2022\u2022\u2022\u2022\u2022\u2022\u2022\u2022\u2022\u2022\u00a0\u00a0<\/span><span style=\"color: #456aad;\"><span style=\"color: #ec519b;\"> La CGC PRESSE<\/span><span style=\"color: #1b499b;\"><span style=\"color: #ec519b;\">,<\/span> un syndicat reconnu pour sa comp\u00e9tence et sa force de proposition.<\/span><\/span><\/h5>\n<h5 style=\"padding-left: 200px;\"><strong><a href=\"https:\/\/blog.cgcpresse.fr\/?page_id=2201\" target=\"_blank\" rel=\"noopener\"><span style=\"color: #456aad;\"><span style=\"color: #5cb670;\">Plus sur la CGC PRESSE<\/span><\/span><\/a><\/strong><\/h5>\n<h5 style=\"padding-left: 200px;\"><span style=\"color: #456aad;\"><strong><a style=\"color: #456aad;\" href=\"https:\/\/blog.cgcpresse.fr\/?page_id=2201\" target=\"_blank\" rel=\"noopener\"><span style=\"color: #5cb670;\">Notre ACTION<\/span><\/a><\/strong><\/span><\/h5>\n<h5 style=\"padding-left: 200px;\"><span style=\"color: #456aad;\"><strong><a style=\"color: #456aad;\" href=\"https:\/\/blog.cgcpresse.fr\/?page_id=2137\" target=\"_blank\" rel=\"noopener\"><span style=\"color: #5cb670;\">ADH\u00c9RER<\/span><\/a><\/strong><\/span><\/h5>\n<h5 style=\"padding-left: 200px;\"><span style=\"color: #456aad;\"><strong><a style=\"color: #456aad;\" href=\"https:\/\/blog.cgcpresse.fr\/?page_id=2144\" target=\"_blank\" rel=\"noopener\"><span style=\"color: #5cb670;\">Nous CONTACTER<\/span><\/a><\/strong><\/span><\/h5>\n<h5 style=\"padding-left: 200px;\"><span style=\"color: #456aad;\"><strong><a style=\"color: #456aad;\" href=\"https:\/\/blog.cgcpresse.fr\/?page_id=2207\" target=\"_blank\" rel=\"noopener\"><span style=\"color: #5cb670;\">CFE-CGC, le syndicat au service de l&rsquo;ENCADREMENT<\/span><\/a><\/strong><\/span><\/h5>\n<h5 style=\"padding-left: 200px;\"><span style=\"color: #456aad;\"><strong><a style=\"color: #456aad;\" href=\"https:\/\/blog.cgcpresse.fr\/?page_id=3215\" target=\"_blank\" rel=\"noopener\"><span style=\"color: #5cb670;\">REPR\u00c9SENTATIVIT\u00c9 syndicale<\/span><\/a><\/strong><\/span><\/h5>\n<p><img loading=\"lazy\" decoding=\"async\" class=\"size-large wp-image-4192 alignright\" src=\"https:\/\/blog.cgcpresse.fr\/wp-content\/uploads\/2022\/10\/Affiche_Election-e1665860140248-724x1024.png\" alt=\"Votez CFE-CGC\" width=\"640\" height=\"905\" srcset=\"https:\/\/blog.cgcpresse.fr\/wp-content\/uploads\/2022\/10\/Affiche_Election-e1665860140248-724x1024.png 724w, https:\/\/blog.cgcpresse.fr\/wp-content\/uploads\/2022\/10\/Affiche_Election-e1665860140248-212x300.png 212w, https:\/\/blog.cgcpresse.fr\/wp-content\/uploads\/2022\/10\/Affiche_Election-e1665860140248-106x150.png 106w, https:\/\/blog.cgcpresse.fr\/wp-content\/uploads\/2022\/10\/Affiche_Election-e1665860140248-768x1086.png 768w, https:\/\/blog.cgcpresse.fr\/wp-content\/uploads\/2022\/10\/Affiche_Election-e1665860140248-1086x1536.png 1086w, https:\/\/blog.cgcpresse.fr\/wp-content\/uploads\/2022\/10\/Affiche_Election-e1665860140248-1448x2048.png 1448w\" sizes=\"auto, (max-width: 640px) 100vw, 640px\" \/><\/p>\n<p style=\"padding-left: 210px;\"><span style=\"color: #ff0000;\">\u00a0<\/span><\/p>\n","protected":false},"excerpt":{"rendered":"<p>\u2022\u2022\u2022\u2022\u2022\u2022\u2022\u2022\u2022\u2022\u2022\u2022\u2022\u2022\u2022\u2022\u2022\u2022\u2022\u00a0\u00a0 La CGC PRESSE, un syndicat reconnu pour sa comp\u00e9tence et sa force de proposition. Plus sur la CGC PRESSE Notre ACTION ADH\u00c9RER Nous CONTACTER CFE-CGC, le syndicat au service de l&rsquo;ENCADREMENT REPR\u00c9SENTATIVIT\u00c9 syndicale \u00a0<\/p>\n","protected":false},"author":1,"featured_media":0,"parent":0,"menu_order":0,"comment_status":"closed","ping_status":"closed","template":"","meta":{"footnotes":""},"class_list":["post-2116","page","type-page","status-publish","hentry"],"_links":{"self":[{"href":"https:\/\/blog.cgcpresse.fr\/index.php?rest_route=\/wp\/v2\/pages\/2116","targetHints":{"allow":["GET"]}}],"collection":[{"href":"https:\/\/blog.cgcpresse.fr\/index.php?rest_route=\/wp\/v2\/pages"}],"about":[{"href":"https:\/\/blog.cgcpresse.fr\/index.php?rest_route=\/wp\/v2\/types\/page"}],"author":[{"embeddable":true,"href":"https:\/\/blog.cgcpresse.fr\/index.php?rest_route=\/wp\/v2\/users\/1"}],"replies":[{"embeddable":true,"href":"https:\/\/blog.cgcpresse.fr\/index.php?rest_route=%2Fwp%2Fv2%2Fcomments&post=2116"}],"version-history":[{"count":30,"href":"https:\/\/blog.cgcpresse.fr\/index.php?rest_route=\/wp\/v2\/pages\/2116\/revisions"}],"predecessor-version":[{"id":4205,"href":"https:\/\/blog.cgcpresse.fr\/index.php?rest_route=\/wp\/v2\/pages\/2116\/revisions\/4205"}],"wp:attachment":[{"href":"https:\/\/blog.cgcpresse.fr\/index.php?rest_route=%2Fwp%2Fv2%2Fmedia&parent=2116"}],"curies":[{"name":"wp","href":"https:\/\/api.w.org\/{rel}","templated":true}]}}